{"id":730044,"date":"2025-08-27T21:07:41","date_gmt":"2025-08-27T18:07:41","guid":{"rendered":"https:\/\/roveyayinevi.com.tr\/index.php\/urun\/kafkasya-zafer-ihanet-ve-huzun-1918-1919\/"},"modified":"2026-04-16T02:37:39","modified_gmt":"2026-04-15T23:37:39","slug":"kafkasya-zafer-ihanet-ve-huzun-1918-1919","status":"publish","type":"product","link":"https:\/\/roveyayinevi.com.tr\/index.php\/urun\/kafkasya-zafer-ihanet-ve-huzun-1918-1919\/","title":{"rendered":"Kafkasya Zafer, \u0130hanet Ve H\u00fcz\u00fcn 1918-1919"},"content":{"rendered":"<p>Yazar\u0131m\u0131z Atilla G\u00fcler, Balkan Sava\u015f\u0131 ve Kop Da\u011f\u0131 Harek\u00e2t\u0131\u2019n\u0131 ele alan ve k\u0131sa s\u00fcrede bir \u00e7ok bask\u0131 yapan eserlerinden sonra yeni kitab\u0131nda; Kafkasya b\u00f6lgesinin tarihi ve stratejik \u00f6nemine dikkat \u00e7ekiyor, Kafkasya\u2019da ya\u015fanan geli\u015fmeleri Berlin Konferans\u0131 ile birlikte ele almaya ba\u015flayarak Kafkas \u0130slam Kolordusu\u2019nun Kafkasya harekat\u0131n\u0131 krokiler, belgeler ve resimlerle okuyucuya sunuyor. Kitapta neler var? Kafkasya B\u00f6lgesinin tarihi ve stratejik \u00f6nemi, Berlin Konferans\u0131 ve Kafkasya\u2019da ya\u015fanan geli\u015fmeler, Birinci D\u00fcnya Sava\u015f\u0131 ve sonras\u0131nda Kafkasya, Bol\u015fevik \u0130htilali ve sonras\u0131nda Kafkasya, Kafkas \u0130slam Kolordusu\u2019nun kurulu\u015fu ve nedeni, Kafkas \u0130slam Kolordusu\u2019nun muharebeleri, Kuzey Kafkas Cumhuriyeti\u2019nin \u0130lan edilmesi ve ya\u015fanan geli\u015fmeler\u2026 Al\u0131nan dersler Ve daha bir\u00e7ok konu\u2026   \u0130yi Okumalar\u2026<\/p>\n","protected":false},"excerpt":{"rendered":"<p>Yazar\u0131m\u0131z Atilla G\u00fcler, Balkan Sava\u015f\u0131 ve Kop Da\u011f\u0131 Harek\u00e2t\u0131\u2019n\u0131 ele alan ve k\u0131sa s\u00fcrede bir \u00e7ok bask\u0131 yapan eserlerinden sonra yeni kitab\u0131nda; Kafkasya b\u00f6lgesinin tarihi ve<span class=\"excerpt-hellip\"> [\u2026]<\/span><\/p>\n","protected":false},"featured_media":0,"template":"","meta":{"_monsterinsights_skip_tracking":false,"_monsterinsights_sitenote_active":false,"_monsterinsights_sitenote_note":"","_monsterinsights_sitenote_category":0},"product_brand":[],"product_cat":[12370,12304],"product_tag":[],"class_list":{"0":"post-730044","1":"product","2":"type-product","3":"status-publish","5":"product_cat-arastirma-inceleme","6":"product_cat-tarih","7":"pa_cilt-ciltsiz","8":"pa_tur-kitap","9":"pa_yayinevi-galeati-yayincilik","10":"pa_yazar-atilla-guler","12":"first","13":"instock","14":"sale","15":"shipping-taxable","16":"purchasable","17":"product-type-simple"},"_links":{"self":[{"href":"https:\/\/roveyayinevi.com.tr\/index.php\/wp-json\/wp\/v2\/product\/730044","targetHints":{"allow":["GET"]}}],"collection":[{"href":"https:\/\/roveyayinevi.com.tr\/index.php\/wp-json\/wp\/v2\/product"}],"about":[{"href":"https:\/\/roveyayinevi.com.tr\/index.php\/wp-json\/wp\/v2\/types\/product"}],"wp:attachment":[{"href":"https:\/\/roveyayinevi.com.tr\/index.php\/wp-json\/wp\/v2\/media?parent=730044"}],"wp:term":[{"taxonomy":"product_brand","embeddable":true,"href":"https:\/\/roveyayinevi.com.tr\/index.php\/wp-json\/wp\/v2\/product_brand?post=730044"},{"taxonomy":"product_cat","embeddable":true,"href":"https:\/\/roveyayinevi.com.tr\/index.php\/wp-json\/wp\/v2\/product_cat?post=730044"},{"taxonomy":"product_tag","embeddable":true,"href":"https:\/\/roveyayinevi.com.tr\/index.php\/wp-json\/wp\/v2\/product_tag?post=730044"}],"curies":[{"name":"wp","href":"https:\/\/api.w.org\/{rel}","templated":true}]}}