{"id":730040,"date":"2025-08-27T21:07:37","date_gmt":"2025-08-27T18:07:37","guid":{"rendered":"https:\/\/roveyayinevi.com.tr\/index.php\/urun\/sivrisineklere-karsi-uzumlu-kek-cetesi-3\/"},"modified":"2026-04-14T02:47:33","modified_gmt":"2026-04-13T23:47:33","slug":"sivrisineklere-karsi-uzumlu-kek-cetesi-3","status":"publish","type":"product","link":"https:\/\/roveyayinevi.com.tr\/index.php\/urun\/sivrisineklere-karsi-uzumlu-kek-cetesi-3\/","title":{"rendered":"Sivrisineklere Kar\u015f\u0131 &#8211; \u00dcz\u00fcml\u00fc Kek \u00c7etesi 3"},"content":{"rendered":"<p>\u00dczu\u0308mlu\u0308 Kek \u00c7etesi bir iyilik \u00e7etesidir ve \u00e7ete u\u0308yeleri iyilik yapmak isterken ba\u015flar\u0131na tu\u0308rlu\u0308 tu\u0308rlu\u0308 maceralar gelir.\u00dcz\u00fcml\u00fc Kek \u00c7etesi\u2019nin ba\u015f\u0131 bu defa sivrisineklerle dertte! S\u0131n\u0131flardan eksik olmayan sinek sesleri, okulun duvarlar\u0131na \u0130smail\u2019in kay\u0131p ilanlar\u0131n\u0131n as\u0131lmas\u0131 ve ya\u015fanan ba\u015fka gariplikler \u00e7ete \u00fcyelerinin \u00e7\u00f6zmek zorunda oldu\u011fu bir soruna i\u015faret ediyor.Ba\u015flar\u0131na ne gelirse gelsin \u00dcz\u00fcml\u00fc Kek \u00c7etesi bu i\u015fi iyilikle \u00e7\u00f6zmeye kararl\u0131.<\/p>\n","protected":false},"excerpt":{"rendered":"<p>\u00dczu\u0308mlu\u0308 Kek \u00c7etesi bir iyilik \u00e7etesidir ve \u00e7ete u\u0308yeleri iyilik yapmak isterken ba\u015flar\u0131na tu\u0308rlu\u0308 tu\u0308rlu\u0308 maceralar gelir.\u00dcz\u00fcml\u00fc Kek \u00c7etesi\u2019nin ba\u015f\u0131 bu defa sivrisineklerle dertte! S\u0131n\u0131flardan eksik<span class=\"excerpt-hellip\"> [\u2026]<\/span><\/p>\n","protected":false},"featured_media":0,"template":"","meta":{"_monsterinsights_skip_tracking":false,"_monsterinsights_sitenote_active":false,"_monsterinsights_sitenote_note":"","_monsterinsights_sitenote_category":0},"product_brand":[],"product_cat":[12275,12274],"product_tag":[],"class_list":{"0":"post-730040","1":"product","2":"type-product","3":"status-publish","5":"product_cat-6-12-yas-kitaplari","6":"product_cat-cocuk-ve-genclik-kitaplari","7":"pa_cilt-ciltsiz","8":"pa_tur-kitap","9":"pa_yayinevi-erdem-cocuk","10":"pa_yazar-elif-ozsoyman","12":"first","13":"instock","14":"sale","15":"shipping-taxable","16":"purchasable","17":"product-type-simple"},"_links":{"self":[{"href":"https:\/\/roveyayinevi.com.tr\/index.php\/wp-json\/wp\/v2\/product\/730040","targetHints":{"allow":["GET"]}}],"collection":[{"href":"https:\/\/roveyayinevi.com.tr\/index.php\/wp-json\/wp\/v2\/product"}],"about":[{"href":"https:\/\/roveyayinevi.com.tr\/index.php\/wp-json\/wp\/v2\/types\/product"}],"wp:attachment":[{"href":"https:\/\/roveyayinevi.com.tr\/index.php\/wp-json\/wp\/v2\/media?parent=730040"}],"wp:term":[{"taxonomy":"product_brand","embeddable":true,"href":"https:\/\/roveyayinevi.com.tr\/index.php\/wp-json\/wp\/v2\/product_brand?post=730040"},{"taxonomy":"product_cat","embeddable":true,"href":"https:\/\/roveyayinevi.com.tr\/index.php\/wp-json\/wp\/v2\/product_cat?post=730040"},{"taxonomy":"product_tag","embeddable":true,"href":"https:\/\/roveyayinevi.com.tr\/index.php\/wp-json\/wp\/v2\/product_tag?post=730040"}],"curies":[{"name":"wp","href":"https:\/\/api.w.org\/{rel}","templated":true}]}}