{"id":730038,"date":"2025-08-27T21:07:35","date_gmt":"2025-08-27T18:07:35","guid":{"rendered":"https:\/\/roveyayinevi.com.tr\/index.php\/urun\/hirsiz-mi-kahraman-mi-uzumlu-kek-cetesi-4\/"},"modified":"2026-04-16T02:37:39","modified_gmt":"2026-04-15T23:37:39","slug":"hirsiz-mi-kahraman-mi-uzumlu-kek-cetesi-4","status":"publish","type":"product","link":"https:\/\/roveyayinevi.com.tr\/index.php\/urun\/hirsiz-mi-kahraman-mi-uzumlu-kek-cetesi-4\/","title":{"rendered":"H\u0131rs\u0131z m\u0131 Kahraman m\u0131? &#8211; \u00dcz\u00fcml\u00fc Kek \u00c7etesi 4"},"content":{"rendered":"<p>\u00dczu\u0308mlu\u0308 Kek \u00c7etesi bir iyilik \u00e7etesidir ve \u00e7ete u\u0308yeleri iyilik yapmak isterken ba\u015flar\u0131na tu\u0308rlu\u0308 tu\u0308rlu\u0308 maceralar gelir.\u0130lgin\u00e7 olaylar \u00dcz\u00fcml\u00fc Keklerin pe\u015fini b\u0131rakm\u0131yor. Bu defa herkesin bir e\u015fyas\u0131 kayboluyor ve bu i\u015fte kimin parma\u011f\u0131 oldu\u011fu bir t\u00fcrl\u00fc bulunam\u0131yor. Bir yandan da \u0130smail Robin Hood\u2019a merak sal\u0131yor ve h\u0131rs\u0131z\u0131n belki de bir kahraman olabilece\u011fini savunuyor. Tabii ba\u015f\u0131 yine dertten kurtulmuyor. \u00dcz\u00fcml\u00fc Kek \u00c7etesinin yeni maceralar\u0131 bir kez daha iyilikle her \u015feyin \u00fcstesinden gelinebilece\u011fini g\u00f6steriyor.<\/p>\n","protected":false},"excerpt":{"rendered":"<p>\u00dczu\u0308mlu\u0308 Kek \u00c7etesi bir iyilik \u00e7etesidir ve \u00e7ete u\u0308yeleri iyilik yapmak isterken ba\u015flar\u0131na tu\u0308rlu\u0308 tu\u0308rlu\u0308 maceralar gelir.\u0130lgin\u00e7 olaylar \u00dcz\u00fcml\u00fc Keklerin pe\u015fini b\u0131rakm\u0131yor. Bu defa herkesin bir<span class=\"excerpt-hellip\"> [\u2026]<\/span><\/p>\n","protected":false},"featured_media":0,"template":"","meta":{"_monsterinsights_skip_tracking":false,"_monsterinsights_sitenote_active":false,"_monsterinsights_sitenote_note":"","_monsterinsights_sitenote_category":0},"product_brand":[],"product_cat":[12275,12274],"product_tag":[],"class_list":{"0":"post-730038","1":"product","2":"type-product","3":"status-publish","5":"product_cat-6-12-yas-kitaplari","6":"product_cat-cocuk-ve-genclik-kitaplari","7":"pa_cilt-ciltsiz","8":"pa_tur-kitap","9":"pa_yayinevi-erdem-cocuk","10":"pa_yazar-elif-ozsoyman","12":"first","13":"instock","14":"sale","15":"shipping-taxable","16":"purchasable","17":"product-type-simple"},"_links":{"self":[{"href":"https:\/\/roveyayinevi.com.tr\/index.php\/wp-json\/wp\/v2\/product\/730038","targetHints":{"allow":["GET"]}}],"collection":[{"href":"https:\/\/roveyayinevi.com.tr\/index.php\/wp-json\/wp\/v2\/product"}],"about":[{"href":"https:\/\/roveyayinevi.com.tr\/index.php\/wp-json\/wp\/v2\/types\/product"}],"wp:attachment":[{"href":"https:\/\/roveyayinevi.com.tr\/index.php\/wp-json\/wp\/v2\/media?parent=730038"}],"wp:term":[{"taxonomy":"product_brand","embeddable":true,"href":"https:\/\/roveyayinevi.com.tr\/index.php\/wp-json\/wp\/v2\/product_brand?post=730038"},{"taxonomy":"product_cat","embeddable":true,"href":"https:\/\/roveyayinevi.com.tr\/index.php\/wp-json\/wp\/v2\/product_cat?post=730038"},{"taxonomy":"product_tag","embeddable":true,"href":"https:\/\/roveyayinevi.com.tr\/index.php\/wp-json\/wp\/v2\/product_tag?post=730038"}],"curies":[{"name":"wp","href":"https:\/\/api.w.org\/{rel}","templated":true}]}}