{"id":730037,"date":"2025-08-27T21:07:34","date_gmt":"2025-08-27T18:07:34","guid":{"rendered":"https:\/\/roveyayinevi.com.tr\/index.php\/urun\/maturidi-kayip-aydinlanmanin-izinde\/"},"modified":"2026-04-16T02:37:39","modified_gmt":"2026-04-15T23:37:39","slug":"maturidi-kayip-aydinlanmanin-izinde","status":"publish","type":"product","link":"https:\/\/roveyayinevi.com.tr\/index.php\/urun\/maturidi-kayip-aydinlanmanin-izinde\/","title":{"rendered":"Mat\u00fcridi: Kay\u0131p Ayd\u0131nlanman\u0131n \u0130zinde"},"content":{"rendered":"<p>\u0130slam medeniyeti, Orta Asya\u2019da, T\u00fcrk ve \u0130ran; Ma\u011frib\u2019de ise Berberi k\u00fclt\u00fcrle kar\u015f\u0131la\u015farak en ciddi n\u00fcvelerini \u00fcretti. Bu kar\u015f\u0131la\u015fma, her co\u011frafyan\u0131n kendi karakterini yans\u0131tan d\u00fc\u015f\u00fcnme bi\u00e7imlerini ortaya \u00e7\u0131kard\u0131.Semerkand, Buhara, Ta\u015fkent gibi k\u00fclt\u00fcr merkezlerini i\u00e7inde bar\u0131nd\u0131ran Mavera\u00fcnnehir b\u00f6lgesindeki d\u00fc\u015f\u00fcnce hareketlili\u011fi ve ilmi tedrisin yo\u011funlu\u011fu da kendi gelene\u011fini olu\u015fturdu. Bilginin sistematik bir formda yeniden in\u015fa edildi\u011fi bu d\u00f6nemin en \u00f6nemli isimlerinden biri, kendinden sonraki \u00e2limlerin \u2018akl\u0131 kar\u0131\u015f\u0131klara rehber\u2019 olarak tan\u0131mlad\u0131klar\u0131 \u0130mam Mat\u00fcridi\u2019dir.Elinizdeki eser, M\u00fcsl\u00fcman toplumlar\u0131n salt hamasetle de\u011fil bilgiye dayanan ayd\u0131nlanman\u0131n verdi\u011fi g\u00fc\u00e7le \u00e7a\u011fa tan\u0131kl\u0131klar\u0131n\u0131 talep etmektedir.<\/p>\n","protected":false},"excerpt":{"rendered":"<p>\u0130slam medeniyeti, Orta Asya\u2019da, T\u00fcrk ve \u0130ran; Ma\u011frib\u2019de ise Berberi k\u00fclt\u00fcrle kar\u015f\u0131la\u015farak en ciddi n\u00fcvelerini \u00fcretti. Bu kar\u015f\u0131la\u015fma, her co\u011frafyan\u0131n kendi karakterini yans\u0131tan d\u00fc\u015f\u00fcnme bi\u00e7imlerini ortaya<span class=\"excerpt-hellip\"> [\u2026]<\/span><\/p>\n","protected":false},"featured_media":0,"template":"","meta":{"_monsterinsights_skip_tracking":false,"_monsterinsights_sitenote_active":false,"_monsterinsights_sitenote_note":"","_monsterinsights_sitenote_category":0},"product_brand":[],"product_cat":[12718,12858],"product_tag":[],"class_list":{"0":"post-730037","1":"product","2":"type-product","3":"status-publish","5":"product_cat-din","6":"product_cat-mitolojiler","7":"pa_cilt-ciltsiz","8":"pa_tur-kitap","9":"pa_yayinevi-otto-yayinlari","10":"pa_yazar-saban-ali-duzgun","12":"first","13":"instock","14":"sale","15":"shipping-taxable","16":"purchasable","17":"product-type-simple"},"_links":{"self":[{"href":"https:\/\/roveyayinevi.com.tr\/index.php\/wp-json\/wp\/v2\/product\/730037","targetHints":{"allow":["GET"]}}],"collection":[{"href":"https:\/\/roveyayinevi.com.tr\/index.php\/wp-json\/wp\/v2\/product"}],"about":[{"href":"https:\/\/roveyayinevi.com.tr\/index.php\/wp-json\/wp\/v2\/types\/product"}],"wp:attachment":[{"href":"https:\/\/roveyayinevi.com.tr\/index.php\/wp-json\/wp\/v2\/media?parent=730037"}],"wp:term":[{"taxonomy":"product_brand","embeddable":true,"href":"https:\/\/roveyayinevi.com.tr\/index.php\/wp-json\/wp\/v2\/product_brand?post=730037"},{"taxonomy":"product_cat","embeddable":true,"href":"https:\/\/roveyayinevi.com.tr\/index.php\/wp-json\/wp\/v2\/product_cat?post=730037"},{"taxonomy":"product_tag","embeddable":true,"href":"https:\/\/roveyayinevi.com.tr\/index.php\/wp-json\/wp\/v2\/product_tag?post=730037"}],"curies":[{"name":"wp","href":"https:\/\/api.w.org\/{rel}","templated":true}]}}