{"id":730033,"date":"2025-08-27T21:07:31","date_gmt":"2025-08-27T18:07:31","guid":{"rendered":"https:\/\/roveyayinevi.com.tr\/index.php\/urun\/iyi-gunler-eczanesi\/"},"modified":"2026-04-16T02:37:39","modified_gmt":"2026-04-15T23:37:39","slug":"iyi-gunler-eczanesi","status":"publish","type":"product","link":"https:\/\/roveyayinevi.com.tr\/index.php\/urun\/iyi-gunler-eczanesi\/","title":{"rendered":"\u0130yi G\u00fcnler Eczanesi"},"content":{"rendered":"<p>Mizahi \u00fcslubuyla tan\u0131nan Hacer K\u0131lc\u0131og\u0306lu, ba\u015fka \u00e7evrelerde ve bamba\u015fka k\u00fclt\u00fcrlerde b\u00fcy\u00fcyen, i\u00e7i i\u00e7ine s\u0131g\u0306maz \u00e7ocuklar\u0131 bir araya getiriyor. Renkli karakterlerle ne\u015feli bir aileyi, ikinci bahar\u0131 yakalayanlar\u0131 ve bir kediyle kargay\u0131 bulu\u015fturuyor. Okurlar\u0131n\u0131, i\u00e7ten duygular\u0131n payla\u015f\u0131ld\u0131g\u0306\u0131, \u0130zmir\u2019in \u00e7okrenkli semtlerinden birine davet ediyor. Bir eczanenin ve mahallenin \u00f6zelinde, ya\u015fam\u0131n i\u00e7inde kesi\u015fen yeni yollar\u0131n ve arkada\u015fl\u0131klar\u0131n hayata katt\u0131g\u0306\u0131 anlam\u0131 y\u00fcceltiyor. Vefan\u0131n, payla\u015fman\u0131n ve samimiyetin deg\u0306erini duyumsatan roman, her ya\u015ftan okura keyifli bir okuma deneyimi sunuyor. Hazal\u2019\u0131n annesinin, mahallenin bulu\u015fma noktas\u0131 olan \u0130yi G\u00fcnler Eczanesi\u2019yle, babas\u0131n\u0131n i\u015fletti\u011fi ayn\u0131 adl\u0131 kafe yan yanad\u0131r. Kafedeki do\u011fum g\u00fcn\u00fc partisinde Hazal, eski sevdal\u0131lar Ne\u015fe Teyze\u2019siyle eczanenin emektar kalfas\u0131 Faik Amca\u2019n\u0131n evlenmesinin hayalini kurar. O gece, evlendirme memuru teyzesiyle birlikte \u015fehrin uzak bir semtindeki Roman d\u00fc\u011f\u00fcn\u00fcne gittiklerinde, kendini \u00e7ok renkli, dost canl\u0131s\u0131 insanlar\u0131n aras\u0131nda bulur. Hi\u00e7 tan\u0131mad\u0131\u011f\u0131 k\u00fclt\u00fcrden yeni arkada\u015flar edinir: Bayram ve Tilbe. \u00dcstelik, Faik Amca da d\u00fc\u011f\u00fcndedir\u2026<\/p>\n","protected":false},"excerpt":{"rendered":"<p>Mizahi \u00fcslubuyla tan\u0131nan Hacer K\u0131lc\u0131og\u0306lu, ba\u015fka \u00e7evrelerde ve bamba\u015fka k\u00fclt\u00fcrlerde b\u00fcy\u00fcyen, i\u00e7i i\u00e7ine s\u0131g\u0306maz \u00e7ocuklar\u0131 bir araya getiriyor. Renkli karakterlerle ne\u015feli bir aileyi, ikinci bahar\u0131 yakalayanlar\u0131<span class=\"excerpt-hellip\"> [\u2026]<\/span><\/p>\n","protected":false},"featured_media":0,"template":"","meta":{"_monsterinsights_skip_tracking":false,"_monsterinsights_sitenote_active":false,"_monsterinsights_sitenote_note":"","_monsterinsights_sitenote_category":0},"product_brand":[],"product_cat":[12275,12274],"product_tag":[],"class_list":{"0":"post-730033","1":"product","2":"type-product","3":"status-publish","5":"product_cat-6-12-yas-kitaplari","6":"product_cat-cocuk-ve-genclik-kitaplari","7":"pa_cilt-ciltsiz","8":"pa_tur-kitap","9":"pa_yayinevi-gunisigi-kitapligi","10":"pa_yazar-hacer-kilcioglu","12":"first","13":"instock","14":"sale","15":"shipping-taxable","16":"purchasable","17":"product-type-simple"},"_links":{"self":[{"href":"https:\/\/roveyayinevi.com.tr\/index.php\/wp-json\/wp\/v2\/product\/730033","targetHints":{"allow":["GET"]}}],"collection":[{"href":"https:\/\/roveyayinevi.com.tr\/index.php\/wp-json\/wp\/v2\/product"}],"about":[{"href":"https:\/\/roveyayinevi.com.tr\/index.php\/wp-json\/wp\/v2\/types\/product"}],"wp:attachment":[{"href":"https:\/\/roveyayinevi.com.tr\/index.php\/wp-json\/wp\/v2\/media?parent=730033"}],"wp:term":[{"taxonomy":"product_brand","embeddable":true,"href":"https:\/\/roveyayinevi.com.tr\/index.php\/wp-json\/wp\/v2\/product_brand?post=730033"},{"taxonomy":"product_cat","embeddable":true,"href":"https:\/\/roveyayinevi.com.tr\/index.php\/wp-json\/wp\/v2\/product_cat?post=730033"},{"taxonomy":"product_tag","embeddable":true,"href":"https:\/\/roveyayinevi.com.tr\/index.php\/wp-json\/wp\/v2\/product_tag?post=730033"}],"curies":[{"name":"wp","href":"https:\/\/api.w.org\/{rel}","templated":true}]}}