{"id":730032,"date":"2025-08-27T21:07:30","date_gmt":"2025-08-27T18:07:30","guid":{"rendered":"https:\/\/roveyayinevi.com.tr\/index.php\/urun\/william-james-kimdir\/"},"modified":"2026-04-16T02:37:39","modified_gmt":"2026-04-15T23:37:39","slug":"william-james-kimdir","status":"publish","type":"product","link":"https:\/\/roveyayinevi.com.tr\/index.php\/urun\/william-james-kimdir\/","title":{"rendered":"William James Kimdir?"},"content":{"rendered":"<p>Bu kitap, Amerikal\u0131 filozof William James\u2019in hayat\u0131 ve d\u00fc\u015f\u00fcncesine giri\u015f niteli\u011findedir. James \u015f\u00fcphesiz \u00e7a\u011fda\u015f d\u00fc\u015f\u00fcn hayat\u0131m\u0131z\u0131n en \u00f6nemli ve en renkli isimlerinden biridir. Etkisi \u00f6yle derin olmu\u015ftur ki, psikolojiden felsefeye, epistemolojiden teolojiye; duygu \u00e7al\u0131\u015fmalar\u0131ndan zihin felsefesine dek \u00e7\u0131\u011f\u0131r a\u00e7an yap\u0131tlar\u0131 \u00e7a\u011fda\u015f d\u00fc\u015f\u00fcnceye y\u00f6n vermi\u015ftir. Bu kitap t\u00fcm bu etkilerin izini s\u00fcrmektedir. Temel kavramlar\u0131 \u00fczerinden James\u2019in miras\u0131n\u0131n sistematik bir envanterini okura sunmaktad\u0131r. James\u2019in bilgi anlay\u0131\u015f\u0131, bilin\u00e7 ak\u0131\u015f\u0131n\u0131n anlam\u0131, din\u00ee deneyim kavram\u0131n\u0131n James psikolojisindeki yeri bunlardan birka\u00e7\u0131d\u0131r. Bu de\u011ferli \u00e7al\u0131\u015fmay\u0131 Frans\u0131z filozof Emile Boutroux\u2019un kaleminden okurlar\u0131m\u0131za sunuyoruz. <\/p>\n","protected":false},"excerpt":{"rendered":"<p>Bu kitap, Amerikal\u0131 filozof William James\u2019in hayat\u0131 ve d\u00fc\u015f\u00fcncesine giri\u015f niteli\u011findedir. James \u015f\u00fcphesiz \u00e7a\u011fda\u015f d\u00fc\u015f\u00fcn hayat\u0131m\u0131z\u0131n en \u00f6nemli ve en renkli isimlerinden biridir. Etkisi \u00f6yle derin<span class=\"excerpt-hellip\"> [\u2026]<\/span><\/p>\n","protected":false},"featured_media":0,"template":"","meta":{"_monsterinsights_skip_tracking":false,"_monsterinsights_sitenote_active":false,"_monsterinsights_sitenote_note":"","_monsterinsights_sitenote_category":0},"product_brand":[],"product_cat":[12389,12388],"product_tag":[],"class_list":{"0":"post-730032","1":"product","2":"type-product","3":"status-publish","5":"product_cat-diger-felsefe","6":"product_cat-felsefe","7":"pa_cilt-ciltsiz","8":"pa_tur-kitap","9":"pa_yayinevi-fol-kitap","10":"pa_yazar-emile-boutroux","12":"first","13":"instock","14":"sale","15":"shipping-taxable","16":"purchasable","17":"product-type-simple"},"_links":{"self":[{"href":"https:\/\/roveyayinevi.com.tr\/index.php\/wp-json\/wp\/v2\/product\/730032","targetHints":{"allow":["GET"]}}],"collection":[{"href":"https:\/\/roveyayinevi.com.tr\/index.php\/wp-json\/wp\/v2\/product"}],"about":[{"href":"https:\/\/roveyayinevi.com.tr\/index.php\/wp-json\/wp\/v2\/types\/product"}],"wp:attachment":[{"href":"https:\/\/roveyayinevi.com.tr\/index.php\/wp-json\/wp\/v2\/media?parent=730032"}],"wp:term":[{"taxonomy":"product_brand","embeddable":true,"href":"https:\/\/roveyayinevi.com.tr\/index.php\/wp-json\/wp\/v2\/product_brand?post=730032"},{"taxonomy":"product_cat","embeddable":true,"href":"https:\/\/roveyayinevi.com.tr\/index.php\/wp-json\/wp\/v2\/product_cat?post=730032"},{"taxonomy":"product_tag","embeddable":true,"href":"https:\/\/roveyayinevi.com.tr\/index.php\/wp-json\/wp\/v2\/product_tag?post=730032"}],"curies":[{"name":"wp","href":"https:\/\/api.w.org\/{rel}","templated":true}]}}