{"id":730031,"date":"2025-08-27T21:07:29","date_gmt":"2025-08-27T18:07:29","guid":{"rendered":"https:\/\/roveyayinevi.com.tr\/index.php\/urun\/tanriyi-beklerken\/"},"modified":"2026-04-16T02:37:39","modified_gmt":"2026-04-15T23:37:39","slug":"tanriyi-beklerken","status":"publish","type":"product","link":"https:\/\/roveyayinevi.com.tr\/index.php\/urun\/tanriyi-beklerken\/","title":{"rendered":"Tanr\u0131\u2019y\u0131 Beklerken"},"content":{"rendered":"<p>Bu kitap, Frans\u0131z filozof ve toplumbilimci Simone Weil\u2019in en \u00f6nemli eserlerinden biridir. Weil\u2019in Tanr\u0131 sevgisi \u00fczerine kaleme alm\u0131\u015f oldu\u011fu denemeler ve mektuplar\u0131ndan olu\u015fmaktad\u0131r. Tanr\u0131\u2019y\u0131 Beklerken ad\u0131 rastgele se\u00e7ilmi\u015f de\u011fildir. Onun bekleyi\u015fi, efendinin d\u00f6n\u00fc\u015f\u00fcn\u00fc bekleyen hizmet\u00e7inin uyan\u0131k durumunu g\u00f6sterir; onun i\u00e7ini kemiren \u2018tamamlanmam\u0131\u015f\u2019 bir karakteri ifade eder. Weil i\u00e7in Tanr\u0131\u2019n\u0131n son derecede u\u00e7suz bucaks\u0131z sevgisi, zaman\u0131n ve mek\u00e2n\u0131n sonsuzlu\u011fu \u00fcst\u00fcnden gelir bulur bizi. Bizim bekleyi\u015fimizden azadedir O\u2019nun geli\u015fi; ama zaman\u0131nda gelir o&#8230; \u0130nsan, iyili\u011fi beklemek ve k\u00f6t\u00fcl\u00fc\u011f\u00fc uzakla\u015ft\u0131rmaktan ba\u015fka \u015fey yapmamal\u0131. Sadece k\u00f6t\u00fcl\u00fck taraf\u0131ndan sars\u0131lmamak i\u00e7in kas g\u00fcc\u00fcn\u00fc kullanmal\u0131d\u0131r. Tanr\u0131\u2019y\u0131 arzu etmek ve geri kalan her \u015feyden vazge\u00e7mek, selamete erdiren budur sadece. <\/p>\n","protected":false},"excerpt":{"rendered":"<p>Bu kitap, Frans\u0131z filozof ve toplumbilimci Simone Weil\u2019in en \u00f6nemli eserlerinden biridir. Weil\u2019in Tanr\u0131 sevgisi \u00fczerine kaleme alm\u0131\u015f oldu\u011fu denemeler ve mektuplar\u0131ndan olu\u015fmaktad\u0131r. Tanr\u0131\u2019y\u0131 Beklerken ad\u0131<span class=\"excerpt-hellip\"> [\u2026]<\/span><\/p>\n","protected":false},"featured_media":0,"template":"","meta":{"_monsterinsights_skip_tracking":false,"_monsterinsights_sitenote_active":false,"_monsterinsights_sitenote_note":"","_monsterinsights_sitenote_category":0},"product_brand":[],"product_cat":[19998,12388],"product_tag":[],"class_list":{"0":"post-730031","1":"product","2":"type-product","3":"status-publish","5":"product_cat-din-felsefesi","6":"product_cat-felsefe","7":"pa_cilt-ciltsiz","8":"pa_tur-kitap","9":"pa_yayinevi-fol-kitap","10":"pa_yazar-simone-weil","12":"first","13":"instock","14":"sale","15":"shipping-taxable","16":"purchasable","17":"product-type-simple"},"_links":{"self":[{"href":"https:\/\/roveyayinevi.com.tr\/index.php\/wp-json\/wp\/v2\/product\/730031","targetHints":{"allow":["GET"]}}],"collection":[{"href":"https:\/\/roveyayinevi.com.tr\/index.php\/wp-json\/wp\/v2\/product"}],"about":[{"href":"https:\/\/roveyayinevi.com.tr\/index.php\/wp-json\/wp\/v2\/types\/product"}],"wp:attachment":[{"href":"https:\/\/roveyayinevi.com.tr\/index.php\/wp-json\/wp\/v2\/media?parent=730031"}],"wp:term":[{"taxonomy":"product_brand","embeddable":true,"href":"https:\/\/roveyayinevi.com.tr\/index.php\/wp-json\/wp\/v2\/product_brand?post=730031"},{"taxonomy":"product_cat","embeddable":true,"href":"https:\/\/roveyayinevi.com.tr\/index.php\/wp-json\/wp\/v2\/product_cat?post=730031"},{"taxonomy":"product_tag","embeddable":true,"href":"https:\/\/roveyayinevi.com.tr\/index.php\/wp-json\/wp\/v2\/product_tag?post=730031"}],"curies":[{"name":"wp","href":"https:\/\/api.w.org\/{rel}","templated":true}]}}