{"id":730029,"date":"2025-08-27T21:06:52","date_gmt":"2025-08-27T18:06:52","guid":{"rendered":"https:\/\/roveyayinevi.com.tr\/index.php\/urun\/ortak-iman\/"},"modified":"2026-04-16T02:37:39","modified_gmt":"2026-04-15T23:37:39","slug":"ortak-iman","status":"publish","type":"product","link":"https:\/\/roveyayinevi.com.tr\/index.php\/urun\/ortak-iman\/","title":{"rendered":"Ortak \u0130man"},"content":{"rendered":"<p>Bu kitap, Amerikan Pragmatizminin \u00f6nc\u00fclerinden John Dewey\u2019in dine ili\u015fkin g\u00f6r\u00fc\u015flerini ortaya koydu\u011fu ba\u015fl\u0131ca eseridir. William James\u2019in Dinsel Deneyimin \u00c7e\u015fitleri, Paul Tillich\u2019in \u0130man\u0131n Dinamikleri ve Martin Buber\u2019in Ben ve Sen\u2019i gibi, modern d\u00fcnyada tinsellik sorusuna y\u00f6nelen 20. y\u00fczy\u0131l\u0131n di\u011fer klasikleriyle ayn\u0131 \u00e7izgidedir. Dinler ile bir deneyim bi\u00e7imi olarak din\u00ee olan aras\u0131ndaki ayr\u0131m nedir? \u0130deal veya m\u00fcmk\u00fcn olan ile reel veya fiil\u00ee olan\u0131n yarat\u0131c\u0131 kesi\u015fimi olarak Tanr\u0131 fikri ne anlama gelir? Yayg\u0131n bir deneyim tarz\u0131 olarak din\u00ee olan\u0131n demokratik ya\u015fama a\u015f\u0131lanmas\u0131 m\u00fcmk\u00fcn m\u00fcd\u00fcr? T\u00fcm bu sorular\u0131n ele al\u0131nd\u0131\u011f\u0131 Dewey\u2019in Ortak \u0130man \u2019\u0131, bilim taraf\u0131ndan d\u00f6n\u00fc\u015ft\u00fcr\u00fclm\u00fc\u015f bir d\u00fcnyada insan deneyiminin din\u00ee boyutunun rol\u00fc sorusuna orijinal bir yan\u0131t veren zengin ve k\u0131\u015fk\u0131rt\u0131c\u0131 bir metindir. <\/p>\n","protected":false},"excerpt":{"rendered":"<p>Bu kitap, Amerikan Pragmatizminin \u00f6nc\u00fclerinden John Dewey\u2019in dine ili\u015fkin g\u00f6r\u00fc\u015flerini ortaya koydu\u011fu ba\u015fl\u0131ca eseridir. William James\u2019in Dinsel Deneyimin \u00c7e\u015fitleri, Paul Tillich\u2019in \u0130man\u0131n Dinamikleri ve Martin Buber\u2019in<span class=\"excerpt-hellip\"> [\u2026]<\/span><\/p>\n","protected":false},"featured_media":0,"template":"","meta":{"_monsterinsights_skip_tracking":false,"_monsterinsights_sitenote_active":false,"_monsterinsights_sitenote_note":"","_monsterinsights_sitenote_category":0},"product_brand":[],"product_cat":[19998,12388],"product_tag":[],"class_list":{"0":"post-730029","1":"product","2":"type-product","3":"status-publish","5":"product_cat-din-felsefesi","6":"product_cat-felsefe","7":"pa_cilt-ciltsiz","8":"pa_tur-kitap","9":"pa_yayinevi-fol-kitap","10":"pa_yazar-john-dewey","12":"first","13":"instock","14":"sale","15":"shipping-taxable","16":"purchasable","17":"product-type-simple"},"_links":{"self":[{"href":"https:\/\/roveyayinevi.com.tr\/index.php\/wp-json\/wp\/v2\/product\/730029","targetHints":{"allow":["GET"]}}],"collection":[{"href":"https:\/\/roveyayinevi.com.tr\/index.php\/wp-json\/wp\/v2\/product"}],"about":[{"href":"https:\/\/roveyayinevi.com.tr\/index.php\/wp-json\/wp\/v2\/types\/product"}],"wp:attachment":[{"href":"https:\/\/roveyayinevi.com.tr\/index.php\/wp-json\/wp\/v2\/media?parent=730029"}],"wp:term":[{"taxonomy":"product_brand","embeddable":true,"href":"https:\/\/roveyayinevi.com.tr\/index.php\/wp-json\/wp\/v2\/product_brand?post=730029"},{"taxonomy":"product_cat","embeddable":true,"href":"https:\/\/roveyayinevi.com.tr\/index.php\/wp-json\/wp\/v2\/product_cat?post=730029"},{"taxonomy":"product_tag","embeddable":true,"href":"https:\/\/roveyayinevi.com.tr\/index.php\/wp-json\/wp\/v2\/product_tag?post=730029"}],"curies":[{"name":"wp","href":"https:\/\/api.w.org\/{rel}","templated":true}]}}