{"id":730028,"date":"2025-08-27T21:06:51","date_gmt":"2025-08-27T18:06:51","guid":{"rendered":"https:\/\/roveyayinevi.com.tr\/index.php\/urun\/iran-mesrutiyet-tarihi\/"},"modified":"2026-04-16T02:37:39","modified_gmt":"2026-04-15T23:37:39","slug":"iran-mesrutiyet-tarihi","status":"publish","type":"product","link":"https:\/\/roveyayinevi.com.tr\/index.php\/urun\/iran-mesrutiyet-tarihi\/","title":{"rendered":"\u0130ran Me\u015frutiyet Tarihi"},"content":{"rendered":"<p>\u00c7a\u011fda\u015f \u0130ran tarihinin ba\u015flang\u0131\u00e7 noktas\u0131 olan Me\u015frutiyet Hareketi&#8217;nin \u00f6yk\u00fcs\u00fc, \u0130ran&#8217;\u0131n istisnai ki\u015fili\u011fe sahip ayd\u0131n\u0131 Ahmed Kesrevi Tebrizi&#8217;nin kaleminden aktar\u0131l\u0131yor.Me\u015frutiyet Hareketi s\u00fcrecinde devrimin amac\u0131 konusun-da ortaya \u00e7\u0131kan iki kar\u015f\u0131t \u00e7izginin, &#8220;Me\u015fr\u00fcta&#8221; ve &#8220;Me\u015fr\u00fca&#8221; m\u00fccadelesinin 20. y\u00fczy\u0131l boyunca \u0130ran&#8217;daki siyasi tart\u0131\u015fmalar\u0131n ve m\u00fccadelenin eksenini olu\u015fturmas\u0131, 1979 Devrimi&#8217;ne ve sonraki geli\u015fmelere y\u00f6n vermesi, kitab\u0131 g\u00fcn\u00fcm\u00fczdeki Iran&#8217;\u0131 anlamak i\u00e7in de \u00f6nemli k\u0131l\u0131yor.Rusya ve \u0130ngiltere&#8217;nin Me\u015frutiyet Hareketi \u00f6ncesinde, s\u0131ras\u0131nda ve sonras\u0131nda \u0130ran \u00fczerindeki \u00e7\u0131kar m\u00fccadelesi, siyasi ak\u0131mlar\u0131n ve siyaset\u00e7ilerin bu m\u00fccadele kar\u015f\u0131s\u0131nda kitapta aktar\u0131lan tutumlar\u0131, ge\u00e7ti\u011fimiz y\u00fczy\u0131lda \u0130ran&#8217;\u0131n ya\u015fad\u0131\u011f\u0131 siyasi de\u011fi\u015fiklikleri anlamam\u0131z\u0131 sa\u011fl\u0131yor, emperyalizme kar\u015f\u0131 m\u00fccadelenin \u0130ran toplumundaki k\u00f6kleri g\u00f6zler \u00f6n\u00fcne seriliyor.Din adamlar\u0131n\u0131n mensup olduklar\u0131 s\u0131n\u0131flar\u0131n \u00f6nderleri olarak \u0130ran toplumunda var olagelen \u00f6zg\u00fcn yerleri, b\u00fcy\u00fck etkileri, siyasi geli\u015fmelerdeki vazge\u00e7ilmez rolleri bu kitapla tarihsel bir \u00e7er\u00e7eveye oturtulmu\u015ftur.\u0130\u00e7erdi\u011fi \u00e7ok say\u0131da belge, birinci elden tan\u0131kl\u0131k ve d\u00f6neme \u00f6zg\u00fc yorumla \u0130ran Me\u015frutiyeti hakk\u0131nda temel kaynak olan kitap, Ahmed Kesrevi Tebrizis&#8217;nin kendine has dili, anlat\u0131m\u0131 ve yorumuyla \u00f6zel bir de\u011fer kazan\u0131yor.Ahmed Kesrevi Tebrizi&#8217;nin \u015eii medrese e\u011fitimini tamamlam\u0131\u015f gen\u00e7 bir imaml\u0131ktan \u015eiilik ele\u015ftirisine uzanan hayat\u0131, d\u00fc\u015f\u00fcnceleri, eserleri ve eylemi kitapta ayr\u0131 bir b\u00f6l\u00fcmde ele al\u0131n\u0131yor.\u0130ran Me\u015frutiyet Tarihi, \u00c7a\u011fda\u015f \u0130ran tarihinin ba\u015flang\u0131c\u0131n\u0131 ve g\u00fcn\u00fcm\u00fczdeki \u0130ran toplumunu anlamak i\u00e7in temel kaynak niteli\u011finde bir eser.<\/p>\n","protected":false},"excerpt":{"rendered":"<p>\u00c7a\u011fda\u015f \u0130ran tarihinin ba\u015flang\u0131\u00e7 noktas\u0131 olan Me\u015frutiyet Hareketi&#8217;nin \u00f6yk\u00fcs\u00fc, \u0130ran&#8217;\u0131n istisnai ki\u015fili\u011fe sahip ayd\u0131n\u0131 Ahmed Kesrevi Tebrizi&#8217;nin kaleminden aktar\u0131l\u0131yor.Me\u015frutiyet Hareketi s\u00fcrecinde devrimin amac\u0131 konusun-da ortaya \u00e7\u0131kan<span class=\"excerpt-hellip\"> [\u2026]<\/span><\/p>\n","protected":false},"featured_media":0,"template":"","meta":{"_monsterinsights_skip_tracking":false,"_monsterinsights_sitenote_active":false,"_monsterinsights_sitenote_note":"","_monsterinsights_sitenote_category":0},"product_brand":[],"product_cat":[12370,12304],"product_tag":[],"class_list":{"0":"post-730028","1":"product","2":"type-product","3":"status-publish","5":"product_cat-arastirma-inceleme","6":"product_cat-tarih","7":"pa_cilt-ciltli","8":"pa_tur-kitap","9":"pa_yayinevi-kaynak-yayinlari","10":"pa_yazar-ahmed-kesrevi-tebrizi","12":"first","13":"instock","14":"sale","15":"shipping-taxable","16":"purchasable","17":"product-type-simple"},"_links":{"self":[{"href":"https:\/\/roveyayinevi.com.tr\/index.php\/wp-json\/wp\/v2\/product\/730028","targetHints":{"allow":["GET"]}}],"collection":[{"href":"https:\/\/roveyayinevi.com.tr\/index.php\/wp-json\/wp\/v2\/product"}],"about":[{"href":"https:\/\/roveyayinevi.com.tr\/index.php\/wp-json\/wp\/v2\/types\/product"}],"wp:attachment":[{"href":"https:\/\/roveyayinevi.com.tr\/index.php\/wp-json\/wp\/v2\/media?parent=730028"}],"wp:term":[{"taxonomy":"product_brand","embeddable":true,"href":"https:\/\/roveyayinevi.com.tr\/index.php\/wp-json\/wp\/v2\/product_brand?post=730028"},{"taxonomy":"product_cat","embeddable":true,"href":"https:\/\/roveyayinevi.com.tr\/index.php\/wp-json\/wp\/v2\/product_cat?post=730028"},{"taxonomy":"product_tag","embeddable":true,"href":"https:\/\/roveyayinevi.com.tr\/index.php\/wp-json\/wp\/v2\/product_tag?post=730028"}],"curies":[{"name":"wp","href":"https:\/\/api.w.org\/{rel}","templated":true}]}}