{"id":730027,"date":"2025-08-27T21:06:50","date_gmt":"2025-08-27T18:06:50","guid":{"rendered":"https:\/\/roveyayinevi.com.tr\/index.php\/urun\/cam-bayrami\/"},"modified":"2026-04-16T02:37:39","modified_gmt":"2026-04-15T23:37:39","slug":"cam-bayrami","status":"publish","type":"product","link":"https:\/\/roveyayinevi.com.tr\/index.php\/urun\/cam-bayrami\/","title":{"rendered":"\u00c7am Bayram\u0131"},"content":{"rendered":"<p>Muazzez \u0130lmiye \u00c7\u0131\u011f, \u00e7ocuklar i\u00e7in haz\u0131rlad\u0131\u011f\u0131 bu kitab\u0131nda \u201cY\u0131lba\u015f\u0131 kutlamalar\u0131n\u0131n\u201d eski T\u00fcrklerden kaynakland\u0131\u011f\u0131n\u0131, asl\u0131n\u0131n \u201c\u00c7am Bayram\u0131\u201d oldu\u011funu ortaya koyuyor ve bu bayram\u0131n \u201cNoel\u201d olarak H\u0131ristiyanl\u0131\u011fa ge\u00e7ti\u011fini anlat\u0131yor.Eski bir T\u00fcrk gelene\u011fi olan Nardugan Bayram\u0131 ile Noel Bayram\u0131 aras\u0131ndaki benzerlikleri s\u0131ralayan \u00c7\u0131\u011f, y\u0131lba\u015f\u0131nda \u00e7am a\u011fac\u0131 s\u00fcsleme gelene\u011finin k\u00f6keninde T\u00fcrklerin \u201cHayat A\u011fac\u0131\u201dn\u0131n bulundu\u011funu belirtiyor. Y\u0131lba\u015f\u0131nda \u00e7ocuklara hediyeler da\u011f\u0131tan Noel Baba\u2019n\u0131n ilk g\u00f6r\u00fcld\u00fc\u011f\u00fc yer de T\u00fcrk mitolojisi.\u201c\u0130\u015fte, eski T\u00fcrkler, G\u00fcne\u015f&#8217;in yeniden do\u011fu\u015funu bu \u00c7am Bayram\u0131 ile kutluyorlarm\u0131\u015f. \u00c7am a\u011fac\u0131n\u0131n alt\u0131na hediyeler koyarak, iyi ge\u00e7irdikleri bir y\u0131l i\u00e7in tanr\u0131ya te\u015fekk\u00fcrlerini sunuyorlar, a\u011fac\u0131n dallar\u0131na da ertesi y\u0131l tanr\u0131dan istekleri i\u00e7in adak bezleri ba\u011fl\u0131yorlarm\u0131\u015f.\u201d<\/p>\n","protected":false},"excerpt":{"rendered":"<p>Muazzez \u0130lmiye \u00c7\u0131\u011f, \u00e7ocuklar i\u00e7in haz\u0131rlad\u0131\u011f\u0131 bu kitab\u0131nda \u201cY\u0131lba\u015f\u0131 kutlamalar\u0131n\u0131n\u201d eski T\u00fcrklerden kaynakland\u0131\u011f\u0131n\u0131, asl\u0131n\u0131n \u201c\u00c7am Bayram\u0131\u201d oldu\u011funu ortaya koyuyor ve bu bayram\u0131n \u201cNoel\u201d olarak H\u0131ristiyanl\u0131\u011fa ge\u00e7ti\u011fini<span class=\"excerpt-hellip\"> [\u2026]<\/span><\/p>\n","protected":false},"featured_media":0,"template":"","meta":{"_monsterinsights_skip_tracking":false,"_monsterinsights_sitenote_active":false,"_monsterinsights_sitenote_note":"","_monsterinsights_sitenote_category":0},"product_brand":[],"product_cat":[12370,12304],"product_tag":[],"class_list":{"0":"post-730027","1":"product","2":"type-product","3":"status-publish","5":"product_cat-arastirma-inceleme","6":"product_cat-tarih","7":"pa_cilt-ciltsiz","8":"pa_tur-kitap","9":"pa_yayinevi-kaynak-yayinlari","10":"pa_yazar-muazzez-ilmiye-cig","12":"first","13":"instock","14":"sale","15":"shipping-taxable","16":"purchasable","17":"product-type-simple"},"_links":{"self":[{"href":"https:\/\/roveyayinevi.com.tr\/index.php\/wp-json\/wp\/v2\/product\/730027","targetHints":{"allow":["GET"]}}],"collection":[{"href":"https:\/\/roveyayinevi.com.tr\/index.php\/wp-json\/wp\/v2\/product"}],"about":[{"href":"https:\/\/roveyayinevi.com.tr\/index.php\/wp-json\/wp\/v2\/types\/product"}],"wp:attachment":[{"href":"https:\/\/roveyayinevi.com.tr\/index.php\/wp-json\/wp\/v2\/media?parent=730027"}],"wp:term":[{"taxonomy":"product_brand","embeddable":true,"href":"https:\/\/roveyayinevi.com.tr\/index.php\/wp-json\/wp\/v2\/product_brand?post=730027"},{"taxonomy":"product_cat","embeddable":true,"href":"https:\/\/roveyayinevi.com.tr\/index.php\/wp-json\/wp\/v2\/product_cat?post=730027"},{"taxonomy":"product_tag","embeddable":true,"href":"https:\/\/roveyayinevi.com.tr\/index.php\/wp-json\/wp\/v2\/product_tag?post=730027"}],"curies":[{"name":"wp","href":"https:\/\/api.w.org\/{rel}","templated":true}]}}