{"id":730025,"date":"2025-08-27T21:06:49","date_gmt":"2025-08-27T18:06:49","guid":{"rendered":"https:\/\/roveyayinevi.com.tr\/index.php\/urun\/kedilerin-gizli-dili\/"},"modified":"2026-04-16T02:37:39","modified_gmt":"2026-04-15T23:37:39","slug":"kedilerin-gizli-dili","status":"publish","type":"product","link":"https:\/\/roveyayinevi.com.tr\/index.php\/urun\/kedilerin-gizli-dili\/","title":{"rendered":"Kedilerin Gizli Dili"},"content":{"rendered":"<p>Kedinizle konu\u015fuyor musunuz? Peki birbirinizi anlad\u0131\u011f\u0131n\u0131z\u0131 hissediyor musunuz? Kimileri kedilerin konu\u015famayaca\u011f\u0131na inansa da kediler konu\u015fur, t\u00fcm kedi dostlar\u0131 bunu bilir. Ancak kediler neyi, nas\u0131l s\u00f6yler? Elinizdeki kitap tam da bu sorunun cevab\u0131n\u0131 ar\u0131yor. Kedi \u00e2\u015f\u0131\u011f\u0131 dilbilimci Susanne Sch\u00f6tz, gizemli dostlar\u0131n\u0131 anlamak i\u00e7in t\u00fcm bilimsel yetkinliklerini kullan\u0131yor. Kedilerin sadece birbiriyle de\u011fil, beraber ya\u015fad\u0131klar\u0131 insanlarla da konu\u015ftuklar\u0131n\u0131 kan\u0131tl\u0131yor. Sch\u00f6tz bize kedilerin \u00e7\u0131kard\u0131\u011f\u0131 sesleri ko\u015fullara ba\u011fl\u0131 olarak nas\u0131l terc\u00fcme etmemiz gerekti\u011fini g\u00f6steriyor ve onlar\u0131 daha iyi anlamam\u0131z\u0131 sa\u011flayacak pratik ipu\u00e7lar\u0131 veriyor. Kendi kedileriyle ya\u015fad\u0131\u011f\u0131 deneyimleri bilimsel bulgularla harmanlayarak uygulamal\u0131 bir rehber ortaya \u00e7\u0131k\u0131yor. B\u00f6ylece kedilerin gizemli d\u00fcnyas\u0131na hi\u00e7 olmad\u0131\u011f\u0131m\u0131z kadar yak\u0131n olmam\u0131z\u0131 sa\u011fl\u0131yor.<\/p>\n","protected":false},"excerpt":{"rendered":"<p>Kedinizle konu\u015fuyor musunuz? Peki birbirinizi anlad\u0131\u011f\u0131n\u0131z\u0131 hissediyor musunuz? Kimileri kedilerin konu\u015famayaca\u011f\u0131na inansa da kediler konu\u015fur, t\u00fcm kedi dostlar\u0131 bunu bilir. Ancak kediler neyi, nas\u0131l s\u00f6yler? Elinizdeki<span class=\"excerpt-hellip\"> [\u2026]<\/span><\/p>\n","protected":false},"featured_media":0,"template":"","meta":{"_monsterinsights_skip_tracking":false,"_monsterinsights_sitenote_active":false,"_monsterinsights_sitenote_note":"","_monsterinsights_sitenote_category":0},"product_brand":[],"product_cat":[13005,13006],"product_tag":[],"class_list":{"0":"post-730025","1":"product","2":"type-product","3":"status-publish","5":"product_cat-bilim-muhendislik","6":"product_cat-populer-bilim","7":"pa_cilt-ciltsiz","8":"pa_tur-kitap","9":"pa_yayinevi-babil-kitap","10":"pa_yazar-susanne-schotz","12":"first","13":"instock","14":"sale","15":"shipping-taxable","16":"purchasable","17":"product-type-simple"},"_links":{"self":[{"href":"https:\/\/roveyayinevi.com.tr\/index.php\/wp-json\/wp\/v2\/product\/730025","targetHints":{"allow":["GET"]}}],"collection":[{"href":"https:\/\/roveyayinevi.com.tr\/index.php\/wp-json\/wp\/v2\/product"}],"about":[{"href":"https:\/\/roveyayinevi.com.tr\/index.php\/wp-json\/wp\/v2\/types\/product"}],"wp:attachment":[{"href":"https:\/\/roveyayinevi.com.tr\/index.php\/wp-json\/wp\/v2\/media?parent=730025"}],"wp:term":[{"taxonomy":"product_brand","embeddable":true,"href":"https:\/\/roveyayinevi.com.tr\/index.php\/wp-json\/wp\/v2\/product_brand?post=730025"},{"taxonomy":"product_cat","embeddable":true,"href":"https:\/\/roveyayinevi.com.tr\/index.php\/wp-json\/wp\/v2\/product_cat?post=730025"},{"taxonomy":"product_tag","embeddable":true,"href":"https:\/\/roveyayinevi.com.tr\/index.php\/wp-json\/wp\/v2\/product_tag?post=730025"}],"curies":[{"name":"wp","href":"https:\/\/api.w.org\/{rel}","templated":true}]}}