{"id":730024,"date":"2025-08-27T21:06:48","date_gmt":"2025-08-27T18:06:48","guid":{"rendered":"https:\/\/roveyayinevi.com.tr\/index.php\/urun\/yasamin-muzigi\/"},"modified":"2026-04-16T02:37:38","modified_gmt":"2026-04-15T23:37:38","slug":"yasamin-muzigi","status":"publish","type":"product","link":"https:\/\/roveyayinevi.com.tr\/index.php\/urun\/yasamin-muzigi\/","title":{"rendered":"Ya\u015fam\u0131n M\u00fczi\u011fi"},"content":{"rendered":"<p>Biyolojinin son y\u00fczy\u0131ldaki geli\u015fimi nefes kesici bir h\u0131zla ilerliyor. Evrimden epigeneti\u011fe uzanan bu g\u00f6z al\u0131c\u0131 geli\u015fim s\u00fcrecine \u00f6nemli katk\u0131lar sa\u011flayan ba\u015far\u0131l\u0131 biyolog Denis Noble \u201cYa\u015fam nedir?\u201d sorusuyla yola koyuluyor. Biyoloji alan\u0131ndaki pop\u00fcler ve yayg\u0131n \u2018genetik program\u2019 yakla\u015f\u0131m\u0131n\u0131 ele\u015ftiriyor, yer yer ters y\u00fcz ediyor ve bize ya\u015fam\u0131n kitab\u0131n\u0131 okumay\u0131 de\u011fil ya\u015fam\u0131n m\u00fczi\u011fini dinlemeyi \u00f6neriyor. Yazar\u0131n anla\u015f\u0131l\u0131r bir dille sundu\u011fu bu bilimsel hik\u00e2yenin en \u00e7arp\u0131c\u0131 y\u00f6n\u00fc ise \u2018sistem biyolojisi\u2019 gibi karma\u015f\u0131k bir olguyu Ya\u015fam\u0131n M\u00fczi\u011fi gibi keyifli bir metafor \u00fczerinden, m\u00fczikle kar\u015f\u0131la\u015ft\u0131rmal\u0131 olarak a\u00e7\u0131klamas\u0131. Noble, ya\u015fam\u0131n \u2018ne\u2019li\u011fini anlamak, moda tabirle b\u00fcy\u00fck resmi g\u00f6rmek i\u00e7in teklif etti\u011fi yakla\u015f\u0131m\u0131 metaforlar, hikayeler, d\u00fc\u015f\u00fcnce deneyleri ve ya\u015fanm\u0131\u015f \u015fahsi tecr\u00fcbelerle zenginle\u015ftirerek \u00f6n\u00fcm\u00fcze seriyor. Ya\u015fam olgusunu, genlerin ve proteinlerin varl\u0131\u011f\u0131na indirgeyen g\u00f6r\u00fc\u015f\u00fcn \u00e7ok \u00f6tesinde, etkile\u015fimler ve \u00f6r\u00fcnt\u00fclerin dinamik a\u011f yap\u0131lar\u0131 \u00fczerinden yorumlayan kitap, olduk\u00e7a g\u00fcncel, katmanl\u0131 bir \u00fcslupla, bu m\u00fczi\u011fe kulak verenler i\u00e7in kay\u0131ts\u0131z kal\u0131namayacak ufuk a\u00e7\u0131c\u0131 bir ser\u00fcven vaat ediyor.<\/p>\n","protected":false},"excerpt":{"rendered":"<p>Biyolojinin son y\u00fczy\u0131ldaki geli\u015fimi nefes kesici bir h\u0131zla ilerliyor. Evrimden epigeneti\u011fe uzanan bu g\u00f6z al\u0131c\u0131 geli\u015fim s\u00fcrecine \u00f6nemli katk\u0131lar sa\u011flayan ba\u015far\u0131l\u0131 biyolog Denis Noble \u201cYa\u015fam nedir?\u201d<span class=\"excerpt-hellip\"> [\u2026]<\/span><\/p>\n","protected":false},"featured_media":0,"template":"","meta":{"_monsterinsights_skip_tracking":false,"_monsterinsights_sitenote_active":false,"_monsterinsights_sitenote_note":"","_monsterinsights_sitenote_category":0},"product_brand":[],"product_cat":[13005,37328],"product_tag":[],"class_list":{"0":"post-730024","1":"product","2":"type-product","3":"status-publish","5":"product_cat-bilim-muhendislik","6":"product_cat-diger-bilim-muhendislik","7":"pa_cilt-ciltsiz","8":"pa_tur-kitap","9":"pa_yayinevi-babil-kitap","10":"pa_yazar-denis-noble","12":"first","13":"instock","14":"sale","15":"shipping-taxable","16":"purchasable","17":"product-type-simple"},"_links":{"self":[{"href":"https:\/\/roveyayinevi.com.tr\/index.php\/wp-json\/wp\/v2\/product\/730024","targetHints":{"allow":["GET"]}}],"collection":[{"href":"https:\/\/roveyayinevi.com.tr\/index.php\/wp-json\/wp\/v2\/product"}],"about":[{"href":"https:\/\/roveyayinevi.com.tr\/index.php\/wp-json\/wp\/v2\/types\/product"}],"wp:attachment":[{"href":"https:\/\/roveyayinevi.com.tr\/index.php\/wp-json\/wp\/v2\/media?parent=730024"}],"wp:term":[{"taxonomy":"product_brand","embeddable":true,"href":"https:\/\/roveyayinevi.com.tr\/index.php\/wp-json\/wp\/v2\/product_brand?post=730024"},{"taxonomy":"product_cat","embeddable":true,"href":"https:\/\/roveyayinevi.com.tr\/index.php\/wp-json\/wp\/v2\/product_cat?post=730024"},{"taxonomy":"product_tag","embeddable":true,"href":"https:\/\/roveyayinevi.com.tr\/index.php\/wp-json\/wp\/v2\/product_tag?post=730024"}],"curies":[{"name":"wp","href":"https:\/\/api.w.org\/{rel}","templated":true}]}}