{"id":730003,"date":"2025-08-27T21:06:31","date_gmt":"2025-08-27T18:06:31","guid":{"rendered":"https:\/\/roveyayinevi.com.tr\/index.php\/urun\/afacanlar-kulubu-merhaba-tesekkurler-hosca-kal\/"},"modified":"2026-04-16T02:37:38","modified_gmt":"2026-04-15T23:37:38","slug":"afacanlar-kulubu-merhaba-tesekkurler-hosca-kal","status":"publish","type":"product","link":"https:\/\/roveyayinevi.com.tr\/index.php\/urun\/afacanlar-kulubu-merhaba-tesekkurler-hosca-kal\/","title":{"rendered":"Afacanlar Kul\u00fcb\u00fc &#8211; Merhaba Te\u015fekk\u00fcrler Ho\u015f\u00e7a Kal"},"content":{"rendered":"<p>D\u00fcnyaca \u00fcnl\u00fc \u00e7ocuk edebiyat\u0131 yazar\u0131 Elisenda Roca\u2019n\u0131n eserleri, 6 kitapl\u0131k seri olarak Afacanlar Kul\u00fcb\u00fc ismiyle \u0130spanyolcadan T\u00fcrk\u00e7e\u2019ye \u00e7evrilerek B\u0131c\u0131r\u0131k \u00c7ocuk arac\u0131l\u0131\u011f\u0131yla okurla bulu\u015fuyor. Renkli ve e\u011flenceli \u00e7izimiyle \u00e7ocuklar\u0131n ilgisini \u00e7eken serinin her kitab\u0131nda ayr\u0131 bir konu ele al\u0131nmakta, de\u011ferler, \u00f6zg\u00fcven, nezaket kurallar\u0131 gibi pek \u00e7ok konuda \u00e7ocuklar\u0131n bilin\u00e7lenmesi ama\u00e7lanmaktad\u0131r. Serinin bu kitab\u0131nda; utanga\u00e7l\u0131klar\u0131 sebebiyle \u00e7evresindekilerle ileti\u015fim sorunu ya\u015fayan Yusuf ve \u00d6yk\u00fc\u2019n\u00fcn maceralar\u0131, \u00e7evresindekilerin tutumu ve bu durumu nas\u0131l a\u015ft\u0131klar\u0131 konusu anlat\u0131l\u0131yor. \u201cMerhaba! Te\u015fekk\u00fcrler! Ho\u015f\u00e7a Kal!\u201d renkli \u00e7izimi ve ilgi \u00e7ekici konusuyla okuma saatlerini e\u011flenceli hale getirme f\u0131rsat\u0131 sunuyor.<\/p>\n","protected":false},"excerpt":{"rendered":"<p>D\u00fcnyaca \u00fcnl\u00fc \u00e7ocuk edebiyat\u0131 yazar\u0131 Elisenda Roca\u2019n\u0131n eserleri, 6 kitapl\u0131k seri olarak Afacanlar Kul\u00fcb\u00fc ismiyle \u0130spanyolcadan T\u00fcrk\u00e7e\u2019ye \u00e7evrilerek B\u0131c\u0131r\u0131k \u00c7ocuk arac\u0131l\u0131\u011f\u0131yla okurla bulu\u015fuyor. Renkli ve e\u011flenceli<span class=\"excerpt-hellip\"> [\u2026]<\/span><\/p>\n","protected":false},"featured_media":0,"template":"","meta":{"_monsterinsights_skip_tracking":false,"_monsterinsights_sitenote_active":false,"_monsterinsights_sitenote_note":"","_monsterinsights_sitenote_category":0},"product_brand":[],"product_cat":[12274,12284],"product_tag":[],"class_list":{"0":"post-730003","1":"product","2":"type-product","3":"status-publish","5":"product_cat-cocuk-ve-genclik-kitaplari","6":"product_cat-hikayeler","7":"pa_cilt-ciltsiz","8":"pa_tur-kitap","9":"pa_yayinevi-bicirik-yayinlari","10":"pa_yazar-elisenda-roca","12":"first","13":"instock","14":"sale","15":"shipping-taxable","16":"purchasable","17":"product-type-simple"},"_links":{"self":[{"href":"https:\/\/roveyayinevi.com.tr\/index.php\/wp-json\/wp\/v2\/product\/730003","targetHints":{"allow":["GET"]}}],"collection":[{"href":"https:\/\/roveyayinevi.com.tr\/index.php\/wp-json\/wp\/v2\/product"}],"about":[{"href":"https:\/\/roveyayinevi.com.tr\/index.php\/wp-json\/wp\/v2\/types\/product"}],"wp:attachment":[{"href":"https:\/\/roveyayinevi.com.tr\/index.php\/wp-json\/wp\/v2\/media?parent=730003"}],"wp:term":[{"taxonomy":"product_brand","embeddable":true,"href":"https:\/\/roveyayinevi.com.tr\/index.php\/wp-json\/wp\/v2\/product_brand?post=730003"},{"taxonomy":"product_cat","embeddable":true,"href":"https:\/\/roveyayinevi.com.tr\/index.php\/wp-json\/wp\/v2\/product_cat?post=730003"},{"taxonomy":"product_tag","embeddable":true,"href":"https:\/\/roveyayinevi.com.tr\/index.php\/wp-json\/wp\/v2\/product_tag?post=730003"}],"curies":[{"name":"wp","href":"https:\/\/api.w.org\/{rel}","templated":true}]}}