{"id":729996,"date":"2025-08-27T21:06:24","date_gmt":"2025-08-27T18:06:24","guid":{"rendered":"https:\/\/roveyayinevi.com.tr\/index.php\/urun\/gunun-sosyolojisine-giris\/"},"modified":"2026-04-16T02:37:38","modified_gmt":"2026-04-15T23:37:38","slug":"gunun-sosyolojisine-giris","status":"publish","type":"product","link":"https:\/\/roveyayinevi.com.tr\/index.php\/urun\/gunun-sosyolojisine-giris\/","title":{"rendered":"G\u00fcn\u00fcn Sosyolojisine Giri\u015f"},"content":{"rendered":"<p>\u0130lk bas\u0131m\u0131 1962\u2019de yap\u0131lan G\u00fcn\u00fcn Sosyolojisine Giri\u015f, T\u00fcrkiye\u2019de sosyolojik birikimi ve miras\u0131 g\u00f6stermesi a\u00e7\u0131s\u0131ndan klasik bir eser say\u0131lmal\u0131d\u0131r. Bu \u00e7al\u0131\u015fma sosyolojinin bug\u00fcn kazand\u0131\u011f\u0131 \u015fekli ve g\u00fcncel geli\u015fmeleri yans\u0131tmaktan \u00f6te, sistematik anlamda modern sosyolojiye nas\u0131l bir ba\u015flang\u0131\u00e7 yap\u0131labilece\u011finin imk\u00e2nlar\u0131n\u0131 aramaktad\u0131r.   Sosyolojinin y\u00f6ntemi, yap\u0131 ve de\u011fi\u015fme olarak topluluk durumlar\u0131 bilimsel a\u00e7\u0131dan i\u015flenmektedir. Kitab\u0131n \u00f6zellikle birinci bas\u0131m\u0131n\u0131n \u00f6ns\u00f6z\u00fc, sosyolojinin do\u011fup geli\u015fmesini ve \u00e7a\u011fda\u015f topluluk kar\u015f\u0131s\u0131ndaki bir bilim olarak g\u00f6revini \u00f6zl\u00fc bir bi\u00e7imde dile getiriyor: Sosyolojinin, insanl\u0131\u011f\u0131n modern toplumsal d\u00fczen \u00e7a\u011f\u0131nda kar\u015f\u0131la\u015ft\u0131\u011f\u0131 \u00e7e\u015fitli g\u00fc\u00e7l\u00fcklerle s\u0131k\u0131 s\u0131k\u0131ya ba\u011fl\u0131 olarak do\u011fmu\u015f ve bu durumuyla orant\u0131l\u0131 bir \u015fekilde geli\u015fmi\u015f bir bilim oldu\u011fu bilinen bir hadisedir. Bir bilim olarak sosyolojinin kurulu\u015f y\u0131llar\u0131nda Saint-Simon ve Auguste Comte gibi isimler taraf\u0131ndan Fransa\u2019da ba\u015flayan toplumsal olaylar\u0131n ba\u011fl\u0131 oldu\u011fu yasalar\u0131 arama giri\u015fimi veya 1848 Devrimi sonras\u0131nda Almanya\u2019da ba\u015flayan Lorenz von Stein, Karl Marx ve W. H. Riehl gibi sistemcilerin yapmak istedikleri de, zaman\u0131n toplumsal zorluklar\u0131n\u0131n sebeplerine n\u00fcfuz etmek ve \u00e7\u00f6z\u00fcm yollar\u0131n\u0131 aramak amac\u0131n\u0131 g\u00fctmektedir. Birbirine z\u0131t iki kaynaktan beslenerek geli\u015fen bu ak\u0131mlar\u0131n g\u00fctt\u00fckleri ama\u00e7 ve hedef bak\u0131m\u0131ndan birle\u015fmekte olmalar\u0131 dikkate de\u011fer bir \u00f6nem ta\u015f\u0131maktad\u0131r. <\/p>\n","protected":false},"excerpt":{"rendered":"<p>\u0130lk bas\u0131m\u0131 1962\u2019de yap\u0131lan G\u00fcn\u00fcn Sosyolojisine Giri\u015f, T\u00fcrkiye\u2019de sosyolojik birikimi ve miras\u0131 g\u00f6stermesi a\u00e7\u0131s\u0131ndan klasik bir eser say\u0131lmal\u0131d\u0131r. Bu \u00e7al\u0131\u015fma sosyolojinin bug\u00fcn kazand\u0131\u011f\u0131 \u015fekli ve g\u00fcncel<span class=\"excerpt-hellip\"> [\u2026]<\/span><\/p>\n","protected":false},"featured_media":0,"template":"","meta":{"_monsterinsights_skip_tracking":false,"_monsterinsights_sitenote_active":false,"_monsterinsights_sitenote_note":"","_monsterinsights_sitenote_category":0},"product_brand":[],"product_cat":[12324,27533],"product_tag":[],"class_list":{"0":"post-729996","1":"product","2":"type-product","3":"status-publish","5":"product_cat-sosyoloji","6":"product_cat-sosyolojiye-giris","7":"pa_cilt-ciltsiz","8":"pa_tur-kitap","9":"pa_yayinevi-dogu-bati-yayinlari","10":"pa_yazar-tahir-cagatay","12":"first","13":"instock","14":"sale","15":"shipping-taxable","16":"purchasable","17":"product-type-simple"},"_links":{"self":[{"href":"https:\/\/roveyayinevi.com.tr\/index.php\/wp-json\/wp\/v2\/product\/729996","targetHints":{"allow":["GET"]}}],"collection":[{"href":"https:\/\/roveyayinevi.com.tr\/index.php\/wp-json\/wp\/v2\/product"}],"about":[{"href":"https:\/\/roveyayinevi.com.tr\/index.php\/wp-json\/wp\/v2\/types\/product"}],"wp:attachment":[{"href":"https:\/\/roveyayinevi.com.tr\/index.php\/wp-json\/wp\/v2\/media?parent=729996"}],"wp:term":[{"taxonomy":"product_brand","embeddable":true,"href":"https:\/\/roveyayinevi.com.tr\/index.php\/wp-json\/wp\/v2\/product_brand?post=729996"},{"taxonomy":"product_cat","embeddable":true,"href":"https:\/\/roveyayinevi.com.tr\/index.php\/wp-json\/wp\/v2\/product_cat?post=729996"},{"taxonomy":"product_tag","embeddable":true,"href":"https:\/\/roveyayinevi.com.tr\/index.php\/wp-json\/wp\/v2\/product_tag?post=729996"}],"curies":[{"name":"wp","href":"https:\/\/api.w.org\/{rel}","templated":true}]}}