{"id":729995,"date":"2025-08-27T21:06:23","date_gmt":"2025-08-27T18:06:23","guid":{"rendered":"https:\/\/roveyayinevi.com.tr\/index.php\/urun\/gurur-ve-onyargi-5\/"},"modified":"2026-04-16T02:37:38","modified_gmt":"2026-04-15T23:37:38","slug":"gurur-ve-onyargi-5","status":"publish","type":"product","link":"https:\/\/roveyayinevi.com.tr\/index.php\/urun\/gurur-ve-onyargi-5\/","title":{"rendered":"Gurur Ve \u00d6nyarg\u0131"},"content":{"rendered":"<p>Gurur ve \u00d6nyarg\u0131, Jane Austen\u2019\u0131n k\u0131sa ya\u015fam\u0131na s\u0131\u011fd\u0131rd\u0131\u011f\u0131 alt\u0131 roman\u0131 aras\u0131nda en bilinenidir. Ve roman kahramanlar\u0131 aras\u0131nda, daha ilk planda ne\u015fesi, \u0131\u015f\u0131lt\u0131s\u0131 ve zek\u00e2s\u0131yla dikkat \u00e7eken Elizabeth, Austen\u2019\u0131n kad\u0131n karakterleri aras\u0131nda en sevilenidir. Eserin romantik anlat\u0131mdan uzak, ger\u00e7ek\u00e7i ve ironi bar\u0131nd\u0131ran bir dili vard\u0131r. B\u00f6ylelikle eserde yer alan g\u00f6n\u00fcl ili\u015fkileri, evlilikler, tutkular, \u00e7at\u0131\u015fmalar, ba\u011f\u0131ms\u0131z karakterler Jane Austen\u2019\u0131n edeb\u00ee evreninde kendine \u00f6zg\u00fc bir iklime ve lezzete kavu\u015fur. Ta\u015fra hayat\u0131nda birbirine z\u0131t iki aile aras\u0131nda ge\u00e7en olaylarda hayat\u0131n cilveleri birbirini izler. Bir yanda k\u0131zlar\u0131n\u0131n talihi pe\u015finde tutkuyla ko\u015fan bir anne, onun bitmek bilmeyen yak\u0131nmalar\u0131ndan usanm\u0131\u015f kocas\u0131 ve birbirlerinden farkl\u0131 karakterlerdeki be\u015f k\u0131z karde\u015ften olu\u015fan bir aile; di\u011fer yanda ise hat\u0131r\u0131 say\u0131l\u0131r miktarda gelire sahip ve mensup olduklar\u0131 \u00fcst tabaka gere\u011fi gururlar\u0131ndan taviz vermeyen bir ba\u015fka aile \u00e7\u0131kar kar\u015f\u0131m\u0131za. Gen\u00e7lerin kalbi ho\u015f tesad\u00fcflere a\u00e7\u0131kt\u0131r ancak farkl\u0131 d\u00fcnyalardaki bu ailelerin gen\u00e7lerini bekleyen muhtemel bir a\u015fkta, taraflar\u0131n birbirine duydu\u011fu \u00f6nyarg\u0131lar bir yana b\u0131rak\u0131labilecek midir? \u00dcst s\u0131n\u0131fa ait olman\u0131n getirdi\u011fi o gurur hissi kimsenin s\u00f6z\u00fcne ald\u0131r\u0131\u015f etmeden yabana at\u0131labilir bir \u015fey midir? Bir a\u015fk hik\u00e2yesinde \u201cilk izlenimler\u201din etkisi nedir ve ne \u00f6l\u00e7\u00fcde ge\u00e7erlidir? Mutlu sona varmadan \u00f6nce a\u015fk ve gurur etraf\u0131nda t\u00fcm bu sorular yan\u0131t\u0131n\u0131 beklemektedir. <\/p>\n","protected":false},"excerpt":{"rendered":"<p>Gurur ve \u00d6nyarg\u0131, Jane Austen\u2019\u0131n k\u0131sa ya\u015fam\u0131na s\u0131\u011fd\u0131rd\u0131\u011f\u0131 alt\u0131 roman\u0131 aras\u0131nda en bilinenidir. Ve roman kahramanlar\u0131 aras\u0131nda, daha ilk planda ne\u015fesi, \u0131\u015f\u0131lt\u0131s\u0131 ve zek\u00e2s\u0131yla dikkat \u00e7eken<span class=\"excerpt-hellip\"> [\u2026]<\/span><\/p>\n","protected":false},"featured_media":0,"template":"","meta":{"_monsterinsights_skip_tracking":false,"_monsterinsights_sitenote_active":false,"_monsterinsights_sitenote_note":"","_monsterinsights_sitenote_category":0},"product_brand":[],"product_cat":[12291,12711],"product_tag":[],"class_list":{"0":"post-729995","1":"product","2":"type-product","3":"status-publish","5":"product_cat-edebiyat","6":"product_cat-roman-oyku","7":"pa_cilt-ciltsiz","8":"pa_tur-kitap","9":"pa_yayinevi-dogu-bati-yayinlari","10":"pa_yazar-jane-austen","12":"first","13":"instock","14":"sale","15":"shipping-taxable","16":"purchasable","17":"product-type-simple"},"_links":{"self":[{"href":"https:\/\/roveyayinevi.com.tr\/index.php\/wp-json\/wp\/v2\/product\/729995","targetHints":{"allow":["GET"]}}],"collection":[{"href":"https:\/\/roveyayinevi.com.tr\/index.php\/wp-json\/wp\/v2\/product"}],"about":[{"href":"https:\/\/roveyayinevi.com.tr\/index.php\/wp-json\/wp\/v2\/types\/product"}],"wp:attachment":[{"href":"https:\/\/roveyayinevi.com.tr\/index.php\/wp-json\/wp\/v2\/media?parent=729995"}],"wp:term":[{"taxonomy":"product_brand","embeddable":true,"href":"https:\/\/roveyayinevi.com.tr\/index.php\/wp-json\/wp\/v2\/product_brand?post=729995"},{"taxonomy":"product_cat","embeddable":true,"href":"https:\/\/roveyayinevi.com.tr\/index.php\/wp-json\/wp\/v2\/product_cat?post=729995"},{"taxonomy":"product_tag","embeddable":true,"href":"https:\/\/roveyayinevi.com.tr\/index.php\/wp-json\/wp\/v2\/product_tag?post=729995"}],"curies":[{"name":"wp","href":"https:\/\/api.w.org\/{rel}","templated":true}]}}