{"id":729994,"date":"2025-08-27T21:06:22","date_gmt":"2025-08-27T18:06:22","guid":{"rendered":"https:\/\/roveyayinevi.com.tr\/index.php\/urun\/dus-kefeni\/"},"modified":"2026-04-13T02:46:45","modified_gmt":"2026-04-12T23:46:45","slug":"dus-kefeni","status":"publish","type":"product","link":"https:\/\/roveyayinevi.com.tr\/index.php\/urun\/dus-kefeni\/","title":{"rendered":"D\u00fc\u015f Kefeni"},"content":{"rendered":"<p>Bu hikayedeki k\u0131z\u0131n kalbi yar\u0131m&#8230;Bu hikayedeki erke\u011fin kalbi delik&#8230;Bu hik\u00e2yedeki a\u015fk hep biraz eksik&#8230;On alt\u0131 ya\u015f\u0131nda, ailesi suikaste kurban gitti\u011finden beriMah\u015fer i\u00e7in her \u015fey \u00e7ok de\u011fi\u015fmi\u015fti.K\u0131sac\u0131k hayat\u0131 boyunca bekledi\u011fi Duman,sahip oldu\u011fu tek tan\u0131d\u0131k yabanc\u0131 olarak yeniden kar\u015f\u0131s\u0131na \u00e7\u0131kt\u0131\u011f\u0131nda ise avucunun i\u00e7indeki buzlar erimi\u015fti.Kaderleri ayn\u0131 gece de\u011fi\u015fmi\u015f olan Mah\u015fer ve Duman, y\u0131llar sonra ayn\u0131 ama\u00e7 ile bir araya gelmi\u015flerdi: intikam. Hayat\u0131n onlara izin verip vermeyece\u011fini bilmeden&#8230;<\/p>\n","protected":false},"excerpt":{"rendered":"<p>Bu hikayedeki k\u0131z\u0131n kalbi yar\u0131m&#8230;Bu hikayedeki erke\u011fin kalbi delik&#8230;Bu hik\u00e2yedeki a\u015fk hep biraz eksik&#8230;On alt\u0131 ya\u015f\u0131nda, ailesi suikaste kurban gitti\u011finden beriMah\u015fer i\u00e7in her \u015fey \u00e7ok de\u011fi\u015fmi\u015fti.K\u0131sac\u0131k<span class=\"excerpt-hellip\"> [\u2026]<\/span><\/p>\n","protected":false},"featured_media":0,"template":"","meta":{"_monsterinsights_skip_tracking":false,"_monsterinsights_sitenote_active":false,"_monsterinsights_sitenote_note":"","_monsterinsights_sitenote_category":0},"product_brand":[],"product_cat":[12291,12711],"product_tag":[],"class_list":{"0":"post-729994","1":"product","2":"type-product","3":"status-publish","5":"product_cat-edebiyat","6":"product_cat-roman-oyku","7":"pa_cilt-ciltsiz","8":"pa_tur-kitap","9":"pa_yayinevi-epsilon-yayinlari","10":"pa_yazar-emine-tavuz","12":"first","13":"instock","14":"sale","15":"shipping-taxable","16":"purchasable","17":"product-type-simple"},"_links":{"self":[{"href":"https:\/\/roveyayinevi.com.tr\/index.php\/wp-json\/wp\/v2\/product\/729994","targetHints":{"allow":["GET"]}}],"collection":[{"href":"https:\/\/roveyayinevi.com.tr\/index.php\/wp-json\/wp\/v2\/product"}],"about":[{"href":"https:\/\/roveyayinevi.com.tr\/index.php\/wp-json\/wp\/v2\/types\/product"}],"wp:attachment":[{"href":"https:\/\/roveyayinevi.com.tr\/index.php\/wp-json\/wp\/v2\/media?parent=729994"}],"wp:term":[{"taxonomy":"product_brand","embeddable":true,"href":"https:\/\/roveyayinevi.com.tr\/index.php\/wp-json\/wp\/v2\/product_brand?post=729994"},{"taxonomy":"product_cat","embeddable":true,"href":"https:\/\/roveyayinevi.com.tr\/index.php\/wp-json\/wp\/v2\/product_cat?post=729994"},{"taxonomy":"product_tag","embeddable":true,"href":"https:\/\/roveyayinevi.com.tr\/index.php\/wp-json\/wp\/v2\/product_tag?post=729994"}],"curies":[{"name":"wp","href":"https:\/\/api.w.org\/{rel}","templated":true}]}}