{"id":729993,"date":"2025-08-27T21:06:21","date_gmt":"2025-08-27T18:06:21","guid":{"rendered":"https:\/\/roveyayinevi.com.tr\/index.php\/urun\/caylak-gazeteci\/"},"modified":"2026-04-15T02:49:04","modified_gmt":"2026-04-14T23:49:04","slug":"caylak-gazeteci","status":"publish","type":"product","link":"https:\/\/roveyayinevi.com.tr\/index.php\/urun\/caylak-gazeteci\/","title":{"rendered":"\u00c7aylak Gazeteci"},"content":{"rendered":"<p>Amerikal\u0131 gazeteci yazar Vince Vawter\u2019\u0131n kendi ya\u015fam\u00f6yk\u00fcs\u00fcnden ilham alarak yazd\u0131\u011f\u0131 ve Amerikan K\u00fct\u00fcphaneler Birli\u011fi Dikkate De\u011fer Kitap \u00d6d\u00fcl\u00fc gibi pek \u00e7ok sayg\u0131n \u00f6d\u00fcl\u00fcn sahibi olan Gazeteci \u00c7ocuk\u2019un maceras\u0131 devam ediyor. Amerika\u2019n\u0131n Memphis kentinde ya\u015fayan Victor, art\u0131k on alt\u0131 ya\u015f\u0131ndad\u0131r ve gazete da\u011f\u0131t\u0131c\u0131l\u0131\u011f\u0131n\u0131 b\u0131rak\u0131p yerel gazetede stajyerli\u011fe terfi etmi\u015ftir. En yak\u0131n arkada\u015f\u0131 ve yol g\u00f6stericisi Bay Spiro\u2019nun \u00f6l\u00fcm\u00fc onu derinden etkilese de ona verdi\u011fi s\u00f6z\u00fc yerine getirmek i\u00e7in Mississippi Nehri\u2019nin denizle birle\u015fti\u011fi yere gitmesi gerekmektedir. Bay Spiro i\u00e7in g\u00f6r\u00fcnen bu yolculuk, kekemelikle ba\u015f etmeye \u00e7al\u0131\u015fan, sevdi\u011fi romanlar\u0131 daktiloya ge\u00e7irerek sakinle\u015fen ve ilk gen\u00e7li\u011fin r\u00fczg\u00e2r\u0131n\u0131 i\u00e7inde hisseden Victor i\u00e7in de d\u00f6n\u00fc\u015ft\u00fcr\u00fcc\u00fc olacakt\u0131r. Yeni arkada\u015flar, farkl\u0131 aile bi\u00e7imleri ve duygular deneyimlerken edebiyat\u00e7\u0131lar ve Bay Spiro\u2019nun hayata dair s\u00f6zleri ona e\u015flik edecektir. <\/p>\n","protected":false},"excerpt":{"rendered":"<p>Amerikal\u0131 gazeteci yazar Vince Vawter\u2019\u0131n kendi ya\u015fam\u00f6yk\u00fcs\u00fcnden ilham alarak yazd\u0131\u011f\u0131 ve Amerikan K\u00fct\u00fcphaneler Birli\u011fi Dikkate De\u011fer Kitap \u00d6d\u00fcl\u00fc gibi pek \u00e7ok sayg\u0131n \u00f6d\u00fcl\u00fcn sahibi olan Gazeteci<span class=\"excerpt-hellip\"> [\u2026]<\/span><\/p>\n","protected":false},"featured_media":0,"template":"","meta":{"_monsterinsights_skip_tracking":false,"_monsterinsights_sitenote_active":false,"_monsterinsights_sitenote_note":"","_monsterinsights_sitenote_category":0},"product_brand":[],"product_cat":[12275,12274],"product_tag":[],"class_list":{"0":"post-729993","1":"product","2":"type-product","3":"status-publish","5":"product_cat-6-12-yas-kitaplari","6":"product_cat-cocuk-ve-genclik-kitaplari","7":"pa_cilt-ciltsiz","8":"pa_tur-kitap","9":"pa_yayinevi-kirmizi-kedi-yayinevi","10":"pa_yazar-vince-vawter","12":"first","13":"instock","14":"sale","15":"shipping-taxable","16":"purchasable","17":"product-type-simple"},"_links":{"self":[{"href":"https:\/\/roveyayinevi.com.tr\/index.php\/wp-json\/wp\/v2\/product\/729993","targetHints":{"allow":["GET"]}}],"collection":[{"href":"https:\/\/roveyayinevi.com.tr\/index.php\/wp-json\/wp\/v2\/product"}],"about":[{"href":"https:\/\/roveyayinevi.com.tr\/index.php\/wp-json\/wp\/v2\/types\/product"}],"wp:attachment":[{"href":"https:\/\/roveyayinevi.com.tr\/index.php\/wp-json\/wp\/v2\/media?parent=729993"}],"wp:term":[{"taxonomy":"product_brand","embeddable":true,"href":"https:\/\/roveyayinevi.com.tr\/index.php\/wp-json\/wp\/v2\/product_brand?post=729993"},{"taxonomy":"product_cat","embeddable":true,"href":"https:\/\/roveyayinevi.com.tr\/index.php\/wp-json\/wp\/v2\/product_cat?post=729993"},{"taxonomy":"product_tag","embeddable":true,"href":"https:\/\/roveyayinevi.com.tr\/index.php\/wp-json\/wp\/v2\/product_tag?post=729993"}],"curies":[{"name":"wp","href":"https:\/\/api.w.org\/{rel}","templated":true}]}}