{"id":729991,"date":"2025-08-27T21:06:18","date_gmt":"2025-08-27T18:06:18","guid":{"rendered":"https:\/\/roveyayinevi.com.tr\/index.php\/urun\/dedektif-yavru-maymun\/"},"modified":"2026-04-16T02:37:38","modified_gmt":"2026-04-15T23:37:38","slug":"dedektif-yavru-maymun","status":"publish","type":"product","link":"https:\/\/roveyayinevi.com.tr\/index.php\/urun\/dedektif-yavru-maymun\/","title":{"rendered":"Dedektif Yavru Maymun"},"content":{"rendered":"<p>Yarat\u0131c\u0131, etkileyici ve ayr\u0131nt\u0131lar\u0131yla hayran b\u0131rakan bir kitap. M\u00fccevherler mi kay\u0131p? Ne! Pizza bile mi? Yok art\u0131k! Uzay gemisi de mi? Neyse ki Dedektif Yavru Maymun var. Tu\u0308m bu olaylar\u0131 \u00e7\u00f6zebilir, tabii pantolonunu giyebilirse!   Brian Selznick ve David Serlin\u2019den resimli kitap t\u00fcr\u00fcnde \u00e7\u0131\u011f\u0131r a\u00e7acak bir eser. Bu kitab\u0131n keyfini s\u00fcrmek i\u00e7in Dedektif Yavru Maymun\u2019un s\u0131rlar\u0131n\u0131 tek tek \u00e7\u00f6zmek gerekiyor. \u0130pucu aramak hi\u00e7\u0327 bu kadar e\u011flenceli olmam\u0131\u015ft\u0131. \u00c7ok ya\u015fa Yavru Maymun! <\/p>\n","protected":false},"excerpt":{"rendered":"<p>Yarat\u0131c\u0131, etkileyici ve ayr\u0131nt\u0131lar\u0131yla hayran b\u0131rakan bir kitap. M\u00fccevherler mi kay\u0131p? Ne! Pizza bile mi? Yok art\u0131k! Uzay gemisi de mi? Neyse ki Dedektif Yavru Maymun<span class=\"excerpt-hellip\"> [\u2026]<\/span><\/p>\n","protected":false},"featured_media":0,"template":"","meta":{"_monsterinsights_skip_tracking":false,"_monsterinsights_sitenote_active":false,"_monsterinsights_sitenote_note":"","_monsterinsights_sitenote_category":0},"product_brand":[],"product_cat":[12291,18202],"product_tag":[],"class_list":{"0":"post-729991","1":"product","2":"type-product","3":"status-publish","5":"product_cat-edebiyat","6":"product_cat-hikaye","7":"pa_cilt-ciltsiz","8":"pa_tur-kitap","9":"pa_yayinevi-cinar-yayinlari","10":"pa_yazar-brian-selznick-david-serlin","12":"first","13":"instock","14":"sale","15":"shipping-taxable","16":"purchasable","17":"product-type-simple"},"_links":{"self":[{"href":"https:\/\/roveyayinevi.com.tr\/index.php\/wp-json\/wp\/v2\/product\/729991","targetHints":{"allow":["GET"]}}],"collection":[{"href":"https:\/\/roveyayinevi.com.tr\/index.php\/wp-json\/wp\/v2\/product"}],"about":[{"href":"https:\/\/roveyayinevi.com.tr\/index.php\/wp-json\/wp\/v2\/types\/product"}],"wp:attachment":[{"href":"https:\/\/roveyayinevi.com.tr\/index.php\/wp-json\/wp\/v2\/media?parent=729991"}],"wp:term":[{"taxonomy":"product_brand","embeddable":true,"href":"https:\/\/roveyayinevi.com.tr\/index.php\/wp-json\/wp\/v2\/product_brand?post=729991"},{"taxonomy":"product_cat","embeddable":true,"href":"https:\/\/roveyayinevi.com.tr\/index.php\/wp-json\/wp\/v2\/product_cat?post=729991"},{"taxonomy":"product_tag","embeddable":true,"href":"https:\/\/roveyayinevi.com.tr\/index.php\/wp-json\/wp\/v2\/product_tag?post=729991"}],"curies":[{"name":"wp","href":"https:\/\/api.w.org\/{rel}","templated":true}]}}