{"id":729989,"date":"2025-08-27T21:06:17","date_gmt":"2025-08-27T18:06:17","guid":{"rendered":"https:\/\/roveyayinevi.com.tr\/index.php\/urun\/fragmanlar-6\/"},"modified":"2026-04-16T02:37:38","modified_gmt":"2026-04-15T23:37:38","slug":"fragmanlar-6","status":"publish","type":"product","link":"https:\/\/roveyayinevi.com.tr\/index.php\/urun\/fragmanlar-6\/","title":{"rendered":"Fragmanlar"},"content":{"rendered":"<p>Alman filozof Immanuel Kant\u2019\u0131n \u201ckitap\u201d haline getirilip yay\u0131mlanmas\u0131 uzun y\u0131llar alan evrak\u0131 metrukesi Opus postumum i\u00e7indeki son dosya. 1796\u2019da 72 ya\u015f\u0131ndayken ba\u015flay\u0131p 1803 y\u0131l\u0131na, hem bedensel hem zihinsel olarak derman\u0131 t\u00fckeninceye kadar yazmay\u0131 s\u00fcrd\u00fcrd\u00fc\u011f\u00fc tamamlanmam\u0131\u015f yap\u0131t\u0131n\u0131n, kimilerine g\u00f6re ise \u201cbunakl\u0131k kitab\u0131n\u0131n\u201d son deminden bir se\u00e7me. Ard\u0131nda, felsefe tarihinin seyrine y\u00f6n veren bir b\u00fcy\u00fck yap\u0131t, magnum opus b\u0131rakan filozofun, bahar\u0131n geli\u015fiyle penceresinin \u00f6n\u00fcnde \u00f6tmeye ba\u015flayan \u00e7itser\u00e7esini bekleyedurdu\u011fu dizginsiz sat\u0131rlar. Oru\u00e7 Aruoba\u2019n\u0131n notlar\u0131 ve yer yer dokundurmalar\u0131yla&#8230; \u201cAk\u0131l, ka\u00e7\u0131n\u0131lmazca, nesneler yarat\u0131r kendi kendisine. Bu y\u00fczden her d\u00fc\u015f\u00fcnenin bir tanr\u0131s\u0131 vard\u0131r.\u201d <\/p>\n","protected":false},"excerpt":{"rendered":"<p>Alman filozof Immanuel Kant\u2019\u0131n \u201ckitap\u201d haline getirilip yay\u0131mlanmas\u0131 uzun y\u0131llar alan evrak\u0131 metrukesi Opus postumum i\u00e7indeki son dosya. 1796\u2019da 72 ya\u015f\u0131ndayken ba\u015flay\u0131p 1803 y\u0131l\u0131na, hem bedensel<span class=\"excerpt-hellip\"> [\u2026]<\/span><\/p>\n","protected":false},"featured_media":0,"template":"","meta":{"_monsterinsights_skip_tracking":false,"_monsterinsights_sitenote_active":false,"_monsterinsights_sitenote_note":"","_monsterinsights_sitenote_category":0},"product_brand":[],"product_cat":[20351,12388],"product_tag":[],"class_list":{"0":"post-729989","1":"product","2":"type-product","3":"status-publish","5":"product_cat-dusunce","6":"product_cat-felsefe","7":"pa_cilt-ciltsiz","8":"pa_tur-kitap","9":"pa_yayinevi-kirmizi-kedi-yayinevi","10":"pa_yazar-immanuel-kant","12":"first","13":"instock","14":"sale","15":"shipping-taxable","16":"purchasable","17":"product-type-simple"},"_links":{"self":[{"href":"https:\/\/roveyayinevi.com.tr\/index.php\/wp-json\/wp\/v2\/product\/729989","targetHints":{"allow":["GET"]}}],"collection":[{"href":"https:\/\/roveyayinevi.com.tr\/index.php\/wp-json\/wp\/v2\/product"}],"about":[{"href":"https:\/\/roveyayinevi.com.tr\/index.php\/wp-json\/wp\/v2\/types\/product"}],"wp:attachment":[{"href":"https:\/\/roveyayinevi.com.tr\/index.php\/wp-json\/wp\/v2\/media?parent=729989"}],"wp:term":[{"taxonomy":"product_brand","embeddable":true,"href":"https:\/\/roveyayinevi.com.tr\/index.php\/wp-json\/wp\/v2\/product_brand?post=729989"},{"taxonomy":"product_cat","embeddable":true,"href":"https:\/\/roveyayinevi.com.tr\/index.php\/wp-json\/wp\/v2\/product_cat?post=729989"},{"taxonomy":"product_tag","embeddable":true,"href":"https:\/\/roveyayinevi.com.tr\/index.php\/wp-json\/wp\/v2\/product_tag?post=729989"}],"curies":[{"name":"wp","href":"https:\/\/api.w.org\/{rel}","templated":true}]}}