{"id":729987,"date":"2025-08-27T21:06:14","date_gmt":"2025-08-27T18:06:14","guid":{"rendered":"https:\/\/roveyayinevi.com.tr\/index.php\/urun\/barbaros-hayrettinin-hayati\/"},"modified":"2026-04-16T02:37:38","modified_gmt":"2026-04-15T23:37:38","slug":"barbaros-hayrettinin-hayati","status":"publish","type":"product","link":"https:\/\/roveyayinevi.com.tr\/index.php\/urun\/barbaros-hayrettinin-hayati\/","title":{"rendered":"Barbaros Hayrettin\u2019in Hayat\u0131"},"content":{"rendered":"<p>\u015eark\u0131lar\u0131 bug\u00fcn de dillerden d\u00fc\u015fmeyen L\u00fck\u00fcs Hayat operetinin yazar\u0131 Ekrem Re\u015fit Rey, karde\u015fi besteci Cemal Re\u015fit Rey\u2019le birlikte sahneye koyduklar\u0131 eserlerle Cumhuriyet tarihimizin k\u00fclt\u00fcrel d\u00f6n\u00fc\u015f\u00fcm\u00fcnde kal\u0131c\u0131 izler b\u0131rakm\u0131\u015ft\u0131r. Fransa\u2019n\u0131n sayg\u0131n yay\u0131nevlerinden Gallimard taraf\u0131ndan ta 1931\u2019de yay\u0131mlanan, Frans\u0131zca kaleme ald\u0131\u011f\u0131 Barbaros Hayrettin\u2019in Hayat\u0131, yay\u0131nevinin ya\u015fam\u00f6yk\u00fcs\u00fc dizisinde \u00e7\u0131km\u0131\u015f olsa da pek\u00e2l\u00e2 tarihsel roman olarak da okunabilecek bir edebiyat eseridir. H\u0131z\u0131r Reis isminde Midilli adas\u0131ndan \u00e7\u0131kma yaman bir korsanken Akdeniz\u2019de kazand\u0131\u011f\u0131 \u015fanl\u0131 zaferlerle Kaptan-\u0131 Derya unvan\u0131n\u0131 alarak Osmanl\u0131 donanmas\u0131n\u0131n ba\u015f\u0131na ge\u00e7en Barbaros Hayrettin Pa\u015fa, yaln\u0131zca askeri dehas\u0131yla de\u011fil, laf\u0131n\u0131 sak\u0131nmayan pervas\u0131z tav\u0131rlar\u0131 ve kalender ki\u015fili\u011fiyle de Kanuni\u2019nin dikkatini \u00e7eker. \u201cAlaylar, mehter mar\u015flar\u0131, askeri ge\u00e7itler, as\u0131lan bayraklar, kalabal\u0131k, \u015fa\u015faal\u0131 evlerdeki d\u00f6rt ba\u015f\u0131 mamur sofralar onun ilgisini \u00e7ekmiyordu. Bunlara \u00f6nem vermiyordu. Aray\u0131p da bulamad\u0131\u011f\u0131, mutlu g\u00fcnlerde ya da d\u00fc\u015fman kar\u015f\u0131s\u0131nda duyulan dayan\u0131\u015fma; kalplerin ve ak\u0131llar\u0131n kayna\u015fmas\u0131; ayn\u0131 ama\u00e7 u\u011fruna birlikte hareket eden \u2018Ocak\u2019; birbirinden farkl\u0131 ruhlarda birbirine denk duygulard\u0131.\u201d <\/p>\n","protected":false},"excerpt":{"rendered":"<p>\u015eark\u0131lar\u0131 bug\u00fcn de dillerden d\u00fc\u015fmeyen L\u00fck\u00fcs Hayat operetinin yazar\u0131 Ekrem Re\u015fit Rey, karde\u015fi besteci Cemal Re\u015fit Rey\u2019le birlikte sahneye koyduklar\u0131 eserlerle Cumhuriyet tarihimizin k\u00fclt\u00fcrel d\u00f6n\u00fc\u015f\u00fcm\u00fcnde kal\u0131c\u0131<span class=\"excerpt-hellip\"> [\u2026]<\/span><\/p>\n","protected":false},"featured_media":0,"template":"","meta":{"_monsterinsights_skip_tracking":false,"_monsterinsights_sitenote_active":false,"_monsterinsights_sitenote_note":"","_monsterinsights_sitenote_category":0},"product_brand":[],"product_cat":[12291,12711],"product_tag":[],"class_list":{"0":"post-729987","1":"product","2":"type-product","3":"status-publish","5":"product_cat-edebiyat","6":"product_cat-roman-oyku","7":"pa_cilt-ciltsiz","8":"pa_tur-kitap","9":"pa_yayinevi-kirmizi-kedi-yayinevi","10":"pa_yazar-ekrem-resit-rey","12":"first","13":"instock","14":"sale","15":"shipping-taxable","16":"purchasable","17":"product-type-simple"},"_links":{"self":[{"href":"https:\/\/roveyayinevi.com.tr\/index.php\/wp-json\/wp\/v2\/product\/729987","targetHints":{"allow":["GET"]}}],"collection":[{"href":"https:\/\/roveyayinevi.com.tr\/index.php\/wp-json\/wp\/v2\/product"}],"about":[{"href":"https:\/\/roveyayinevi.com.tr\/index.php\/wp-json\/wp\/v2\/types\/product"}],"wp:attachment":[{"href":"https:\/\/roveyayinevi.com.tr\/index.php\/wp-json\/wp\/v2\/media?parent=729987"}],"wp:term":[{"taxonomy":"product_brand","embeddable":true,"href":"https:\/\/roveyayinevi.com.tr\/index.php\/wp-json\/wp\/v2\/product_brand?post=729987"},{"taxonomy":"product_cat","embeddable":true,"href":"https:\/\/roveyayinevi.com.tr\/index.php\/wp-json\/wp\/v2\/product_cat?post=729987"},{"taxonomy":"product_tag","embeddable":true,"href":"https:\/\/roveyayinevi.com.tr\/index.php\/wp-json\/wp\/v2\/product_tag?post=729987"}],"curies":[{"name":"wp","href":"https:\/\/api.w.org\/{rel}","templated":true}]}}