{"id":729984,"date":"2025-08-27T21:06:11","date_gmt":"2025-08-27T18:06:11","guid":{"rendered":"https:\/\/roveyayinevi.com.tr\/index.php\/urun\/butun-eserleri-behcet-necatigil-1-ciltli\/"},"modified":"2026-04-16T02:37:38","modified_gmt":"2026-04-15T23:37:38","slug":"butun-eserleri-behcet-necatigil-1-ciltli","status":"publish","type":"product","link":"https:\/\/roveyayinevi.com.tr\/index.php\/urun\/butun-eserleri-behcet-necatigil-1-ciltli\/","title":{"rendered":"B\u00fct\u00fcn Eserleri &#8211; Beh\u00e7et Necatigil &#8211; 1 (Ciltli)"},"content":{"rendered":"<p>Beh\u00e7et Necatigil\u2019in b\u00fct\u00fcn eserleri, Yap\u0131 Kredi Yay\u0131nlar\u0131\u2019n\u0131n bilgiyi tek kaynaktan sunmay\u0131 hedefleyen Delta dizisinde B\u00fct\u00fcn Eserleri ad\u0131yla bir araya getirildi.Yazar\u0131n toplam on kitaptan olu\u015fan \u015fiirleri, radyo oyunlar\u0131, yaz\u0131lar\u0131 ve mektuplar\u0131 bu bask\u0131da tek cilde s\u0131\u011fd\u0131r\u0131ld\u0131. Edebiyat\u0131m\u0131z\u0131n bu b\u00fcy\u00fck ustas\u0131n\u0131 bu kez de Delta dizisi i\u00e7inde, b\u00f6ylesine \u015f\u0131k bir bask\u0131da okuruyla bulu\u015fturman\u0131n sevinci i\u00e7indeyiz.<\/p>\n","protected":false},"excerpt":{"rendered":"<p>Beh\u00e7et Necatigil\u2019in b\u00fct\u00fcn eserleri, Yap\u0131 Kredi Yay\u0131nlar\u0131\u2019n\u0131n bilgiyi tek kaynaktan sunmay\u0131 hedefleyen Delta dizisinde B\u00fct\u00fcn Eserleri ad\u0131yla bir araya getirildi.Yazar\u0131n toplam on kitaptan olu\u015fan \u015fiirleri, radyo<span class=\"excerpt-hellip\"> [\u2026]<\/span><\/p>\n","protected":false},"featured_media":0,"template":"","meta":{"_monsterinsights_skip_tracking":false,"_monsterinsights_sitenote_active":false,"_monsterinsights_sitenote_note":"","_monsterinsights_sitenote_category":0},"product_brand":[],"product_cat":[12291,12292],"product_tag":[],"class_list":{"0":"post-729984","1":"product","2":"type-product","3":"status-publish","5":"product_cat-edebiyat","6":"product_cat-turk-edebiyati","7":"pa_cilt-ciltli","8":"pa_tur-kitap","9":"pa_yayinevi-yapi-kredi-yayinlari","10":"pa_yazar-behcet-necatigil","12":"first","13":"instock","14":"sale","15":"shipping-taxable","16":"purchasable","17":"product-type-simple"},"_links":{"self":[{"href":"https:\/\/roveyayinevi.com.tr\/index.php\/wp-json\/wp\/v2\/product\/729984","targetHints":{"allow":["GET"]}}],"collection":[{"href":"https:\/\/roveyayinevi.com.tr\/index.php\/wp-json\/wp\/v2\/product"}],"about":[{"href":"https:\/\/roveyayinevi.com.tr\/index.php\/wp-json\/wp\/v2\/types\/product"}],"wp:attachment":[{"href":"https:\/\/roveyayinevi.com.tr\/index.php\/wp-json\/wp\/v2\/media?parent=729984"}],"wp:term":[{"taxonomy":"product_brand","embeddable":true,"href":"https:\/\/roveyayinevi.com.tr\/index.php\/wp-json\/wp\/v2\/product_brand?post=729984"},{"taxonomy":"product_cat","embeddable":true,"href":"https:\/\/roveyayinevi.com.tr\/index.php\/wp-json\/wp\/v2\/product_cat?post=729984"},{"taxonomy":"product_tag","embeddable":true,"href":"https:\/\/roveyayinevi.com.tr\/index.php\/wp-json\/wp\/v2\/product_tag?post=729984"}],"curies":[{"name":"wp","href":"https:\/\/api.w.org\/{rel}","templated":true}]}}