{"id":729982,"date":"2025-08-27T21:06:10","date_gmt":"2025-08-27T18:06:10","guid":{"rendered":"https:\/\/roveyayinevi.com.tr\/index.php\/urun\/mustafa-kemalin-canakkale-efsanesi\/"},"modified":"2026-04-16T02:37:38","modified_gmt":"2026-04-15T23:37:38","slug":"mustafa-kemalin-canakkale-efsanesi","status":"publish","type":"product","link":"https:\/\/roveyayinevi.com.tr\/index.php\/urun\/mustafa-kemalin-canakkale-efsanesi\/","title":{"rendered":"Mustafa Kemal&#8217;in \u00c7anakkale Efsanesi"},"content":{"rendered":"<p>\u201c\u00c7anakkale Efsanesi\u201dni yaratan, Mustafa Kemal isimli hen\u00fcz 34 ya\u015f\u0131nda olan gen\u00e7 bir yarbayd\u0131.Bu kitab\u0131 ni\u00e7in yazmak zorunlulu\u011funu hissettim? \u00c7\u00fcnk\u00fc \u00c7anakkale Destan\u0131\u2019n\u0131 Mustafa Kemal Atat\u00fcrk\u2019\u00fcn ismini zikretmeden yazmak c\u00fcretinde ve aymazl\u0131\u011f\u0131nda bulunan s\u00f6zde tarih\u00e7ilere ve yazarlara, tarihi ger\u00e7eklere dayand\u0131rarak, Mustafa Kemal\u2019siz \u00c7anakkale Sava\u015f\u0131\u2019n\u0131 yazman\u0131n m\u00fcmk\u00fcn olamayaca\u011f\u0131\u0131n\u0131 g\u00f6stermek istedim. B\u00f6ylelikle, \u00c7anakkale Sava\u015flar\u0131n\u0131 bu s\u00f6zde tarih\u00e7ilerin g\u00f6z\u00fcnden g\u00f6rmek zorunda b\u0131rak\u0131lan halk\u0131m\u0131za ve \u00f6zellikle gen\u00e7lerimize, ger\u00e7ek \u00c7anakkale Destan\u0131\u2019n\u0131n nas\u0131l yaz\u0131lm\u0131\u015f oldu\u011funu g\u00f6stermeyi bir g\u00f6rev bildim.\u015eu \u00e7ok iyi bilinmelidir ki, Atat\u00fcrk\u2019s\u00fcz \u00c7anakkale Sava\u015f\u0131 yaz\u0131lamaz ve anlat\u0131lamaz!\u00c7anakkale Sava\u015flar\u0131, ancak Mustafa Kemal\u2019in e\u015fsiz askeri dehas\u0131, ku\u015fku g\u00f6t\u00fcrmez cesareti ve \u00fcst\u00fcn komutanl\u0131k yetene\u011fi sayesinde kazan\u0131labilmi\u015ftir! D\u00fcnya tarihi bunu b\u00f6yle yazm\u0131\u015ft\u0131r; bu ger\u00e7e\u011fi de\u011fi\u015ftirmeye \u00fclkemizde hi\u00e7bir ki\u015fi ya da h\u00fck\u00fcmetin g\u00fcc\u00fc yetmeyecektir!Do\u00e7. Dr. H\u00fcner Tuncer<\/p>\n","protected":false},"excerpt":{"rendered":"<p>\u201c\u00c7anakkale Efsanesi\u201dni yaratan, Mustafa Kemal isimli hen\u00fcz 34 ya\u015f\u0131nda olan gen\u00e7 bir yarbayd\u0131.Bu kitab\u0131 ni\u00e7in yazmak zorunlulu\u011funu hissettim? \u00c7\u00fcnk\u00fc \u00c7anakkale Destan\u0131\u2019n\u0131 Mustafa Kemal Atat\u00fcrk\u2019\u00fcn ismini zikretmeden<span class=\"excerpt-hellip\"> [\u2026]<\/span><\/p>\n","protected":false},"featured_media":0,"template":"","meta":{"_monsterinsights_skip_tracking":false,"_monsterinsights_sitenote_active":false,"_monsterinsights_sitenote_note":"","_monsterinsights_sitenote_category":0},"product_brand":[],"product_cat":[12370,12304],"product_tag":[],"class_list":{"0":"post-729982","1":"product","2":"type-product","3":"status-publish","5":"product_cat-arastirma-inceleme","6":"product_cat-tarih","7":"pa_cilt-ciltsiz","8":"pa_tur-kitap","9":"pa_yayinevi-cumhuriyet-kitaplari","10":"pa_yazar-huner-tuncer","12":"first","13":"instock","14":"sale","15":"shipping-taxable","16":"purchasable","17":"product-type-simple"},"_links":{"self":[{"href":"https:\/\/roveyayinevi.com.tr\/index.php\/wp-json\/wp\/v2\/product\/729982","targetHints":{"allow":["GET"]}}],"collection":[{"href":"https:\/\/roveyayinevi.com.tr\/index.php\/wp-json\/wp\/v2\/product"}],"about":[{"href":"https:\/\/roveyayinevi.com.tr\/index.php\/wp-json\/wp\/v2\/types\/product"}],"wp:attachment":[{"href":"https:\/\/roveyayinevi.com.tr\/index.php\/wp-json\/wp\/v2\/media?parent=729982"}],"wp:term":[{"taxonomy":"product_brand","embeddable":true,"href":"https:\/\/roveyayinevi.com.tr\/index.php\/wp-json\/wp\/v2\/product_brand?post=729982"},{"taxonomy":"product_cat","embeddable":true,"href":"https:\/\/roveyayinevi.com.tr\/index.php\/wp-json\/wp\/v2\/product_cat?post=729982"},{"taxonomy":"product_tag","embeddable":true,"href":"https:\/\/roveyayinevi.com.tr\/index.php\/wp-json\/wp\/v2\/product_tag?post=729982"}],"curies":[{"name":"wp","href":"https:\/\/api.w.org\/{rel}","templated":true}]}}