{"id":729981,"date":"2025-08-27T21:06:09","date_gmt":"2025-08-27T18:06:09","guid":{"rendered":"https:\/\/roveyayinevi.com.tr\/index.php\/urun\/bilgi-kirliligi-ortaminda-kalbimiz-ve-damarlarimiz\/"},"modified":"2026-04-16T02:37:37","modified_gmt":"2026-04-15T23:37:37","slug":"bilgi-kirliligi-ortaminda-kalbimiz-ve-damarlarimiz","status":"publish","type":"product","link":"https:\/\/roveyayinevi.com.tr\/index.php\/urun\/bilgi-kirliligi-ortaminda-kalbimiz-ve-damarlarimiz\/","title":{"rendered":"Bilgi Kirlili\u011fi Ortam\u0131nda Kalbimiz Ve Damarlar\u0131m\u0131z"},"content":{"rendered":"<p>Ba\u015fta t\u0131p olmak \u00fczere bilimin \u00f6neminin \u00e7ok daha iyi anla\u015f\u0131ld\u0131\u011f\u0131 d\u00f6nemde bile, bilimd\u0131\u015f\u0131 tezler ve iddialar toplumun zihnini buland\u0131rmaya devam ediyor.Metin \u00d6zenci i\u015fte bu bilgi kirli\u011fine kar\u015f\u0131 \u201cBilgi Kirlili\u011fi Ortam\u0131nda Kalbimiz ve Damarlar\u0131m\u0131z\u201d kitab\u0131yla, halk\u0131m\u0131za hi\u00e7 de\u011filse kalp ve damar sistemimizle ilgili kimi g\u00fcncel ve ge\u00e7erli bilgileri yal\u0131n bir dille anlat\u0131yor.\u00dcstelik, t\u0131p \u00f6\u011frencileri ve uzmanl\u0131k \u00f6\u011frencisi doktorlara da temel bilgilerle klinik uygulamalar birle\u015ftirmenin \u00f6nemini de vurgulay\u0131p, hekimli\u011fin ana amac\u0131 olan \u201cba\u015far\u0131l\u0131 tedavi\u201dnin \u201cbirincil ko\u015fulu\u201dnun \u201cdo\u011fru tan\u0131\u201dya ula\u015fmak oldu\u011funu, bunu ba\u015farmak i\u00e7in gerekli ipu\u00e7lar\u0131n\u0131 da vererek\u2026<\/p>\n","protected":false},"excerpt":{"rendered":"<p>Ba\u015fta t\u0131p olmak \u00fczere bilimin \u00f6neminin \u00e7ok daha iyi anla\u015f\u0131ld\u0131\u011f\u0131 d\u00f6nemde bile, bilimd\u0131\u015f\u0131 tezler ve iddialar toplumun zihnini buland\u0131rmaya devam ediyor.Metin \u00d6zenci i\u015fte bu bilgi kirli\u011fine<span class=\"excerpt-hellip\"> [\u2026]<\/span><\/p>\n","protected":false},"featured_media":0,"template":"","meta":{"_monsterinsights_skip_tracking":false,"_monsterinsights_sitenote_active":false,"_monsterinsights_sitenote_note":"","_monsterinsights_sitenote_category":0},"product_brand":[],"product_cat":[13005,13006],"product_tag":[],"class_list":{"0":"post-729981","1":"product","2":"type-product","3":"status-publish","5":"product_cat-bilim-muhendislik","6":"product_cat-populer-bilim","7":"pa_cilt-ciltsiz","8":"pa_tur-kitap","9":"pa_yayinevi-cumhuriyet-kitaplari","10":"pa_yazar-metin-ozenci","12":"first","13":"instock","14":"sale","15":"shipping-taxable","16":"purchasable","17":"product-type-simple"},"_links":{"self":[{"href":"https:\/\/roveyayinevi.com.tr\/index.php\/wp-json\/wp\/v2\/product\/729981","targetHints":{"allow":["GET"]}}],"collection":[{"href":"https:\/\/roveyayinevi.com.tr\/index.php\/wp-json\/wp\/v2\/product"}],"about":[{"href":"https:\/\/roveyayinevi.com.tr\/index.php\/wp-json\/wp\/v2\/types\/product"}],"wp:attachment":[{"href":"https:\/\/roveyayinevi.com.tr\/index.php\/wp-json\/wp\/v2\/media?parent=729981"}],"wp:term":[{"taxonomy":"product_brand","embeddable":true,"href":"https:\/\/roveyayinevi.com.tr\/index.php\/wp-json\/wp\/v2\/product_brand?post=729981"},{"taxonomy":"product_cat","embeddable":true,"href":"https:\/\/roveyayinevi.com.tr\/index.php\/wp-json\/wp\/v2\/product_cat?post=729981"},{"taxonomy":"product_tag","embeddable":true,"href":"https:\/\/roveyayinevi.com.tr\/index.php\/wp-json\/wp\/v2\/product_tag?post=729981"}],"curies":[{"name":"wp","href":"https:\/\/api.w.org\/{rel}","templated":true}]}}