{"id":729980,"date":"2025-08-27T21:06:08","date_gmt":"2025-08-27T18:06:08","guid":{"rendered":"https:\/\/roveyayinevi.com.tr\/index.php\/urun\/peter-pan-16\/"},"modified":"2026-04-16T02:37:37","modified_gmt":"2026-04-15T23:37:37","slug":"peter-pan-16","status":"publish","type":"product","link":"https:\/\/roveyayinevi.com.tr\/index.php\/urun\/peter-pan-16\/","title":{"rendered":"Peter Pan"},"content":{"rendered":"<p>Hanzade Servi, \u0130sko\u00e7 yazar James Matthew Barrie&#8217;nin \u00f6l\u00fcms\u00fcz klasi\u011fi Peter Pan&#8217;\u0131, mizahtan beslenen duru bir yorumla yeniden anlat\u0131yor. Melike Tan&#8217;\u0131n zarif resimleri e\u015fli\u011finde &#8221;SEN de OKU Klasikler&#8221; koleksiyonundaki yerini alan bu s\u00fcr\u00fckleyici fantazya, zaman\u0131n\u0131n \u00e7ok \u00f6tesindeki kurgusuyla bizleri &#8221;Var Olmayan \u00dclke&#8221;ye u\u00e7uruyor; asla b\u00fcy\u00fcmeyen bir \u00e7ocu\u011fun rehberli\u011finde, ger\u00e7ek\u00fcst\u00fc bir ser\u00fcvene \u00e7\u0131kar\u0131yor. \u00c7ocukluk ve yeti\u015fkinlik kavramlar\u0131 \u00fczerinden ne\u015fe ve masumiyet gibi naif duygulara temas eden kitap, fiziksel b\u00fcy\u00fcmenin hayalleri k\u00fc\u00e7\u00fcltt\u00fc\u011f\u00fcne dikkat \u00e7ekiyor ve Peter Pan&#8217;\u0131 ebed\u00ee bir \u00e7ocukluk idealinin simgesine d\u00f6n\u00fc\u015ft\u00fcr\u00fcyor. B\u00fct\u00fcn \u00e7ocuklar b\u00fcy\u00fcr. Biri hari\u00e7&#8230; B\u00fcy\u00fcmeyi reddeden Peter Pan, ele avuca s\u0131\u011fmaz ki\u015fili\u011fi ve u\u00e7abilme yetene\u011fiyle s\u0131rad\u0131\u015f\u0131 bir \u00e7ocuktur. Var Olmayan \u00dclke&#8217;de, minik peri dostu ve kay\u0131p \u00e7ocuklarla birlikte ya\u015famaktad\u0131r. Ad\u0131 y\u0131llarca kulaktan kula\u011fa dolanm\u0131\u015f, hik\u00e2yelere konu olmu\u015ftur. Hatta, asla b\u00fcy\u00fcmeyen bu \u00e7ocu\u011fun efsanesi, Darling ailesinin evine ve onlar\u0131n hayalperest \u00e7ocuklar\u0131n\u0131n d\u00fc\u015flerine dahi konmu\u015ftur. Ve nihayet, Wendy, John ve Michael i\u00e7in Peter Pan&#8217;la tan\u0131\u015fma vakti gelmi\u015ftir. Tabii, Peter kaybetti\u011fi g\u00f6lgesini bulmay\u0131 ba\u015farabilirse!  Ama&#8230; hi\u00e7 b\u00fcy\u00fcmeyen \u00e7ocuk mu olur? U\u00e7mak ger\u00e7ekten m\u00fcmk\u00fcn m\u00fc? Korsan Kanca neden Peter&#8217;\u0131n pe\u015finde? O h\u00e2lde g\u00f6ky\u00fcz\u00fcne biraz peri tozu serpi\u015ftirelim ve s\u0131rlar\u0131 birer birer a\u00e7\u0131\u011fa \u00e7\u0131karal\u0131m! Kay\u0131p \u00e7ocuklar\u0131n kendi krall\u0131klar\u0131nda h\u00fck\u00fcm s\u00fcrd\u00fc\u011f\u00fc, K\u0131z\u0131lderililer ile korsanlar\u0131n etrafta cirit att\u0131\u011f\u0131 sihir dolu bir ser\u00fcvene &#8221;havalanan&#8221; Peter Pan, &#8221;s\u0131radan&#8221; \u015feylere ge\u00e7it vermeyen fantastik bir d\u00fcnyan\u0131n kap\u0131lar\u0131n\u0131 sonuna kadar a\u00e7\u0131yor.Masallara inanmaktan vazge\u00e7meyenleri Var Olmayan \u00dclke&#8217;ye g\u00f6t\u00fcren Peter Pan&#8217;\u0131n bu yeniden anlat\u0131m\u0131, hayallerine s\u0131k\u0131 s\u0131k\u0131ya sar\u0131lan \u00e7ocuklar\u0131 ve i\u00e7indeki ufakl\u0131\u011f\u0131n sesine kulak vermeyi ihmal etmeyen yeti\u015fkinleri, \u00e7ocuklu\u011fun hi\u00e7 bitmeyen d\u00fc\u015fleri ve solmayan renkleriyle bulu\u015fturuyor.                                                                                                                                          &#8221;\u0130nsanlar, b\u00fcy\u00fcy\u00fcnce nas\u0131l u\u00e7acaklar\u0131n\u0131 unutuyorlar&#8230;&#8221;<\/p>\n","protected":false},"excerpt":{"rendered":"<p>Hanzade Servi, \u0130sko\u00e7 yazar James Matthew Barrie&#8217;nin \u00f6l\u00fcms\u00fcz klasi\u011fi Peter Pan&#8217;\u0131, mizahtan beslenen duru bir yorumla yeniden anlat\u0131yor. Melike Tan&#8217;\u0131n zarif resimleri e\u015fli\u011finde &#8221;SEN de OKU<span class=\"excerpt-hellip\"> [\u2026]<\/span><\/p>\n","protected":false},"featured_media":0,"template":"","meta":{"_monsterinsights_skip_tracking":false,"_monsterinsights_sitenote_active":false,"_monsterinsights_sitenote_note":"","_monsterinsights_sitenote_category":0},"product_brand":[],"product_cat":[12275,12274],"product_tag":[],"class_list":{"0":"post-729980","1":"product","2":"type-product","3":"status-publish","5":"product_cat-6-12-yas-kitaplari","6":"product_cat-cocuk-ve-genclik-kitaplari","7":"pa_cilt-ciltsiz","8":"pa_tur-kitap","9":"pa_yayinevi-tudem-yayinlari","10":"pa_yazar-tudem-yayinlari-kolektif","12":"first","13":"instock","14":"sale","15":"shipping-taxable","16":"purchasable","17":"product-type-simple"},"_links":{"self":[{"href":"https:\/\/roveyayinevi.com.tr\/index.php\/wp-json\/wp\/v2\/product\/729980","targetHints":{"allow":["GET"]}}],"collection":[{"href":"https:\/\/roveyayinevi.com.tr\/index.php\/wp-json\/wp\/v2\/product"}],"about":[{"href":"https:\/\/roveyayinevi.com.tr\/index.php\/wp-json\/wp\/v2\/types\/product"}],"wp:attachment":[{"href":"https:\/\/roveyayinevi.com.tr\/index.php\/wp-json\/wp\/v2\/media?parent=729980"}],"wp:term":[{"taxonomy":"product_brand","embeddable":true,"href":"https:\/\/roveyayinevi.com.tr\/index.php\/wp-json\/wp\/v2\/product_brand?post=729980"},{"taxonomy":"product_cat","embeddable":true,"href":"https:\/\/roveyayinevi.com.tr\/index.php\/wp-json\/wp\/v2\/product_cat?post=729980"},{"taxonomy":"product_tag","embeddable":true,"href":"https:\/\/roveyayinevi.com.tr\/index.php\/wp-json\/wp\/v2\/product_tag?post=729980"}],"curies":[{"name":"wp","href":"https:\/\/api.w.org\/{rel}","templated":true}]}}