{"id":729979,"date":"2025-08-27T21:06:07","date_gmt":"2025-08-27T18:06:07","guid":{"rendered":"https:\/\/roveyayinevi.com.tr\/index.php\/urun\/dorduncu-sanayi-devrimi\/"},"modified":"2026-04-16T02:37:37","modified_gmt":"2026-04-15T23:37:37","slug":"dorduncu-sanayi-devrimi","status":"publish","type":"product","link":"https:\/\/roveyayinevi.com.tr\/index.php\/urun\/dorduncu-sanayi-devrimi\/","title":{"rendered":"D\u00f6rd\u00fcnc\u00fc Sanayi Devrimi"},"content":{"rendered":"<p>D\u00fcnya Ekonomik Forumu&#8217;nun kurucusu ve ba\u015fkan\u0131 Klaus Schwab&#8217;\u0131n bu y\u0131l\u0131n \u015eubat ay\u0131nda yay\u0131nlanan D\u00f6rd\u00fcnc\u00fc Sanayi Devrimi ba\u015fl\u0131kl\u0131 kitab\u0131 insanl\u0131\u011f\u0131n d\u00f6n\u00fc\u015f\u00fcm\u00fcn\u00fc de i\u00e7eren yeni teknolojik devrimi nas\u0131l anlamak ve bi\u00e7imlendirmek meselesini ele al\u0131yor.&#8221;Sanayi 4.0&#8243; be\u015f y\u0131ld\u0131r bilinen bir kavram olmas\u0131na ra\u011fmen 2016 Davos toplant\u0131lar\u0131n\u0131n ana g\u00fcndem maddesi olarak ilan edilince d\u00fcnya \u00e7ap\u0131nda konu\u015fulur oldu. Yapay zek\u00e2, robotik, nesnelerin interneti, \u00f6zerk ta\u015f\u0131tlar, 3D yaz\u0131c\u0131lar, nanoteknoloji, biyoteknoloji, malzeme bilimi, enerji depolama ve kuantum bilgii\u015flem gibi yeni teknolojik at\u0131l\u0131mlar\u0131n \u00e7ok \u00e7e\u015fitli alanlarda \u015fa\u015f\u0131rt\u0131c\u0131 \u015fekillerde i\u00e7 i\u00e7e ge\u00e7mesi insanlara, \u015firketlere, \u00fclkelere ve d\u00fcnyaya ne getirecek?Teknolojinin ekonomik, sosyal, k\u00fclt\u00fcrel ve insani ba\u011flamlar\u0131 nas\u0131l yeniden bi\u00e7imlendirece\u011fi ve bununla ilgili kapsay\u0131c\u0131 ve k\u00fcresel bir ortak g\u00f6r\u00fc\u015f ihtiyac\u0131 \u00fczerine bir kitap.Sadece teknoloji alan\u0131ndakileri de\u011fil, hepimizi yak\u0131ndan ilgilendiriyor.<\/p>\n","protected":false},"excerpt":{"rendered":"<p>D\u00fcnya Ekonomik Forumu&#8217;nun kurucusu ve ba\u015fkan\u0131 Klaus Schwab&#8217;\u0131n bu y\u0131l\u0131n \u015eubat ay\u0131nda yay\u0131nlanan D\u00f6rd\u00fcnc\u00fc Sanayi Devrimi ba\u015fl\u0131kl\u0131 kitab\u0131 insanl\u0131\u011f\u0131n d\u00f6n\u00fc\u015f\u00fcm\u00fcn\u00fc de i\u00e7eren yeni teknolojik devrimi nas\u0131l<span class=\"excerpt-hellip\"> [\u2026]<\/span><\/p>\n","protected":false},"featured_media":0,"template":"","meta":{"_monsterinsights_skip_tracking":false,"_monsterinsights_sitenote_active":false,"_monsterinsights_sitenote_note":"","_monsterinsights_sitenote_category":0},"product_brand":[],"product_cat":[13005,37328],"product_tag":[],"class_list":{"0":"post-729979","1":"product","2":"type-product","3":"status-publish","5":"product_cat-bilim-muhendislik","6":"product_cat-diger-bilim-muhendislik","7":"pa_cilt-ciltsiz","8":"pa_tur-kitap","9":"pa_yayinevi-optimist-yayin-dagitim","10":"pa_yazar-klaus-schwab","12":"first","13":"instock","14":"sale","15":"shipping-taxable","16":"purchasable","17":"product-type-simple"},"_links":{"self":[{"href":"https:\/\/roveyayinevi.com.tr\/index.php\/wp-json\/wp\/v2\/product\/729979","targetHints":{"allow":["GET"]}}],"collection":[{"href":"https:\/\/roveyayinevi.com.tr\/index.php\/wp-json\/wp\/v2\/product"}],"about":[{"href":"https:\/\/roveyayinevi.com.tr\/index.php\/wp-json\/wp\/v2\/types\/product"}],"wp:attachment":[{"href":"https:\/\/roveyayinevi.com.tr\/index.php\/wp-json\/wp\/v2\/media?parent=729979"}],"wp:term":[{"taxonomy":"product_brand","embeddable":true,"href":"https:\/\/roveyayinevi.com.tr\/index.php\/wp-json\/wp\/v2\/product_brand?post=729979"},{"taxonomy":"product_cat","embeddable":true,"href":"https:\/\/roveyayinevi.com.tr\/index.php\/wp-json\/wp\/v2\/product_cat?post=729979"},{"taxonomy":"product_tag","embeddable":true,"href":"https:\/\/roveyayinevi.com.tr\/index.php\/wp-json\/wp\/v2\/product_tag?post=729979"}],"curies":[{"name":"wp","href":"https:\/\/api.w.org\/{rel}","templated":true}]}}