{"id":729977,"date":"2025-08-27T21:06:06","date_gmt":"2025-08-27T18:06:06","guid":{"rendered":"https:\/\/roveyayinevi.com.tr\/index.php\/urun\/paleolimnoloji-biyolojik-indikatorler-ve-anadoluda-uygulamalari\/"},"modified":"2026-04-16T02:37:37","modified_gmt":"2026-04-15T23:37:37","slug":"paleolimnoloji-biyolojik-indikatorler-ve-anadoluda-uygulamalari","status":"publish","type":"product","link":"https:\/\/roveyayinevi.com.tr\/index.php\/urun\/paleolimnoloji-biyolojik-indikatorler-ve-anadoluda-uygulamalari\/","title":{"rendered":"Paleolimnoloji &#8211; Biyolojik \u0130ndikat\u00f6rler ve Anadolu\u2019da Uygulamalar\u0131"},"content":{"rendered":"<p>ALANININ \u0130LK K\u0130TABI OLMASI \u00d6ZELL\u0130\u011e\u0130N\u0130 TA\u015eIYAN BU K\u0130TAP, lisans ve lisans\u00fcst\u00fc biyoloji, co\u011frafya ve jeoloji \u00f6\u011frencilerini paleolimnoloji alan\u0131na ve \u00f6zellikle co\u011frafya ve jeoloji \u00f6\u011frencilerini de biyolojik indikat\u00f6rlere tan\u0131\u015ft\u0131rmay\u0131 ama\u00e7lamaktad\u0131r. Ayr\u0131ca, biyoloji biliminin alt dallar\u0131ndan olan g\u00fcncel limnoloji ve ekoloji alanlar\u0131nda \u00e7al\u0131\u015fmalar yapanlar\u0131n, uzun s\u00fcreli ge\u00e7mi\u015f \u00e7evresel ve iklimsel de\u011fi\u015fimin takibi ile ilgilenen co\u011frafyac\u0131 ve jeologlar\u0131n, ayn\u0131 zamanda ge\u00e7mi\u015f \u00e7evresel ko\u015fullar\u0131 ve iklimi merak eden arkeologlar\u0131n ilgisini \u00e7ekebilir. Anadolu\u2019daki g\u00f6l sedimanlar\u0131 ge\u00e7 Pleistosen\u2019in \u00e7o\u011fu ve Holosen boyunca hem insanl\u0131k tarihine hem de ge\u00e7mi\u015f iklim ve \u00e7evresel de\u011fi\u015fimlere tan\u0131kl\u0131k etmi\u015flerdir. Bug\u00fcn ya\u015fad\u0131\u011f\u0131m\u0131z iklimsel ve \u00e7evresel ko\u015fullar\u0131n yak\u0131n ve uzak ge\u00e7mi\u015fteki de\u011fi\u015fimini takip etmek bize hem bug\u00fcn\u00fc daha iyi anlamam\u0131z\u0131 hem de gelece\u011fe y\u00f6nelik daha iyi tahminlerde bulunmam\u0131z\u0131 sa\u011flar.<\/p>\n","protected":false},"excerpt":{"rendered":"<p>ALANININ \u0130LK K\u0130TABI OLMASI \u00d6ZELL\u0130\u011e\u0130N\u0130 TA\u015eIYAN BU K\u0130TAP, lisans ve lisans\u00fcst\u00fc biyoloji, co\u011frafya ve jeoloji \u00f6\u011frencilerini paleolimnoloji alan\u0131na ve \u00f6zellikle co\u011frafya ve jeoloji \u00f6\u011frencilerini de biyolojik<span class=\"excerpt-hellip\"> [\u2026]<\/span><\/p>\n","protected":false},"featured_media":0,"template":"","meta":{"_monsterinsights_skip_tracking":false,"_monsterinsights_sitenote_active":false,"_monsterinsights_sitenote_note":"","_monsterinsights_sitenote_category":0},"product_brand":[],"product_cat":[74169,74170],"product_tag":[],"class_list":{"0":"post-729977","1":"product","2":"type-product","3":"status-publish","5":"product_cat-cografya","6":"product_cat-turkiye-cografyasi","7":"pa_cilt-ciltsiz","8":"pa_tur-kitap","9":"pa_yayinevi-efil-yayinevi","10":"pa_yazar-ceran-sekeryapan","12":"first","13":"instock","14":"sale","15":"shipping-taxable","16":"purchasable","17":"product-type-simple"},"_links":{"self":[{"href":"https:\/\/roveyayinevi.com.tr\/index.php\/wp-json\/wp\/v2\/product\/729977","targetHints":{"allow":["GET"]}}],"collection":[{"href":"https:\/\/roveyayinevi.com.tr\/index.php\/wp-json\/wp\/v2\/product"}],"about":[{"href":"https:\/\/roveyayinevi.com.tr\/index.php\/wp-json\/wp\/v2\/types\/product"}],"wp:attachment":[{"href":"https:\/\/roveyayinevi.com.tr\/index.php\/wp-json\/wp\/v2\/media?parent=729977"}],"wp:term":[{"taxonomy":"product_brand","embeddable":true,"href":"https:\/\/roveyayinevi.com.tr\/index.php\/wp-json\/wp\/v2\/product_brand?post=729977"},{"taxonomy":"product_cat","embeddable":true,"href":"https:\/\/roveyayinevi.com.tr\/index.php\/wp-json\/wp\/v2\/product_cat?post=729977"},{"taxonomy":"product_tag","embeddable":true,"href":"https:\/\/roveyayinevi.com.tr\/index.php\/wp-json\/wp\/v2\/product_tag?post=729977"}],"curies":[{"name":"wp","href":"https:\/\/api.w.org\/{rel}","templated":true}]}}