{"id":729975,"date":"2025-08-27T21:06:04","date_gmt":"2025-08-27T18:06:04","guid":{"rendered":"https:\/\/roveyayinevi.com.tr\/index.php\/urun\/duet-ve-duello\/"},"modified":"2026-04-12T02:44:52","modified_gmt":"2026-04-11T23:44:52","slug":"duet-ve-duello","status":"publish","type":"product","link":"https:\/\/roveyayinevi.com.tr\/index.php\/urun\/duet-ve-duello\/","title":{"rendered":"D\u00fcet ve D\u00fcello"},"content":{"rendered":"<p>S\u00f6z\u00fcn\u00fc sak\u0131nmayan, yan\u0131lg\u0131lar\u0131n\u0131 itiraf etmekten korkmayan, dobra bir kad\u0131n ve dobra bir erkek&#8230; \u0130kisi de sonuna dek a\u00e7\u0131k s\u00f6zl\u00fc, sans\u00fcrs\u00fcz ve inat\u00e7\u0131. \u0130kisi de ba\u015fkalar\u0131n\u0131n ne diyece\u011fini hi\u00e7 umursam\u0131yor&#8230; \u0130lk a\u015fklar\u0131n\u0131 70&#8217;li y\u0131llar\u0131n b\u00fcy\u00fcl\u00fc ortam\u0131nda ba\u015fkalar\u0131yla ya\u015fayan Nilg\u00fcn Belg\u00fcn ve Cengiz \u00d6zak\u0131nc\u0131, g\u00fcn\u00fcm\u00fczde giderek yok olan a\u015fk\u0131 kurtarmak \u00fczere, &#8216;A\u015fk, yeniden&#8217; dediler ve el ele verip a\u015fk\u0131n, sevginin ve dostlu\u011fun kitab\u0131n\u0131 yazd\u0131lar birlikte&#8230; Kendi ilk a\u015fklar\u0131n\u0131, \u015fiirlerini, \u015fark\u0131lar\u0131n\u0131, g\u00fcn\u00fcm\u00fcz gen\u00e7li\u011fiyle payla\u015f\u0131rken, kimi kez birbirleriyle k\u0131yas\u0131ya \u00e7at\u0131\u015farak Kad\u0131n-Erkek Sava\u015f\u0131&#8217;na girmekten hi\u00e7 \u00e7ekinmeyen Belg\u00fcn ve \u00d6zak\u0131nc\u0131, Kad\u0131n-Erkek Dostlu\u011fu&#8217;nun en g\u00fczel \u00f6rneklerini de verdiler bu kitapta&#8230; Ve bir \u015fairin ruhu kitap boyunca ad\u0131m ad\u0131m izledi onlar\u0131&#8230; Kimi kez D\u00fcet`e kimi kez D\u00fcello&#8217;ya d\u00f6n\u00fc\u015fen bu diyaloglar\u0131 okurken g\u00f6zleriniz dolabilir evet&#8230; Belg\u00fcn&#8217;\u00fcn Farketmez Gen\u00e7li\u011fi, \u00d6zak\u0131nc\u0131&#8217;n\u0131n Duygusal \u0130ktidars\u0131zlar olarak adland\u0131rd\u0131\u011f\u0131 g\u00fcn\u00fcm\u00fcz gen\u00e7li\u011fi, bir t\u00fcrl\u00fc yakalayamad\u0131\u011f\u0131 Ger\u00e7ek A\u015fk\u0131n S\u0131rr\u0131&#8217;n\u0131 \u00e7\u00f6zebilir bu kitapta&#8230; Yitirilen Duygular&#8217;dan Yalan Sevgiler&#8217;e; ku\u015faklar aras\u0131 \u00e7et&#8217;ten Sokak K\u0131z\u0131 \u0130rma&#8217;ya; a\u015fk u\u011fruna taht\u0131n\u0131 terk eden Kral Edward&#8217;tan, Marliyn Monroe ve Yves Montand&#8217;a; bur\u00e7lar aras\u0131 y\u0131ld\u0131z sava\u015flar\u0131&#8217;ndan sevdiklerini tokatlayan a\u015f\u0131klara; \u201cErkek ni\u00e7in aldat\u0131r\u201ddan \u201cDi\u015fi Entrikalar\u201da; \u201cZihinsel Aldatma\u201ddan \u201cBedensel Aldatma\u201dya; \u201cGe\u00e7ici a\u015fk\u201dtan kal\u0131c\u0131 sevgi ve k\u0131skan\u00e7l\u0131\u011fa; \u201c\u0130lk g\u00fcnah\u201dtan Cennet&#8217;teki ilk kavga&#8217;ya; cennet&#8217;ten kovulan ilk feminist Lilith&#8217;ten Adem ve Havva\u2019ya; \u0130lk ihanet&#8217;ten ayn\u0131 ki\u015fiye ikinci kez a\u015f\u0131k olmaya; a\u015fk eski bir yalan&#8217;dan; a\u015fk ahlak ve namus&#8217;a; paran\u0131n egemenli\u011finden &#8220;biricik bedava utlulu\u011fumuz: A\u015fk&#8221;a; her \u015fey ama her \u015fey masaya yat\u0131r\u0131ld\u0131 bu kitapta..<\/p>\n","protected":false},"excerpt":{"rendered":"<p>S\u00f6z\u00fcn\u00fc sak\u0131nmayan, yan\u0131lg\u0131lar\u0131n\u0131 itiraf etmekten korkmayan, dobra bir kad\u0131n ve dobra bir erkek&#8230; \u0130kisi de sonuna dek a\u00e7\u0131k s\u00f6zl\u00fc, sans\u00fcrs\u00fcz ve inat\u00e7\u0131. \u0130kisi de ba\u015fkalar\u0131n\u0131n ne<span class=\"excerpt-hellip\"> [\u2026]<\/span><\/p>\n","protected":false},"featured_media":0,"template":"","meta":{"_monsterinsights_skip_tracking":false,"_monsterinsights_sitenote_active":false,"_monsterinsights_sitenote_note":"","_monsterinsights_sitenote_category":0},"product_brand":[],"product_cat":[12291,12711],"product_tag":[],"class_list":{"0":"post-729975","1":"product","2":"type-product","3":"status-publish","5":"product_cat-edebiyat","6":"product_cat-roman-oyku","7":"pa_cilt-ciltsiz","8":"pa_tur-kitap","9":"pa_yayinevi-otopsi-yayinevi","10":"pa_yazar-cengiz-ozakinci-nilgun-belgun","12":"first","13":"instock","14":"sale","15":"shipping-taxable","16":"purchasable","17":"product-type-simple"},"_links":{"self":[{"href":"https:\/\/roveyayinevi.com.tr\/index.php\/wp-json\/wp\/v2\/product\/729975","targetHints":{"allow":["GET"]}}],"collection":[{"href":"https:\/\/roveyayinevi.com.tr\/index.php\/wp-json\/wp\/v2\/product"}],"about":[{"href":"https:\/\/roveyayinevi.com.tr\/index.php\/wp-json\/wp\/v2\/types\/product"}],"wp:attachment":[{"href":"https:\/\/roveyayinevi.com.tr\/index.php\/wp-json\/wp\/v2\/media?parent=729975"}],"wp:term":[{"taxonomy":"product_brand","embeddable":true,"href":"https:\/\/roveyayinevi.com.tr\/index.php\/wp-json\/wp\/v2\/product_brand?post=729975"},{"taxonomy":"product_cat","embeddable":true,"href":"https:\/\/roveyayinevi.com.tr\/index.php\/wp-json\/wp\/v2\/product_cat?post=729975"},{"taxonomy":"product_tag","embeddable":true,"href":"https:\/\/roveyayinevi.com.tr\/index.php\/wp-json\/wp\/v2\/product_tag?post=729975"}],"curies":[{"name":"wp","href":"https:\/\/api.w.org\/{rel}","templated":true}]}}