{"id":729974,"date":"2025-08-27T21:06:03","date_gmt":"2025-08-27T18:06:03","guid":{"rendered":"https:\/\/roveyayinevi.com.tr\/index.php\/urun\/vatan-bizim-fikir-bizim-mehmet-akif\/"},"modified":"2026-04-16T02:37:37","modified_gmt":"2026-04-15T23:37:37","slug":"vatan-bizim-fikir-bizim-mehmet-akif","status":"publish","type":"product","link":"https:\/\/roveyayinevi.com.tr\/index.php\/urun\/vatan-bizim-fikir-bizim-mehmet-akif\/","title":{"rendered":"Vatan Bizim Fikir Bizim Mehmet Akif"},"content":{"rendered":"<p>T\u00fcrk Edebiyat\u0131\u2019n\u0131n kahraman kalemi Mehmet Akif Ersoy\u2019un bu biyografisi \u0130stiklal Mar\u015f\u0131\u2019n\u0131n 100. y\u0131l\u0131nda gen\u00e7 okurlar i\u00e7in kaleme al\u0131nd\u0131. \u201cDo\u011facakt\u0131r, sana vaat etti\u011fi g\u00fcnler Hakk\u2019\u0131n!.. Bu, \u00fcmitle, imanla yaz\u0131l\u0131r. \u0130man\u0131m olmasayd\u0131 yazabilir miydim? Bu zamana kadar yazm\u0131\u015f oldu\u011fum eserler, hep istikl\u00e2le kavu\u015fmak i\u00e7in; fakat bug\u00fcn ba\u015far\u0131lan ink\u0131l\u00e2plar\u0131 g\u00f6rd\u00fckten sonra yazaca\u011f\u0131m eser de bir ink\u0131l\u00e2p eseri olacakt\u0131r. Vatan bizim, fikir bizim&#8230; Art\u0131k ba\u015f\u0131m\u0131zda fikrimize balta vuracak, aya\u011f\u0131m\u0131za demir ba\u011flay\u0131p bizi denize atacak korkun\u00e7 saltanat kuvvetleri yok!\u201d Milli m\u00fccadeleye, ba\u011f\u0131ms\u0131zl\u0131\u011fa, bir kar\u0131\u015f vatan topra\u011f\u0131na adanm\u0131\u015f koca bir \u00f6m\u00fcr.  Mehmet Akif Ersoy\u2019un do\u011fumuyla Fatih\u2019teki k\u00fc\u00e7\u00fck evlerine ne\u015fe katt\u0131\u011f\u0131 g\u00fcnden, g\u00fcre\u015fle ve \u015fiirle ge\u00e7en \u00e7ocuklu\u011funa; camilerde halka istiklal umudu a\u015f\u0131lad\u0131\u011f\u0131 gen\u00e7li\u011finden, vatan hasretiyle \u201c\u00e7\u0131ld\u0131racak\u201d hale geldi\u011fi s\u00fcrg\u00fcn y\u0131llar\u0131na kadar uzanan ya\u015fam \u00f6yk\u00fcs\u00fc. <\/p>\n","protected":false},"excerpt":{"rendered":"<p>T\u00fcrk Edebiyat\u0131\u2019n\u0131n kahraman kalemi Mehmet Akif Ersoy\u2019un bu biyografisi \u0130stiklal Mar\u015f\u0131\u2019n\u0131n 100. y\u0131l\u0131nda gen\u00e7 okurlar i\u00e7in kaleme al\u0131nd\u0131. \u201cDo\u011facakt\u0131r, sana vaat etti\u011fi g\u00fcnler Hakk\u2019\u0131n!.. Bu, \u00fcmitle,<span class=\"excerpt-hellip\"> [\u2026]<\/span><\/p>\n","protected":false},"featured_media":0,"template":"","meta":{"_monsterinsights_skip_tracking":false,"_monsterinsights_sitenote_active":false,"_monsterinsights_sitenote_note":"","_monsterinsights_sitenote_category":0},"product_brand":[],"product_cat":[14009,12291],"product_tag":[],"class_list":{"0":"post-729974","1":"product","2":"type-product","3":"status-publish","5":"product_cat-biyografi-otobiyografi-edebiyat","6":"product_cat-edebiyat","7":"pa_cilt-ciltsiz","8":"pa_tur-kitap","9":"pa_yayinevi-inkilap-kitabevi","10":"pa_yazar-ercan-dolapci","12":"first","13":"instock","14":"sale","15":"shipping-taxable","16":"purchasable","17":"product-type-simple"},"_links":{"self":[{"href":"https:\/\/roveyayinevi.com.tr\/index.php\/wp-json\/wp\/v2\/product\/729974","targetHints":{"allow":["GET"]}}],"collection":[{"href":"https:\/\/roveyayinevi.com.tr\/index.php\/wp-json\/wp\/v2\/product"}],"about":[{"href":"https:\/\/roveyayinevi.com.tr\/index.php\/wp-json\/wp\/v2\/types\/product"}],"wp:attachment":[{"href":"https:\/\/roveyayinevi.com.tr\/index.php\/wp-json\/wp\/v2\/media?parent=729974"}],"wp:term":[{"taxonomy":"product_brand","embeddable":true,"href":"https:\/\/roveyayinevi.com.tr\/index.php\/wp-json\/wp\/v2\/product_brand?post=729974"},{"taxonomy":"product_cat","embeddable":true,"href":"https:\/\/roveyayinevi.com.tr\/index.php\/wp-json\/wp\/v2\/product_cat?post=729974"},{"taxonomy":"product_tag","embeddable":true,"href":"https:\/\/roveyayinevi.com.tr\/index.php\/wp-json\/wp\/v2\/product_tag?post=729974"}],"curies":[{"name":"wp","href":"https:\/\/api.w.org\/{rel}","templated":true}]}}