{"id":729973,"date":"2025-08-27T21:06:02","date_gmt":"2025-08-27T18:06:02","guid":{"rendered":"https:\/\/roveyayinevi.com.tr\/index.php\/urun\/yalnizca-sayilari-seven-adam\/"},"modified":"2026-04-16T02:37:37","modified_gmt":"2026-04-15T23:37:37","slug":"yalnizca-sayilari-seven-adam","status":"publish","type":"product","link":"https:\/\/roveyayinevi.com.tr\/index.php\/urun\/yalnizca-sayilari-seven-adam\/","title":{"rendered":"Yaln\u0131zca Say\u0131lar\u0131 Seven Adam"},"content":{"rendered":"<p>T\u00fcm zamanlar\u0131n en \u00fcretken matematik\u00e7ilerinden Paul Erd\u0151s\u2019\u00fcn m\u00fckemmel bir biyografisi. Erd\u0151s, 485 matematik\u00e7i ile ortak \u00e7al\u0131\u015fmalar yapt\u0131 ve 1500\u2019den fazla (normal bir matematik\u00e7inin yakla\u015f\u0131k 10 kat\u0131) makale yay\u0131mlad\u0131. Onun hi\u00e7 evi olmad\u0131, sahip oldu\u011fu her \u015feyini s\u0131\u011fd\u0131rd\u0131\u011f\u0131 bir bavulla, \u00e7al\u0131\u015fmak istedi\u011fi matematik\u00e7ilerin kap\u0131s\u0131na dayand\u0131. Bu kitapta, Erd\u0151s\u2019\u00fcn ya\u015fam\u0131na dair di\u011fer detaylar\u0131n yan\u0131 s\u0131ra, ya\u015fam\u0131 boyunca \u00e7al\u0131\u015ft\u0131\u011f\u0131 (\u00e7o\u011funlu\u011fu say\u0131lar teorisi ile ilgili) \u00e7ok say\u0131da problem hakk\u0131nda tart\u0131\u015fmalar da yer al\u0131yor. Cambridge \u00dcniversitesi, Matematik Kitaplar\u0131 \u00d6neri Listesi, 2021 \u201cErd\u0151s matemati\u011fe inan\u0131lmaz \u00f6l\u00e7\u00fcde katk\u0131larda bulundu. Ama benim i\u00e7in daha \u00f6nemli olan \u00e7ok say\u0131da matematik\u00e7i yaratm\u0131\u015f olmas\u0131d\u0131r. Muhte\u015fem bir problem ortaya koyucuydu. Herhangi bir zorluk derecesindeki problemi form\u00fcle etme yetene\u011fi efsaneviydi. Pek \u00e7ok insan cevaplamas\u0131 neredeyse imk\u00e2ns\u0131z olan, zor ya da sa\u00e7ma denecek kadar kolay sorular sorabilir. Fakat \u00e7ok az\u0131m\u0131z\u0131n ula\u015f\u0131lmazl\u0131kla sa\u00e7mal\u0131k aras\u0131ndaki ince \u00e7izgide ilerleyebilecek yetene\u011fi vard\u0131r. Erd\u0151s problemleri, \u00e7\u00f6zmek i\u00e7in yar\u0131m as\u0131r ya da daha fazla zaman gerektiren Hilbert problemlerinden de\u011fildi. Erd\u0151s sorular\u0131 hep tam ayar\u0131ndayd\u0131. Ara\u015ft\u0131rmam\u0131zda t\u00f6kezliyorsak, asl\u0131nda \u00e7o\u011fu zaman do\u011fru soruyu sormuyoruzdur. Erd\u0151s\u2019\u00fcn se\u00e7kin ve \u00f6nemli sorular\u0131, matematik tarihinde yerlerini alm\u0131\u015flard\u0131r. Bu sorular\u0131n hemen hemen hepsini \u00e7\u00f6zmek i\u00e7in ciddi \u00e7abalar ortaya konulmu\u015f ve baz\u0131lar\u0131 k\u0131smen, baz\u0131lar\u0131 ise tamamen \u00e7\u00f6z\u00fclm\u00fc\u015flerdir.\u201d Richard Guy <\/p>\n","protected":false},"excerpt":{"rendered":"<p>T\u00fcm zamanlar\u0131n en \u00fcretken matematik\u00e7ilerinden Paul Erd\u0151s\u2019\u00fcn m\u00fckemmel bir biyografisi. Erd\u0151s, 485 matematik\u00e7i ile ortak \u00e7al\u0131\u015fmalar yapt\u0131 ve 1500\u2019den fazla (normal bir matematik\u00e7inin yakla\u015f\u0131k 10 kat\u0131)<span class=\"excerpt-hellip\"> [\u2026]<\/span><\/p>\n","protected":false},"featured_media":0,"template":"","meta":{"_monsterinsights_skip_tracking":false,"_monsterinsights_sitenote_active":false,"_monsterinsights_sitenote_note":"","_monsterinsights_sitenote_category":0},"product_brand":[],"product_cat":[13005,16724],"product_tag":[],"class_list":{"0":"post-729973","1":"product","2":"type-product","3":"status-publish","5":"product_cat-bilim-muhendislik","6":"product_cat-matematik","7":"pa_cilt-ciltsiz","8":"pa_tur-kitap","9":"pa_yayinevi-nika-yayinevi","10":"pa_yazar-paul-hoffman","12":"first","13":"instock","14":"sale","15":"shipping-taxable","16":"purchasable","17":"product-type-simple"},"_links":{"self":[{"href":"https:\/\/roveyayinevi.com.tr\/index.php\/wp-json\/wp\/v2\/product\/729973","targetHints":{"allow":["GET"]}}],"collection":[{"href":"https:\/\/roveyayinevi.com.tr\/index.php\/wp-json\/wp\/v2\/product"}],"about":[{"href":"https:\/\/roveyayinevi.com.tr\/index.php\/wp-json\/wp\/v2\/types\/product"}],"wp:attachment":[{"href":"https:\/\/roveyayinevi.com.tr\/index.php\/wp-json\/wp\/v2\/media?parent=729973"}],"wp:term":[{"taxonomy":"product_brand","embeddable":true,"href":"https:\/\/roveyayinevi.com.tr\/index.php\/wp-json\/wp\/v2\/product_brand?post=729973"},{"taxonomy":"product_cat","embeddable":true,"href":"https:\/\/roveyayinevi.com.tr\/index.php\/wp-json\/wp\/v2\/product_cat?post=729973"},{"taxonomy":"product_tag","embeddable":true,"href":"https:\/\/roveyayinevi.com.tr\/index.php\/wp-json\/wp\/v2\/product_tag?post=729973"}],"curies":[{"name":"wp","href":"https:\/\/api.w.org\/{rel}","templated":true}]}}