{"id":729972,"date":"2025-08-27T21:06:01","date_gmt":"2025-08-27T18:06:01","guid":{"rendered":"https:\/\/roveyayinevi.com.tr\/index.php\/urun\/gestalt-danismanligi-degisme-yolculuklarina-uzanan-el\/"},"modified":"2026-04-16T02:37:37","modified_gmt":"2026-04-15T23:37:37","slug":"gestalt-danismanligi-degisme-yolculuklarina-uzanan-el","status":"publish","type":"product","link":"https:\/\/roveyayinevi.com.tr\/index.php\/urun\/gestalt-danismanligi-degisme-yolculuklarina-uzanan-el\/","title":{"rendered":"Ge\u015ftalt Dan\u0131\u015fmanl\u0131\u011f\u0131: De\u011fi\u015fme Yolculuklar\u0131na Uzanan El"},"content":{"rendered":"<p>Dan\u0131\u015fan\u0131n\u0131 \u201coldu\u011fu gibi\u201d tan\u0131ma; onun da kendisini \u201coldu\u011fu gibi\u201d tan\u0131mas\u0131na, tan\u0131mad\u0131\u011f\u0131 par\u00e7alar\u0131n\u0131 benimsemesine yard\u0131mc\u0131 olma: \u0130\u015fte Ge\u015ftalt Dan\u0131\u015fmanl\u0131k Yakla\u015f\u0131m\u0131! Yakla\u015f\u0131ma ili\u015fkin kuramla uygulamay\u0131 i\u00e7 i\u00e7e sunan kitap hem mesle\u011fe yeni ad\u0131m atm\u0131\u015f dan\u0131\u015fmanlara hem de deneyimli dan\u0131\u015fmanlara y\u00f6nelik, Ge\u015ftalt dan\u0131\u015fmanl\u0131\u011f\u0131n\u0131n felsefesi ve \u00e7al\u0131\u015fma y\u00f6ntemleri \u00fcst\u00fcne kapsaml\u0131 bir k\u0131lavuz niteli\u011findedir. Sills, Fish ve Lapworth, d\u00f6rt kesime ay\u0131rd\u0131klar\u0131 metinde, okurlara \u00f6nce Ge\u015ftalt yakla\u015f\u0131m\u0131na genel bir bak\u0131\u015f, sonra Ge\u015ftalt dan\u0131\u015fmanl\u0131\u011f\u0131n\u0131n ba\u015fat kuramlar\u0131na ili\u015fkin bir inceleme, daha sonra da Ge\u015ftalt uygulama ve de\u011ferlendirme evrelerine y\u00f6nelik bir odaklanma sa\u011fl\u0131yor; olgu \u00f6rne\u011fi sunusuyla birlikte e\u011fitme ve \u00fcstdenetmenlik \u00fcst\u00fcne b\u00f6l\u00fcmle \u00e7emberi tamaml\u0131yorlar. Kitap, her bir b\u00f6l\u00fcmde yer alan al\u0131\u015ft\u0131rma \u00f6rnekleriyle, \u00f6nerileriyle yaln\u0131zca dan\u0131\u015fmanlara, dan\u0131\u015fanlara de\u011fil, Ge\u015ftalt yakla\u015f\u0131m\u0131yla yeni tan\u0131\u015fm\u0131\u015f s\u0131radan okurlara da seslenebilecek, onlar\u0131n da ilgisini \u00e7ekecek yal\u0131nl\u0131kta.    Yazarlar \u201ckendinizi, i\u00e7inde yer ald\u0131\u011f\u0131n\u0131z \u00e7evreyle birlikte fark etmeye\u201d \u00e7a\u011f\u0131r\u0131yor. Bu \u00e7a\u011fr\u0131ya \u201cben var\u0131m, haz\u0131r\u0131m!\u201d diyorsan\u0131z Ge\u015ftalt Dan\u0131\u015fmanl\u0131\u011f\u0131\u2019na buyurunuz, ho\u015f geldiniz. \u015eimdi ve burada bir yolculu\u011fa \u00e7\u0131k\u0131yoruz<\/p>\n","protected":false},"excerpt":{"rendered":"<p>Dan\u0131\u015fan\u0131n\u0131 \u201coldu\u011fu gibi\u201d tan\u0131ma; onun da kendisini \u201coldu\u011fu gibi\u201d tan\u0131mas\u0131na, tan\u0131mad\u0131\u011f\u0131 par\u00e7alar\u0131n\u0131 benimsemesine yard\u0131mc\u0131 olma: \u0130\u015fte Ge\u015ftalt Dan\u0131\u015fmanl\u0131k Yakla\u015f\u0131m\u0131! Yakla\u015f\u0131ma ili\u015fkin kuramla uygulamay\u0131 i\u00e7 i\u00e7e sunan<span class=\"excerpt-hellip\"> [\u2026]<\/span><\/p>\n","protected":false},"featured_media":0,"template":"","meta":{"_monsterinsights_skip_tracking":false,"_monsterinsights_sitenote_active":false,"_monsterinsights_sitenote_note":"","_monsterinsights_sitenote_category":0},"product_brand":[],"product_cat":[38801,12357],"product_tag":[],"class_list":{"0":"post-729972","1":"product","2":"type-product","3":"status-publish","5":"product_cat-ekoller-ve-yaklasimlar","6":"product_cat-psikoloji","7":"pa_cilt-ciltsiz","8":"pa_tur-kitap","9":"pa_yayinevi-nika-yayinevi","10":"pa_yazar-nika-yayinevi-kolektif","12":"first","13":"instock","14":"sale","15":"shipping-taxable","16":"purchasable","17":"product-type-simple"},"_links":{"self":[{"href":"https:\/\/roveyayinevi.com.tr\/index.php\/wp-json\/wp\/v2\/product\/729972","targetHints":{"allow":["GET"]}}],"collection":[{"href":"https:\/\/roveyayinevi.com.tr\/index.php\/wp-json\/wp\/v2\/product"}],"about":[{"href":"https:\/\/roveyayinevi.com.tr\/index.php\/wp-json\/wp\/v2\/types\/product"}],"wp:attachment":[{"href":"https:\/\/roveyayinevi.com.tr\/index.php\/wp-json\/wp\/v2\/media?parent=729972"}],"wp:term":[{"taxonomy":"product_brand","embeddable":true,"href":"https:\/\/roveyayinevi.com.tr\/index.php\/wp-json\/wp\/v2\/product_brand?post=729972"},{"taxonomy":"product_cat","embeddable":true,"href":"https:\/\/roveyayinevi.com.tr\/index.php\/wp-json\/wp\/v2\/product_cat?post=729972"},{"taxonomy":"product_tag","embeddable":true,"href":"https:\/\/roveyayinevi.com.tr\/index.php\/wp-json\/wp\/v2\/product_tag?post=729972"}],"curies":[{"name":"wp","href":"https:\/\/api.w.org\/{rel}","templated":true}]}}