{"id":729971,"date":"2025-08-27T21:06:01","date_gmt":"2025-08-27T18:06:01","guid":{"rendered":"https:\/\/roveyayinevi.com.tr\/index.php\/urun\/seks-yalanlar-ve-psikanaliz\/"},"modified":"2026-04-16T02:37:37","modified_gmt":"2026-04-15T23:37:37","slug":"seks-yalanlar-ve-psikanaliz","status":"publish","type":"product","link":"https:\/\/roveyayinevi.com.tr\/index.php\/urun\/seks-yalanlar-ve-psikanaliz\/","title":{"rendered":"Seks, Yalanlar ve Psikanaliz"},"content":{"rendered":"<p>\u0130ki insan aras\u0131ndaki bilin\u00e7d\u0131\u015f\u0131 ba\u011f\u0131n seks ve arzuyla nas\u0131l kesi\u015fti\u011fini merak ediyor, cinsellik ile tutkunun karma\u015f\u0131k yap\u0131s\u0131n\u0131 incelemek istiyorsan\u0131z bu kitab\u0131 elinizden b\u0131rakamayacaks\u0131n\u0131z!   \u0130fade edilmemi\u015f duygular asla \u00f6lmez, sadece diri diri g\u00f6m\u00fcl\u00fcr; sonradan daha korkun\u00e7 \u015fekillerde ortaya \u00e7\u0131kar, der Freud. Hastalar\u0131yla ger\u00e7ekle\u015ftirdi\u011fi seanslarda Freud\u2019un bu s\u00f6z\u00fcn\u00fc kan\u0131tlar nitelikteki \u00e7arp\u0131c\u0131 ger\u00e7eklerle y\u00fczle\u015fen psikanalist ve klinik dan\u0131\u015fman Dr. Galit Atlas, kendisiyle birlikte bizi de bilinmezliklerle dolu bir kap\u0131n\u0131n ard\u0131na s\u00fcr\u00fckl\u00fcyor.   Bu heyecan verici kitap, analistin ve hastan\u0131n arzular\u0131na ve bunlar\u0131n dan\u0131\u015fma odas\u0131nda nas\u0131l ortaya \u00e7\u0131karak birbiriyle etkile\u015fim i\u00e7ine girdi\u011fine de\u011finen bir grup terapi hikayesine yer veriyor. Bu ba\u011flamda, iki insan\u0131n aras\u0131ndaki bilin\u00e7d\u0131\u015f\u0131 ba\u011f\u0131n seks ve arzuyla nas\u0131l kesi\u015fti\u011fine de dikkat \u00e7ekiyor.   Atlas\u2019\u0131n on bir hastayla yapt\u0131\u011f\u0131 g\u00f6r\u00fc\u015fmeler ve bu s\u00fcre\u00e7te kaydettikleri ilerlemeler samimi ve s\u00fcr\u00fckleyici bir dille okuyucuya aktar\u0131l\u0131yor. Kendimizi bir anda o terapi odas\u0131nda, Atlas ile birlikte birbirinden farkl\u0131 hayat hikayelerine tan\u0131kl\u0131k ederken buluyoruz.   Bilinen ve bilinmeyenin, hayaletler ve k\u00f6t\u00fc ruhlar\u0131n, cinsellik ve tutkunun masaya yat\u0131r\u0131ld\u0131\u011f\u0131 bu terapi seanslar\u0131nda \u00f6zlem, arzu, cinsel engelleme, hamilelik, ebeveynlik ve yarat\u0131c\u0131l\u0131\u011f\u0131n \u201cgizemli ve pragmatik\u201d olarak adland\u0131r\u0131lan \u00f6zellikleri teker teker inceleniyor.   Dr. Galit Atlas burada yaln\u0131zca hastalar\u0131n\u0131n ya\u015fad\u0131klar\u0131na de\u011fil, kendi ya\u015fad\u0131klar\u0131na da yer vererek olaylar\u0131 iki farkl\u0131 boyutta incelememize imkan sunuyor. Bu zamana kadar belki kendimize bile itiraf edemedi\u011fimiz arzular\u0131n kayna\u011f\u0131n\u0131 ke\u015ffetmeye hi\u00e7 olmad\u0131\u011f\u0131m\u0131z kadar yak\u0131n olabiliriz.   Seks, Yalanlar ve Psikanaliz: Arzunun Gizemi psikanalistler, terapistler ve ruh sa\u011fl\u0131\u011f\u0131 uzmanlar\u0131n\u0131n ba\u015fvuraca\u011f\u0131 yararl\u0131 bir kaynak olman\u0131n yan\u0131 s\u0131ra seks ve arzunun \u00e7etrefilli yap\u0131s\u0131n\u0131 merak eden herkes i\u00e7in de bir ba\u015fucu kitab\u0131 olacak. <\/p>\n","protected":false},"excerpt":{"rendered":"<p>\u0130ki insan aras\u0131ndaki bilin\u00e7d\u0131\u015f\u0131 ba\u011f\u0131n seks ve arzuyla nas\u0131l kesi\u015fti\u011fini merak ediyor, cinsellik ile tutkunun karma\u015f\u0131k yap\u0131s\u0131n\u0131 incelemek istiyorsan\u0131z bu kitab\u0131 elinizden b\u0131rakamayacaks\u0131n\u0131z! \u0130fade edilmemi\u015f duygular<span class=\"excerpt-hellip\"> [\u2026]<\/span><\/p>\n","protected":false},"featured_media":0,"template":"","meta":{"_monsterinsights_skip_tracking":false,"_monsterinsights_sitenote_active":false,"_monsterinsights_sitenote_note":"","_monsterinsights_sitenote_category":0},"product_brand":[],"product_cat":[12358,12357],"product_tag":[],"class_list":{"0":"post-729971","1":"product","2":"type-product","3":"status-publish","5":"product_cat-genel-psikoloji","6":"product_cat-psikoloji","7":"pa_cilt-ciltsiz","8":"pa_tur-kitap","9":"pa_yayinevi-okuyan-us-yayin","10":"pa_yazar-galit-atlas","12":"first","13":"instock","14":"sale","15":"shipping-taxable","16":"purchasable","17":"product-type-simple"},"_links":{"self":[{"href":"https:\/\/roveyayinevi.com.tr\/index.php\/wp-json\/wp\/v2\/product\/729971","targetHints":{"allow":["GET"]}}],"collection":[{"href":"https:\/\/roveyayinevi.com.tr\/index.php\/wp-json\/wp\/v2\/product"}],"about":[{"href":"https:\/\/roveyayinevi.com.tr\/index.php\/wp-json\/wp\/v2\/types\/product"}],"wp:attachment":[{"href":"https:\/\/roveyayinevi.com.tr\/index.php\/wp-json\/wp\/v2\/media?parent=729971"}],"wp:term":[{"taxonomy":"product_brand","embeddable":true,"href":"https:\/\/roveyayinevi.com.tr\/index.php\/wp-json\/wp\/v2\/product_brand?post=729971"},{"taxonomy":"product_cat","embeddable":true,"href":"https:\/\/roveyayinevi.com.tr\/index.php\/wp-json\/wp\/v2\/product_cat?post=729971"},{"taxonomy":"product_tag","embeddable":true,"href":"https:\/\/roveyayinevi.com.tr\/index.php\/wp-json\/wp\/v2\/product_tag?post=729971"}],"curies":[{"name":"wp","href":"https:\/\/api.w.org\/{rel}","templated":true}]}}