{"id":729970,"date":"2025-08-27T21:06:00","date_gmt":"2025-08-27T18:06:00","guid":{"rendered":"https:\/\/roveyayinevi.com.tr\/index.php\/urun\/uluslararasi-hukukta-yapay-adalar-ve-tesisler\/"},"modified":"2026-04-16T02:37:37","modified_gmt":"2026-04-15T23:37:37","slug":"uluslararasi-hukukta-yapay-adalar-ve-tesisler","status":"publish","type":"product","link":"https:\/\/roveyayinevi.com.tr\/index.php\/urun\/uluslararasi-hukukta-yapay-adalar-ve-tesisler\/","title":{"rendered":"Uluslararas\u0131 Hukukta Yapay Adalar ve Tesisler"},"content":{"rendered":"<p>\u0130\u00e7indekiler \u00d6ns\u00f6z \u0130\u00e7indekiler K\u0131saltmalar Listesi Giri\u015f Birinci B\u00f6l\u00fcm 1. Yapay Adalar ve Tesislerin Uluslararas\u0131 S\u00f6zle\u015fmelerdeki Yeri ve Tan\u0131m\u0131 \u0130kinci B\u00f6l\u00fcm 2. Yapay Adalar ve Tesislerin Kurulmas\u0131 ve Kald\u0131r\u0131lmas\u0131 \u00dc\u00e7\u00fcnc\u00fc B\u00f6l\u00fcm 3.Uluslararas\u0131 \u00c7evre Hukukunda Yapay Adalar ve Tesisler <\/p>\n","protected":false},"excerpt":{"rendered":"<p>\u0130\u00e7indekiler \u00d6ns\u00f6z \u0130\u00e7indekiler K\u0131saltmalar Listesi Giri\u015f Birinci B\u00f6l\u00fcm 1. Yapay Adalar ve Tesislerin Uluslararas\u0131 S\u00f6zle\u015fmelerdeki Yeri ve Tan\u0131m\u0131 \u0130kinci B\u00f6l\u00fcm 2. Yapay Adalar ve Tesislerin Kurulmas\u0131<span class=\"excerpt-hellip\"> [\u2026]<\/span><\/p>\n","protected":false},"featured_media":0,"template":"","meta":{"_monsterinsights_skip_tracking":false,"_monsterinsights_sitenote_active":false,"_monsterinsights_sitenote_note":"","_monsterinsights_sitenote_category":0},"product_brand":[],"product_cat":[15350,17602],"product_tag":[],"class_list":{"0":"post-729970","1":"product","2":"type-product","3":"status-publish","5":"product_cat-hukuk","6":"product_cat-hukuk-uzerine","7":"pa_cilt-ciltsiz","8":"pa_tur-kitap","9":"pa_yayinevi-gazi-kitabevi","10":"pa_yazar-murat-kurun","12":"first","13":"instock","14":"sale","15":"shipping-taxable","16":"purchasable","17":"product-type-simple"},"_links":{"self":[{"href":"https:\/\/roveyayinevi.com.tr\/index.php\/wp-json\/wp\/v2\/product\/729970","targetHints":{"allow":["GET"]}}],"collection":[{"href":"https:\/\/roveyayinevi.com.tr\/index.php\/wp-json\/wp\/v2\/product"}],"about":[{"href":"https:\/\/roveyayinevi.com.tr\/index.php\/wp-json\/wp\/v2\/types\/product"}],"wp:attachment":[{"href":"https:\/\/roveyayinevi.com.tr\/index.php\/wp-json\/wp\/v2\/media?parent=729970"}],"wp:term":[{"taxonomy":"product_brand","embeddable":true,"href":"https:\/\/roveyayinevi.com.tr\/index.php\/wp-json\/wp\/v2\/product_brand?post=729970"},{"taxonomy":"product_cat","embeddable":true,"href":"https:\/\/roveyayinevi.com.tr\/index.php\/wp-json\/wp\/v2\/product_cat?post=729970"},{"taxonomy":"product_tag","embeddable":true,"href":"https:\/\/roveyayinevi.com.tr\/index.php\/wp-json\/wp\/v2\/product_tag?post=729970"}],"curies":[{"name":"wp","href":"https:\/\/api.w.org\/{rel}","templated":true}]}}