{"id":729964,"date":"2025-08-27T21:05:55","date_gmt":"2025-08-27T18:05:55","guid":{"rendered":"https:\/\/roveyayinevi.com.tr\/index.php\/urun\/sozun-buyusu\/"},"modified":"2026-04-16T02:37:37","modified_gmt":"2026-04-15T23:37:37","slug":"sozun-buyusu","status":"publish","type":"product","link":"https:\/\/roveyayinevi.com.tr\/index.php\/urun\/sozun-buyusu\/","title":{"rendered":"S\u00f6z\u00fcn B\u00fcy\u00fcs\u00fc"},"content":{"rendered":"<p>D\u00fc\u015f\u00fcnd\u00fc\u011f\u00fcm\u00fcz, s\u00f6ylemek istedi\u011fimiz,s\u00f6yledi\u011fimizi sand\u0131\u011f\u0131m\u0131z, s\u00f6yledi\u011fimiz,kar\u015f\u0131m\u0131zdakinin duymak istedi\u011fi, duydu\u011fu,anlamak istedi\u011fi, anlad\u0131\u011f\u0131n\u0131 sand\u0131\u011f\u0131 ve anlad\u0131\u011f\u0131\u2026Birbirimizi yanl\u0131\u015f anlamam\u0131z i\u00e7in en az dokuz ihtimali s\u0131ralar   Sylviane Herpin. Belki de bu sebeple anla\u015f\u0131lman\u0131n bir l\u00fcks oldu\u011funu dile getirirR. Waldo Emerson. Peki, kendimizi anlamam\u0131z\u0131n yolu nereden ge\u00e7er?Kelimeler birer organd\u0131r. Ya\u015famla ba\u011f kurmam\u0131z\u0131 sa\u011flar.Konu\u015furken a\u011fz\u0131m\u0131zdan \u00e7\u0131karlar, fakat gitmezler.D\u00fcnyam\u0131z\u0131 kelimelerle ifade eder, kelimelerle tan\u0131mlar\u0131z. B\u00f6ylece duvarlar \u00f6rer ya da duvarlar\u0131 y\u0131kar\u0131z. Onlar\u0131 sadece s\u00f6zl\u00fck anlamlar\u0131 ile de\u011fil, sosyolojik ve psikolojik anlamlar\u0131yla da kullan\u0131r\u0131z. Biz, konu\u015ftu\u011fumuz ki\u015fiyiz. Se\u00e7ti\u011fimiz kelimeler, s\u00f6zler sadece konular\u0131m\u0131z\u0131 de\u011fil, b\u00fct\u00fcn\u00fcyle bizi resmeder.Ve sustuklar\u0131m\u0131z, bundan ba\u011f\u0131ms\u0131z de\u011fildir.G\u00f6ksel Bekmezci<\/p>\n","protected":false},"excerpt":{"rendered":"<p>D\u00fc\u015f\u00fcnd\u00fc\u011f\u00fcm\u00fcz, s\u00f6ylemek istedi\u011fimiz,s\u00f6yledi\u011fimizi sand\u0131\u011f\u0131m\u0131z, s\u00f6yledi\u011fimiz,kar\u015f\u0131m\u0131zdakinin duymak istedi\u011fi, duydu\u011fu,anlamak istedi\u011fi, anlad\u0131\u011f\u0131n\u0131 sand\u0131\u011f\u0131 ve anlad\u0131\u011f\u0131\u2026Birbirimizi yanl\u0131\u015f anlamam\u0131z i\u00e7in en az dokuz ihtimali s\u0131ralar Sylviane Herpin. Belki de bu<span class=\"excerpt-hellip\"> [\u2026]<\/span><\/p>\n","protected":false},"featured_media":0,"template":"","meta":{"_monsterinsights_skip_tracking":false,"_monsterinsights_sitenote_active":false,"_monsterinsights_sitenote_note":"","_monsterinsights_sitenote_category":0},"product_brand":[],"product_cat":[12364,12376],"product_tag":[],"class_list":{"0":"post-729964","1":"product","2":"type-product","3":"status-publish","5":"product_cat-genel-konular","6":"product_cat-kisisel-gelisim","7":"pa_cilt-ciltsiz","8":"pa_tur-kitap","9":"pa_yayinevi-nemesis-kitap","10":"pa_yazar-goksel-bekmezci","12":"first","13":"instock","14":"sale","15":"shipping-taxable","16":"purchasable","17":"product-type-simple"},"_links":{"self":[{"href":"https:\/\/roveyayinevi.com.tr\/index.php\/wp-json\/wp\/v2\/product\/729964","targetHints":{"allow":["GET"]}}],"collection":[{"href":"https:\/\/roveyayinevi.com.tr\/index.php\/wp-json\/wp\/v2\/product"}],"about":[{"href":"https:\/\/roveyayinevi.com.tr\/index.php\/wp-json\/wp\/v2\/types\/product"}],"wp:attachment":[{"href":"https:\/\/roveyayinevi.com.tr\/index.php\/wp-json\/wp\/v2\/media?parent=729964"}],"wp:term":[{"taxonomy":"product_brand","embeddable":true,"href":"https:\/\/roveyayinevi.com.tr\/index.php\/wp-json\/wp\/v2\/product_brand?post=729964"},{"taxonomy":"product_cat","embeddable":true,"href":"https:\/\/roveyayinevi.com.tr\/index.php\/wp-json\/wp\/v2\/product_cat?post=729964"},{"taxonomy":"product_tag","embeddable":true,"href":"https:\/\/roveyayinevi.com.tr\/index.php\/wp-json\/wp\/v2\/product_tag?post=729964"}],"curies":[{"name":"wp","href":"https:\/\/api.w.org\/{rel}","templated":true}]}}