{"id":729963,"date":"2025-08-27T21:05:54","date_gmt":"2025-08-27T18:05:54","guid":{"rendered":"https:\/\/roveyayinevi.com.tr\/index.php\/urun\/safahattan-secmeler\/"},"modified":"2026-04-16T02:37:37","modified_gmt":"2026-04-15T23:37:37","slug":"safahattan-secmeler","status":"publish","type":"product","link":"https:\/\/roveyayinevi.com.tr\/index.php\/urun\/safahattan-secmeler\/","title":{"rendered":"Safahat\u2019tan Se\u00e7meler"},"content":{"rendered":"<p>\u00d6zellikle yazd\u0131\u011f\u0131 \u0130stiklal Mar\u015f\u0131 sayesinde T\u00fcrk milletinin g\u00f6nl\u00fcnde yer edinen Mehmet Akif Ersoy, yazd\u0131\u011f\u0131 \u015fiirlerle toplum meselelerini dile getirmekle kalmam\u0131\u015f, onun \u00e7\u00f6z\u00fcm yollar\u0131n\u0131 da g\u00f6stermi\u015ftir. Bu se\u00e7meleri haz\u0131rlarken Safahat&#8217;\u0131n mutlaka okunmas\u0131 gereken bir eser oldu\u011fu d\u00fc\u015f\u00fcncesinden hareketle her okuyucunun Akif&#8217;in \u015fiir d\u00fcnyas\u0131yla tan\u0131\u015fmas\u0131n\u0131 sa\u011flamay\u0131 ama\u00e7lad\u0131k. Akif&#8217;in ideal bir gen\u00e7lik hayalinin oldu\u011funu ve bu gen\u00e7li\u011fi As\u0131m diye isimlendirdi\u011fini biliyoruz. Milli \u015fairimizin bu d\u00fc\u015f\u00fcncesini ger\u00e7ekle\u015ftirmenin yolu onun eserlerini okumak, anlamak ve yeniden yorumlamaktan ge\u00e7er. G\u00fcn\u00fcm\u00fcz gen\u00e7li\u011fine d\u00fc\u015fen de onu anlamaya \u00e7al\u0131\u015f\u0131p vatan\u0131n kalk\u0131nmas\u0131 i\u00e7in \u00f6nem arz eden fikirlerine sahip \u00e7\u0131kmakt\u0131r. Bu se\u00e7meler kitab\u0131n\u0131n Safahat&#8217;\u0131n daha fazla okunup anla\u015f\u0131lmas\u0131na vesile olmas\u0131n\u0131 ve milli \u015fairimizin geni\u015f okuyucu kitlesi taraf\u0131ndan bilinmesini, tart\u0131\u015f\u0131lmas\u0131n\u0131, \u015fiirlerinin yeniden yorumlanmas\u0131n\u0131 temenni ediyoruz. <\/p>\n","protected":false},"excerpt":{"rendered":"<p>\u00d6zellikle yazd\u0131\u011f\u0131 \u0130stiklal Mar\u015f\u0131 sayesinde T\u00fcrk milletinin g\u00f6nl\u00fcnde yer edinen Mehmet Akif Ersoy, yazd\u0131\u011f\u0131 \u015fiirlerle toplum meselelerini dile getirmekle kalmam\u0131\u015f, onun \u00e7\u00f6z\u00fcm yollar\u0131n\u0131 da g\u00f6stermi\u015ftir. Bu<span class=\"excerpt-hellip\"> [\u2026]<\/span><\/p>\n","protected":false},"featured_media":0,"template":"","meta":{"_monsterinsights_skip_tracking":false,"_monsterinsights_sitenote_active":false,"_monsterinsights_sitenote_note":"","_monsterinsights_sitenote_category":0},"product_brand":[],"product_cat":[12291,12509],"product_tag":[],"class_list":{"0":"post-729963","1":"product","2":"type-product","3":"status-publish","5":"product_cat-edebiyat","6":"product_cat-siir","7":"pa_cilt-ciltsiz","8":"pa_tur-kitap","9":"pa_yayinevi-bilge-kultur-sanat","10":"pa_yazar-mehmet-akif-ersoy","12":"first","13":"instock","14":"sale","15":"shipping-taxable","16":"purchasable","17":"product-type-simple"},"_links":{"self":[{"href":"https:\/\/roveyayinevi.com.tr\/index.php\/wp-json\/wp\/v2\/product\/729963","targetHints":{"allow":["GET"]}}],"collection":[{"href":"https:\/\/roveyayinevi.com.tr\/index.php\/wp-json\/wp\/v2\/product"}],"about":[{"href":"https:\/\/roveyayinevi.com.tr\/index.php\/wp-json\/wp\/v2\/types\/product"}],"wp:attachment":[{"href":"https:\/\/roveyayinevi.com.tr\/index.php\/wp-json\/wp\/v2\/media?parent=729963"}],"wp:term":[{"taxonomy":"product_brand","embeddable":true,"href":"https:\/\/roveyayinevi.com.tr\/index.php\/wp-json\/wp\/v2\/product_brand?post=729963"},{"taxonomy":"product_cat","embeddable":true,"href":"https:\/\/roveyayinevi.com.tr\/index.php\/wp-json\/wp\/v2\/product_cat?post=729963"},{"taxonomy":"product_tag","embeddable":true,"href":"https:\/\/roveyayinevi.com.tr\/index.php\/wp-json\/wp\/v2\/product_tag?post=729963"}],"curies":[{"name":"wp","href":"https:\/\/api.w.org\/{rel}","templated":true}]}}