{"id":729962,"date":"2025-08-27T21:05:53","date_gmt":"2025-08-27T18:05:53","guid":{"rendered":"https:\/\/roveyayinevi.com.tr\/index.php\/urun\/stefan-zweig-bilmek-degil-sadece-hayal-etmek-insani-mutlu-kilar\/"},"modified":"2026-04-16T02:37:37","modified_gmt":"2026-04-15T23:37:37","slug":"stefan-zweig-bilmek-degil-sadece-hayal-etmek-insani-mutlu-kilar","status":"publish","type":"product","link":"https:\/\/roveyayinevi.com.tr\/index.php\/urun\/stefan-zweig-bilmek-degil-sadece-hayal-etmek-insani-mutlu-kilar\/","title":{"rendered":"Stefan Zweig-Bilmek De\u011fil Sadece Hayal Etmek \u0130nsan\u0131 Mutlu K\u0131lar"},"content":{"rendered":"<p>Her \u015feyin bitti\u011fini sand\u0131\u011f\u0131n\u0131z anda kader birini yollar.\u201d \u2013 Stefan Zweig Stefan Zweig, eserlerinde neden kazanan\u0131 de\u011fil de, yenilenin yazg\u0131s\u0131n\u0131 kaleme al\u0131yordu? Sanat\u0131n\u0131n k\u00f6kleri nereye dayan\u0131yor? Yazmaya yeni ba\u015flayanlara tavsiyesi nedir? Hayalinde nas\u0131l bir Avrupa vard\u0131? Erasmus\u2019u neden ustas\u0131 olarak kabul ediyordu? Yapt\u0131\u011f\u0131 iki evlilik hayat\u0131n\u0131 nas\u0131l etkiledi? Onu kendi ya\u015fam\u0131na son vermeye iten sebepler nelerdi? Hitler fa\u015fizminin g\u00f6lgesinde ya\u015fayan ve \u00fcreten bir yazar olarak Stefan Zweig\u2019\u0131n ya\u015fam\u0131na bakmak, onun sadece sanat\u0131na bakmak demek de\u011fildir. Onun hik\u00e2yesi, ayn\u0131 zamanda Avrupa\u2019n\u0131n da hik\u00e2yesidir. Bu kitap, hayal kuran ve hayali u\u011fruna m\u00fccadele veren, ancak ne yaz\u0131k ki hayalinin ger\u00e7ekle\u015fmesinde sab\u0131rs\u0131zl\u0131k eden bir yazar\u0131n yolculu\u011fudur. Hayali ger\u00e7ekle\u015fti\u011finde art\u0131k ya\u015fam\u0131yor olan sab\u0131rs\u0131z bir y\u00fcre\u011fin yolculu\u011fu&#8230; <\/p>\n","protected":false},"excerpt":{"rendered":"<p>Her \u015feyin bitti\u011fini sand\u0131\u011f\u0131n\u0131z anda kader birini yollar.\u201d \u2013 Stefan Zweig Stefan Zweig, eserlerinde neden kazanan\u0131 de\u011fil de, yenilenin yazg\u0131s\u0131n\u0131 kaleme al\u0131yordu? Sanat\u0131n\u0131n k\u00f6kleri nereye dayan\u0131yor?<span class=\"excerpt-hellip\"> [\u2026]<\/span><\/p>\n","protected":false},"featured_media":0,"template":"","meta":{"_monsterinsights_skip_tracking":false,"_monsterinsights_sitenote_active":false,"_monsterinsights_sitenote_note":"","_monsterinsights_sitenote_category":0},"product_brand":[],"product_cat":[14009,12291],"product_tag":[],"class_list":{"0":"post-729962","1":"product","2":"type-product","3":"status-publish","5":"product_cat-biyografi-otobiyografi-edebiyat","6":"product_cat-edebiyat","7":"pa_cilt-ciltsiz","8":"pa_tur-kitap","9":"pa_yayinevi-destek-yayinlari","10":"pa_yazar-kerem-kina-umut-kina","12":"first","13":"instock","14":"sale","15":"shipping-taxable","16":"purchasable","17":"product-type-simple"},"_links":{"self":[{"href":"https:\/\/roveyayinevi.com.tr\/index.php\/wp-json\/wp\/v2\/product\/729962","targetHints":{"allow":["GET"]}}],"collection":[{"href":"https:\/\/roveyayinevi.com.tr\/index.php\/wp-json\/wp\/v2\/product"}],"about":[{"href":"https:\/\/roveyayinevi.com.tr\/index.php\/wp-json\/wp\/v2\/types\/product"}],"wp:attachment":[{"href":"https:\/\/roveyayinevi.com.tr\/index.php\/wp-json\/wp\/v2\/media?parent=729962"}],"wp:term":[{"taxonomy":"product_brand","embeddable":true,"href":"https:\/\/roveyayinevi.com.tr\/index.php\/wp-json\/wp\/v2\/product_brand?post=729962"},{"taxonomy":"product_cat","embeddable":true,"href":"https:\/\/roveyayinevi.com.tr\/index.php\/wp-json\/wp\/v2\/product_cat?post=729962"},{"taxonomy":"product_tag","embeddable":true,"href":"https:\/\/roveyayinevi.com.tr\/index.php\/wp-json\/wp\/v2\/product_tag?post=729962"}],"curies":[{"name":"wp","href":"https:\/\/api.w.org\/{rel}","templated":true}]}}