{"id":729955,"date":"2025-08-27T21:05:46","date_gmt":"2025-08-27T18:05:46","guid":{"rendered":"https:\/\/roveyayinevi.com.tr\/index.php\/urun\/bana-seni-seviyorum-deme-sev\/"},"modified":"2026-04-16T02:37:37","modified_gmt":"2026-04-15T23:37:37","slug":"bana-seni-seviyorum-deme-sev","status":"publish","type":"product","link":"https:\/\/roveyayinevi.com.tr\/index.php\/urun\/bana-seni-seviyorum-deme-sev\/","title":{"rendered":"Bana Seni Seviyorum Deme Sev"},"content":{"rendered":"<p>\u00c7\u00fcnk\u00fc zaman de\u011fil, en \u00e7ok sevgi iyile\u015ftiriyor insan\u0131. Kurdu\u011fum en g\u00fczel hayallerim y\u0131k\u0131ld\u0131.  Hem de beklenmedik insanlar taraf\u0131ndan. Bense bu duruma sadece sessiz kald\u0131m. Korkakl\u0131\u011f\u0131mdan de\u011fil, k\u0131rg\u0131nl\u0131\u011f\u0131mdan. \u0130nsan\u0131n bazen en \u00e7ok s\u00f6ylemesi gereken \u015feylerin yerine sahne al\u0131r suskunlu\u011fu. Ben de sustum ve kendi g\u00f6sterimi kendim izledim. Gi\u015fe rekoru k\u0131ran bu g\u00f6steride, ba\u015frol\u00fc yaln\u0131zl\u0131\u011f\u0131m ve hayal k\u0131r\u0131kl\u0131klar\u0131m oynad\u0131.  Ben de yaln\u0131zca izledim. En g\u00fczel hislerimi de\u011fmeyecek insanlar u\u011fruna heba ettim&#8230; <\/p>\n","protected":false},"excerpt":{"rendered":"<p>\u00c7\u00fcnk\u00fc zaman de\u011fil, en \u00e7ok sevgi iyile\u015ftiriyor insan\u0131. Kurdu\u011fum en g\u00fczel hayallerim y\u0131k\u0131ld\u0131. Hem de beklenmedik insanlar taraf\u0131ndan. Bense bu duruma sadece sessiz kald\u0131m. Korkakl\u0131\u011f\u0131mdan de\u011fil,<span class=\"excerpt-hellip\"> [\u2026]<\/span><\/p>\n","protected":false},"featured_media":0,"template":"","meta":{"_monsterinsights_skip_tracking":false,"_monsterinsights_sitenote_active":false,"_monsterinsights_sitenote_note":"","_monsterinsights_sitenote_category":0},"product_brand":[],"product_cat":[12291,12711],"product_tag":[],"class_list":{"0":"post-729955","1":"product","2":"type-product","3":"status-publish","5":"product_cat-edebiyat","6":"product_cat-roman-oyku","7":"pa_cilt-ciltsiz","8":"pa_tur-kitap","9":"pa_yayinevi-indigo-kitap","10":"pa_yazar-mirac-cagri-aktas","12":"first","13":"instock","14":"sale","15":"shipping-taxable","16":"purchasable","17":"product-type-simple"},"_links":{"self":[{"href":"https:\/\/roveyayinevi.com.tr\/index.php\/wp-json\/wp\/v2\/product\/729955","targetHints":{"allow":["GET"]}}],"collection":[{"href":"https:\/\/roveyayinevi.com.tr\/index.php\/wp-json\/wp\/v2\/product"}],"about":[{"href":"https:\/\/roveyayinevi.com.tr\/index.php\/wp-json\/wp\/v2\/types\/product"}],"wp:attachment":[{"href":"https:\/\/roveyayinevi.com.tr\/index.php\/wp-json\/wp\/v2\/media?parent=729955"}],"wp:term":[{"taxonomy":"product_brand","embeddable":true,"href":"https:\/\/roveyayinevi.com.tr\/index.php\/wp-json\/wp\/v2\/product_brand?post=729955"},{"taxonomy":"product_cat","embeddable":true,"href":"https:\/\/roveyayinevi.com.tr\/index.php\/wp-json\/wp\/v2\/product_cat?post=729955"},{"taxonomy":"product_tag","embeddable":true,"href":"https:\/\/roveyayinevi.com.tr\/index.php\/wp-json\/wp\/v2\/product_tag?post=729955"}],"curies":[{"name":"wp","href":"https:\/\/api.w.org\/{rel}","templated":true}]}}