{"id":729954,"date":"2025-08-27T21:05:45","date_gmt":"2025-08-27T18:05:45","guid":{"rendered":"https:\/\/roveyayinevi.com.tr\/index.php\/urun\/bana-seni-seviyorum-deme-hissettir\/"},"modified":"2026-04-16T02:37:37","modified_gmt":"2026-04-15T23:37:37","slug":"bana-seni-seviyorum-deme-hissettir","status":"publish","type":"product","link":"https:\/\/roveyayinevi.com.tr\/index.php\/urun\/bana-seni-seviyorum-deme-hissettir\/","title":{"rendered":"Bana Seni Seviyorum Deme Hissettir"},"content":{"rendered":"<p>en benim kalbimin kafas\u0131 g\u00fczel halisin&#8230; Sevmekten daha \u00f6nemli \u015feyler vard\u0131r. Hissettirmek gibi, koklayarak \u00f6pmek gibi\u2026  Bazen sevilmekten \u00e7ok varl\u0131\u011f\u0131n\u0131 hissetmek istersiniz. Varl\u0131\u011f\u0131n\u0131 hissedemedi\u011finiz birini sevemezsiniz.Kad\u0131nlar sevildi\u011fini duymaktan \u00e7ok hissetmek ister. Sevdi\u011fi adam\u0131n sevgisini hisseden kad\u0131ndan daha g\u00fczeli yoktur. Sevdi\u011fi kad\u0131na sevgisini hissettiren erke\u011fin a\u015fk\u0131na doyum olmaz. Ben bu kitapta kendimi sana hissettirmeye geldim.  Ben sevdik\u00e7e hissettirdim, sen hissettik\u00e7e gittin. Oysa sen benim kalbimin kafas\u0131 g\u00fczel haliydin\u2026 Ve o g\u00fcn \u00f6yle bir gittin ki ben o g\u00fcnden sonra kendimi hissetmedim\u2026 Ve o kalple seni sevdim. Varl\u0131\u011f\u0131n\u0131 hissedemedi\u011finiz birini sevemezsiniz\u2026 <\/p>\n","protected":false},"excerpt":{"rendered":"<p>en benim kalbimin kafas\u0131 g\u00fczel halisin&#8230; Sevmekten daha \u00f6nemli \u015feyler vard\u0131r. Hissettirmek gibi, koklayarak \u00f6pmek gibi\u2026 Bazen sevilmekten \u00e7ok varl\u0131\u011f\u0131n\u0131 hissetmek istersiniz. Varl\u0131\u011f\u0131n\u0131 hissedemedi\u011finiz birini sevemezsiniz.Kad\u0131nlar<span class=\"excerpt-hellip\"> [\u2026]<\/span><\/p>\n","protected":false},"featured_media":0,"template":"","meta":{"_monsterinsights_skip_tracking":false,"_monsterinsights_sitenote_active":false,"_monsterinsights_sitenote_note":"","_monsterinsights_sitenote_category":0},"product_brand":[],"product_cat":[12291,12711],"product_tag":[],"class_list":{"0":"post-729954","1":"product","2":"type-product","3":"status-publish","5":"product_cat-edebiyat","6":"product_cat-roman-oyku","7":"pa_cilt-ciltsiz","8":"pa_tur-kitap","9":"pa_yayinevi-indigo-kitap","10":"pa_yazar-mirac-cagri-aktas","12":"first","13":"instock","14":"sale","15":"shipping-taxable","16":"purchasable","17":"product-type-simple"},"_links":{"self":[{"href":"https:\/\/roveyayinevi.com.tr\/index.php\/wp-json\/wp\/v2\/product\/729954","targetHints":{"allow":["GET"]}}],"collection":[{"href":"https:\/\/roveyayinevi.com.tr\/index.php\/wp-json\/wp\/v2\/product"}],"about":[{"href":"https:\/\/roveyayinevi.com.tr\/index.php\/wp-json\/wp\/v2\/types\/product"}],"wp:attachment":[{"href":"https:\/\/roveyayinevi.com.tr\/index.php\/wp-json\/wp\/v2\/media?parent=729954"}],"wp:term":[{"taxonomy":"product_brand","embeddable":true,"href":"https:\/\/roveyayinevi.com.tr\/index.php\/wp-json\/wp\/v2\/product_brand?post=729954"},{"taxonomy":"product_cat","embeddable":true,"href":"https:\/\/roveyayinevi.com.tr\/index.php\/wp-json\/wp\/v2\/product_cat?post=729954"},{"taxonomy":"product_tag","embeddable":true,"href":"https:\/\/roveyayinevi.com.tr\/index.php\/wp-json\/wp\/v2\/product_tag?post=729954"}],"curies":[{"name":"wp","href":"https:\/\/api.w.org\/{rel}","templated":true}]}}