{"id":729953,"date":"2025-08-27T21:05:44","date_gmt":"2025-08-27T18:05:44","guid":{"rendered":"https:\/\/roveyayinevi.com.tr\/index.php\/urun\/asi-ve-dogal-bagisiklik-mekanizmasi\/"},"modified":"2026-04-16T02:37:37","modified_gmt":"2026-04-15T23:37:37","slug":"asi-ve-dogal-bagisiklik-mekanizmasi","status":"publish","type":"product","link":"https:\/\/roveyayinevi.com.tr\/index.php\/urun\/asi-ve-dogal-bagisiklik-mekanizmasi\/","title":{"rendered":"A\u015f\u0131 ve Do\u011fal Ba\u011f\u0131\u015f\u0131kl\u0131k Mekanizmas\u0131"},"content":{"rendered":"<p>The New York Times \/ Entertainment Weekly \/ Publisher&#8217;s Weekly: Y\u0131l\u0131n En \u0130yi 10 Kitab\u0131&#8217;ndan biri  Ulusal Kitap Ele\u015ftirmenleri Birli\u011fi \u00d6d\u00fcl\u00fc finalisti Mark Zuckerberg Kitap Kul\u00fcb\u00fc se\u00e7imi.   Bir annenin yeni do\u011fan bebe\u011fine kar\u015f\u0131 duydu\u011fu endi\u015fe, bu cesur ve b\u00fcy\u00fcleyici eserin ortaya \u00e7\u0131kmas\u0131na olanak sa\u011flad\u0131. A\u015f\u0131 ve Do\u011fal Ba\u011f\u0131\u015f\u0131kl\u0131k Mekanizmas\u0131&#8217;nda Eula Biss, \u00e7ocuklar\u0131m\u0131z\u0131n soludu\u011fu havada, yediklerinde, i\u00e7tiklerinde, uyuduklar\u0131 yataklarda ve akl\u0131m\u0131za gelemeyecek fakat hayat\u0131m\u0131z\u0131n i\u00e7inde var olan bir\u00e7ok \u015feyde bulunan zararl\u0131 maddelerin hangi hastal\u0131klara yol a\u00e7abilece\u011fini anlat\u0131yor. A\u015f\u0131lama ile ilgili olarak h\u00fck\u00fcmete ve t\u0131bbi kurumlara olan g\u00fcvensizli\u011fini ise cesur bir dille ifade ediyor. Anneli\u011fe yeni ad\u0131m atm\u0131\u015f biri olarak kendi deneyimlerinden yola \u00e7\u0131kan Biss, kendimizi ve \u00e7ocuklar\u0131m\u0131z\u0131 d\u00fcnyaya kar\u015f\u0131 a\u015f\u0131layamayaca\u011f\u0131m\u0131z\u0131 ileri s\u00fcrerken kendi \u00e7ocu\u011funu a\u015f\u0131lama s\u00fcrecindeki ikilemlerini de dile getiriyor. Biss, ba\u011f\u0131\u015f\u0131kl\u0131\u011f\u0131 \u00e7evreleyen metaforlar\u0131 aktar\u0131rken di\u011fer annelerin deneyimlerinden, A\u015fil efsanesinden, Voltaire\u2019in Candide\u2019inden, Bram Stoker\u2019\u0131n Dracula\u2019s\u0131ndan, Rachel Carson\u2019\u0131n Sessiz Bahar\u2019\u0131ndan, Susan Sontag\u2019\u0131n AIDS ve Metaforlar\u0131\u2019ndan kesitler sunarak g\u00fcn\u00fcm\u00fczdeki hastal\u0131klar ile ba\u011flant\u0131lar kuruyor. A\u015f\u0131 ve Do\u011fal Ba\u011f\u0131\u015f\u0131kl\u0131k Mekanizmas\u0131, korkular\u0131m\u0131za kar\u015f\u0131 bir a\u015f\u0131lama sunarken d\u00fcnya \u00fczerindeki t\u00fcm insanlar\u0131n hem beden hem kader ba\u011flam\u0131nda, birbirlerine ne kadar ba\u011fl\u0131 oldu\u011funu da \u00e7arp\u0131c\u0131 bir \u015fekilde bize g\u00f6steriyor.   \u201cA\u015f\u0131 ve Do\u011fal Ba\u011f\u0131\u015f\u0131kl\u0131k Mekanizmas\u0131 metafor ve efsaneyi, bilim ve sosyolojiyi, felsefe ve siyaseti; i\u00e7g\u00f6r\u00fc ve zek\u00e2 ile birle\u015ftirerek zengin bir ara\u015ft\u0131rma ortaya koyuyor.\u201d -Jerome Groopman, The New York Review of Books   \u201cA\u015f\u0131 tarihine ve uygulamas\u0131na t\u0131pk\u0131 bir Joan Didion eseri gibi felsefi bir bak\u0131\u015f a\u00e7\u0131s\u0131 sunuyor. Biss o kadar yetenekli ki e\u011fer siz de bir kurgu d\u0131\u015f\u0131 yazar\u0131ysan\u0131z, bu kitab\u0131 okudu\u011funuzda kariyer hedefinizi de\u011fi\u015ftirmek isteyebilirsiniz&#8230; A\u015f\u0131 ve Do\u011fal Ba\u011f\u0131\u015f\u0131kl\u0131k Mekanizmas\u0131 t\u00fcm toplumu ayr\u0131nt\u0131l\u0131 bir \u015fekilde inceliyor; sa\u011fl\u0131k, kimlik ve bireysel ebeveynlik kararlar\u0131 ile toplum aras\u0131ndaki gerginlik \u00fczerine bir ara\u015ft\u0131rma sunuyor.\u201d -The Washington Post <\/p>\n","protected":false},"excerpt":{"rendered":"<p>The New York Times \/ Entertainment Weekly \/ Publisher&#8217;s Weekly: Y\u0131l\u0131n En \u0130yi 10 Kitab\u0131&#8217;ndan biri Ulusal Kitap Ele\u015ftirmenleri Birli\u011fi \u00d6d\u00fcl\u00fc finalisti Mark Zuckerberg Kitap Kul\u00fcb\u00fc<span class=\"excerpt-hellip\"> [\u2026]<\/span><\/p>\n","protected":false},"featured_media":0,"template":"","meta":{"_monsterinsights_skip_tracking":false,"_monsterinsights_sitenote_active":false,"_monsterinsights_sitenote_note":"","_monsterinsights_sitenote_category":0},"product_brand":[],"product_cat":[13366,13365],"product_tag":[],"class_list":{"0":"post-729953","1":"product","2":"type-product","3":"status-publish","5":"product_cat-diger-saglik","6":"product_cat-saglik","7":"pa_cilt-ciltsiz","8":"pa_tur-kitap","9":"pa_yayinevi-epsilon-yayinlari","10":"pa_yazar-eula-biss","12":"first","13":"instock","14":"sale","15":"shipping-taxable","16":"purchasable","17":"product-type-simple"},"_links":{"self":[{"href":"https:\/\/roveyayinevi.com.tr\/index.php\/wp-json\/wp\/v2\/product\/729953","targetHints":{"allow":["GET"]}}],"collection":[{"href":"https:\/\/roveyayinevi.com.tr\/index.php\/wp-json\/wp\/v2\/product"}],"about":[{"href":"https:\/\/roveyayinevi.com.tr\/index.php\/wp-json\/wp\/v2\/types\/product"}],"wp:attachment":[{"href":"https:\/\/roveyayinevi.com.tr\/index.php\/wp-json\/wp\/v2\/media?parent=729953"}],"wp:term":[{"taxonomy":"product_brand","embeddable":true,"href":"https:\/\/roveyayinevi.com.tr\/index.php\/wp-json\/wp\/v2\/product_brand?post=729953"},{"taxonomy":"product_cat","embeddable":true,"href":"https:\/\/roveyayinevi.com.tr\/index.php\/wp-json\/wp\/v2\/product_cat?post=729953"},{"taxonomy":"product_tag","embeddable":true,"href":"https:\/\/roveyayinevi.com.tr\/index.php\/wp-json\/wp\/v2\/product_tag?post=729953"}],"curies":[{"name":"wp","href":"https:\/\/api.w.org\/{rel}","templated":true}]}}