{"id":729951,"date":"2025-08-27T21:05:42","date_gmt":"2025-08-27T18:05:42","guid":{"rendered":"https:\/\/roveyayinevi.com.tr\/index.php\/urun\/gokyuzunun-yuzu-ve-sogutbulbulu-bubu\/"},"modified":"2026-04-16T02:37:37","modified_gmt":"2026-04-15T23:37:37","slug":"gokyuzunun-yuzu-ve-sogutbulbulu-bubu","status":"publish","type":"product","link":"https:\/\/roveyayinevi.com.tr\/index.php\/urun\/gokyuzunun-yuzu-ve-sogutbulbulu-bubu\/","title":{"rendered":"G\u00f6ky\u00fcz\u00fcn\u00fcn Y\u00fcz\u00fc ve S\u00f6\u011f\u00fctb\u00fclb\u00fcl\u00fc B\u00fcb\u00fc"},"content":{"rendered":"<p>Minik bir s\u00f6\u011f\u00fctb\u00fclb\u00fcl\u00fcyd\u00fc B\u00fcb\u00fc. Kanatlar\u0131 hen\u00fcz tam geli\u015fmedi\u011finden, zaman\u0131n\u0131n \u00e7o\u011funu yuvas\u0131nda, annesinin uzun yolculuklarla ilgili anlatt\u0131\u011f\u0131 hik\u00e2yeleri dinleyerek ge\u00e7irirdi. B\u00fcb\u00fc, o yolculuklardan birine \u00e7\u0131kmak i\u00e7in \u00e7ok sab\u0131rs\u0131zlan\u0131yordu!   Bir g\u00fcn annesine sordu\u011funda, \u201cZaman\u0131 geldi\u011finde g\u00f6ky\u00fcz\u00fc bize s\u00f6yleyecek,\u201d cevab\u0131n\u0131 al\u0131nca, B\u00fcb\u00fc hevesle g\u00f6ky\u00fcz\u00fcn\u00fcn y\u00fcz\u00fcn\u00fc aramaya koyuldu. Belki onu bulursa, yolculu\u011fa erken \u00e7\u0131kmalar\u0131 i\u00e7in ikna edebilirdi! Fakat yolda kar\u015f\u0131la\u015faca\u011f\u0131 k\u00fc\u00e7\u00fck dostlar\u0131 sayesinde B\u00fcb\u00fc bir \u015feyi fark edecekti: Baz\u0131 durumlarda sab\u0131rl\u0131 davran\u0131p do\u011fru zaman\u0131 beklemek o kadar da k\u00f6t\u00fc olmayabilirdi&#8230;   De\u011ferler E\u011fitimi Serisi\u2019nin bu ilk kitab\u0131nda k\u00fc\u00e7\u00fck okurlar hem tatl\u0131 bir kahramanla tan\u0131\u015facak hem de sab\u0131rl\u0131 olman\u0131n \u00f6nemini \u00f6\u011frenecek <\/p>\n","protected":false},"excerpt":{"rendered":"<p>Minik bir s\u00f6\u011f\u00fctb\u00fclb\u00fcl\u00fcyd\u00fc B\u00fcb\u00fc. Kanatlar\u0131 hen\u00fcz tam geli\u015fmedi\u011finden, zaman\u0131n\u0131n \u00e7o\u011funu yuvas\u0131nda, annesinin uzun yolculuklarla ilgili anlatt\u0131\u011f\u0131 hik\u00e2yeleri dinleyerek ge\u00e7irirdi. B\u00fcb\u00fc, o yolculuklardan birine \u00e7\u0131kmak i\u00e7in \u00e7ok<span class=\"excerpt-hellip\"> [\u2026]<\/span><\/p>\n","protected":false},"featured_media":0,"template":"","meta":{"_monsterinsights_skip_tracking":false,"_monsterinsights_sitenote_active":false,"_monsterinsights_sitenote_note":"","_monsterinsights_sitenote_category":0},"product_brand":[],"product_cat":[12913,12274],"product_tag":[],"class_list":{"0":"post-729951","1":"product","2":"type-product","3":"status-publish","5":"product_cat-3-6-yas-kitaplari","6":"product_cat-cocuk-ve-genclik-kitaplari","7":"pa_cilt-ciltsiz","8":"pa_tur-kitap","9":"pa_yayinevi-ithaki-yayinlari","10":"pa_yazar-devrim-horlu","12":"first","13":"instock","14":"sale","15":"shipping-taxable","16":"purchasable","17":"product-type-simple"},"_links":{"self":[{"href":"https:\/\/roveyayinevi.com.tr\/index.php\/wp-json\/wp\/v2\/product\/729951","targetHints":{"allow":["GET"]}}],"collection":[{"href":"https:\/\/roveyayinevi.com.tr\/index.php\/wp-json\/wp\/v2\/product"}],"about":[{"href":"https:\/\/roveyayinevi.com.tr\/index.php\/wp-json\/wp\/v2\/types\/product"}],"wp:attachment":[{"href":"https:\/\/roveyayinevi.com.tr\/index.php\/wp-json\/wp\/v2\/media?parent=729951"}],"wp:term":[{"taxonomy":"product_brand","embeddable":true,"href":"https:\/\/roveyayinevi.com.tr\/index.php\/wp-json\/wp\/v2\/product_brand?post=729951"},{"taxonomy":"product_cat","embeddable":true,"href":"https:\/\/roveyayinevi.com.tr\/index.php\/wp-json\/wp\/v2\/product_cat?post=729951"},{"taxonomy":"product_tag","embeddable":true,"href":"https:\/\/roveyayinevi.com.tr\/index.php\/wp-json\/wp\/v2\/product_tag?post=729951"}],"curies":[{"name":"wp","href":"https:\/\/api.w.org\/{rel}","templated":true}]}}