{"id":729948,"date":"2025-08-27T21:05:40","date_gmt":"2025-08-27T18:05:40","guid":{"rendered":"https:\/\/roveyayinevi.com.tr\/index.php\/urun\/gizli-kokular-bahcesi-ciltli\/"},"modified":"2026-04-16T02:37:37","modified_gmt":"2026-04-15T23:37:37","slug":"gizli-kokular-bahcesi-ciltli","status":"publish","type":"product","link":"https:\/\/roveyayinevi.com.tr\/index.php\/urun\/gizli-kokular-bahcesi-ciltli\/","title":{"rendered":"Gizli Kokular Bah\u00e7esi (Ciltli)"},"content":{"rendered":"<p>A\u015eK CADILARI \u00c2\u015eIK OLMAZ.   On alt\u0131 ya\u015f\u0131ndaki Mimosa, d\u00fcnyadaki son iki kokubazdan biri olarak kendisini gelecekte nelerin bekledi\u011fini \u00e7ok iyi biliyordu: Ot yolmak, a\u015fk iksirleri kar\u0131\u015ft\u0131rmak ve \u00e7\u00f6p\u00e7atanl\u0131k yapmakla ge\u00e7en yapayaln\u0131z bir hayat. \u00c7\u00fcnk\u00fc \u00e2\u015f\u0131k olursa, sahip oldu\u011fu tek yetene\u011fi olan hassas koku duyusunu kaybederdi.   Annesinin t\u00fcm itirazlar\u0131na ra\u011fmen, her s\u0131radan gen\u00e7 k\u0131z gibi liseye gitmek ve arkada\u015flar edinmek  istiyor, bu ikili hayat\u0131 y\u00f6netebilece\u011fine inan\u0131yordu. Ancak haz\u0131rlad\u0131klar\u0131 bir a\u015fk iksirini kazayla yanl\u0131\u015f kad\u0131na verdi\u011finde, hatas\u0131n\u0131 d\u00fczeltmek i\u00e7in okulun en pop\u00fcler \u00e7ocu\u011fundan yard\u0131m almak zorunda kalacakt\u0131. G\u00f6r\u00fcnen o ki \u00e2\u015f\u0131k olmak her zaman ki\u015finin kendi verebilece\u011fi bir karar de\u011fildi.   \u201cStacey Lee, ilk a\u015fk\u0131n kalp \u00e7arp\u0131nt\u0131s\u0131n\u0131 al\u0131p i\u00e7ine biraz sihir ekliyor.\u201d \u2014Booklist <\/p>\n","protected":false},"excerpt":{"rendered":"<p>A\u015eK CADILARI \u00c2\u015eIK OLMAZ. On alt\u0131 ya\u015f\u0131ndaki Mimosa, d\u00fcnyadaki son iki kokubazdan biri olarak kendisini gelecekte nelerin bekledi\u011fini \u00e7ok iyi biliyordu: Ot yolmak, a\u015fk iksirleri kar\u0131\u015ft\u0131rmak<span class=\"excerpt-hellip\"> [\u2026]<\/span><\/p>\n","protected":false},"featured_media":0,"template":"","meta":{"_monsterinsights_skip_tracking":false,"_monsterinsights_sitenote_active":false,"_monsterinsights_sitenote_note":"","_monsterinsights_sitenote_category":0},"product_brand":[],"product_cat":[14643,12291],"product_tag":[],"class_list":{"0":"post-729948","1":"product","2":"type-product","3":"status-publish","5":"product_cat-ask","6":"product_cat-edebiyat","7":"pa_cilt-ciltli","8":"pa_tur-kitap","9":"pa_yayinevi-yabanci-yayinevi","10":"pa_yazar-stacey-lee","12":"first","13":"instock","14":"sale","15":"shipping-taxable","16":"purchasable","17":"product-type-simple"},"_links":{"self":[{"href":"https:\/\/roveyayinevi.com.tr\/index.php\/wp-json\/wp\/v2\/product\/729948","targetHints":{"allow":["GET"]}}],"collection":[{"href":"https:\/\/roveyayinevi.com.tr\/index.php\/wp-json\/wp\/v2\/product"}],"about":[{"href":"https:\/\/roveyayinevi.com.tr\/index.php\/wp-json\/wp\/v2\/types\/product"}],"wp:attachment":[{"href":"https:\/\/roveyayinevi.com.tr\/index.php\/wp-json\/wp\/v2\/media?parent=729948"}],"wp:term":[{"taxonomy":"product_brand","embeddable":true,"href":"https:\/\/roveyayinevi.com.tr\/index.php\/wp-json\/wp\/v2\/product_brand?post=729948"},{"taxonomy":"product_cat","embeddable":true,"href":"https:\/\/roveyayinevi.com.tr\/index.php\/wp-json\/wp\/v2\/product_cat?post=729948"},{"taxonomy":"product_tag","embeddable":true,"href":"https:\/\/roveyayinevi.com.tr\/index.php\/wp-json\/wp\/v2\/product_tag?post=729948"}],"curies":[{"name":"wp","href":"https:\/\/api.w.org\/{rel}","templated":true}]}}