{"id":729946,"date":"2025-08-27T21:05:37","date_gmt":"2025-08-27T18:05:37","guid":{"rendered":"https:\/\/roveyayinevi.com.tr\/index.php\/urun\/bana-adimi-soyle\/"},"modified":"2026-04-16T02:37:37","modified_gmt":"2026-04-15T23:37:37","slug":"bana-adimi-soyle","status":"publish","type":"product","link":"https:\/\/roveyayinevi.com.tr\/index.php\/urun\/bana-adimi-soyle\/","title":{"rendered":"Bana Ad\u0131m\u0131 S\u00f6yle"},"content":{"rendered":"<p>\u201c\u0130ki g\u00fcne\u015f zaman\u0131 uzakla\u015fmak, yeni bir masal i\u00e7in yeterli bir mesafeydi.\u201d   \u0130stanbul\u2019dan Mardin\u2019e uzanan nefes kesen bir yolculu\u011fa haz\u0131r m\u0131s\u0131n\u0131z? \u00d6yleyse, her ya\u015fad\u0131\u011f\u0131 ac\u0131da yeniden do\u011fan Meltem\u2019in ve trende tan\u0131\u015ft\u0131\u011f\u0131, ona yeni ad\u0131n\u0131 veren Murat\u2019\u0131n \u201colmaz bu kadar\u201d dedirtecek hik\u00e2yesi sizi bekliyor.     Bana Ad\u0131m\u0131 S\u00f6yle\u2019yi okurken Mezopotamya\u2019n\u0131n tarihe kafa tutmu\u015f bir k\u00f6y\u00fcnde yeniden varolu\u015fun hik\u00e2yesine tan\u0131k olacaks\u0131n\u0131z. Uyarmal\u0131y\u0131z ki \u201cNereye gidiyor bu hik\u00e2ye? Peki, Murat bu hik\u00e2yeden ne pay alacak?\u201d sorusu akl\u0131n\u0131zda hep yank\u0131lanacak. Ve sonunu asla tahmin edemeyece\u011finiz, herkesi \u015fa\u015f\u0131rtacak usta bir kurgu ile yaz\u0131lm\u0131\u015f bu roman\u0131n uzun s\u00fcre etkisinde kalacaks\u0131n\u0131z.     \u201cBu benim ac\u0131lar\u0131ma dayanma, tahamm\u00fcl etme yolum\u201d dedi Meltem. Y\u00fcz\u00fcne yans\u0131yan ay \u0131\u015f\u0131\u011f\u0131n\u0131 parma\u011f\u0131yla severek. \u201cYeni ad\u0131n Hivron olsun\u201d dedi Murat. \u201cAy \u0131\u015f\u0131\u011f\u0131 demek&#8230;\u201d <\/p>\n","protected":false},"excerpt":{"rendered":"<p>\u201c\u0130ki g\u00fcne\u015f zaman\u0131 uzakla\u015fmak, yeni bir masal i\u00e7in yeterli bir mesafeydi.\u201d \u0130stanbul\u2019dan Mardin\u2019e uzanan nefes kesen bir yolculu\u011fa haz\u0131r m\u0131s\u0131n\u0131z? \u00d6yleyse, her ya\u015fad\u0131\u011f\u0131 ac\u0131da yeniden do\u011fan<span class=\"excerpt-hellip\"> [\u2026]<\/span><\/p>\n","protected":false},"featured_media":0,"template":"","meta":{"_monsterinsights_skip_tracking":false,"_monsterinsights_sitenote_active":false,"_monsterinsights_sitenote_note":"","_monsterinsights_sitenote_category":0},"product_brand":[],"product_cat":[12291,12711],"product_tag":[],"class_list":{"0":"post-729946","1":"product","2":"type-product","3":"status-publish","5":"product_cat-edebiyat","6":"product_cat-roman-oyku","7":"pa_cilt-ciltsiz","8":"pa_tur-kitap","9":"pa_yayinevi-muptela-yayinevi","10":"pa_yazar-serhat-guven","12":"first","13":"instock","14":"sale","15":"shipping-taxable","16":"purchasable","17":"product-type-simple"},"_links":{"self":[{"href":"https:\/\/roveyayinevi.com.tr\/index.php\/wp-json\/wp\/v2\/product\/729946","targetHints":{"allow":["GET"]}}],"collection":[{"href":"https:\/\/roveyayinevi.com.tr\/index.php\/wp-json\/wp\/v2\/product"}],"about":[{"href":"https:\/\/roveyayinevi.com.tr\/index.php\/wp-json\/wp\/v2\/types\/product"}],"wp:attachment":[{"href":"https:\/\/roveyayinevi.com.tr\/index.php\/wp-json\/wp\/v2\/media?parent=729946"}],"wp:term":[{"taxonomy":"product_brand","embeddable":true,"href":"https:\/\/roveyayinevi.com.tr\/index.php\/wp-json\/wp\/v2\/product_brand?post=729946"},{"taxonomy":"product_cat","embeddable":true,"href":"https:\/\/roveyayinevi.com.tr\/index.php\/wp-json\/wp\/v2\/product_cat?post=729946"},{"taxonomy":"product_tag","embeddable":true,"href":"https:\/\/roveyayinevi.com.tr\/index.php\/wp-json\/wp\/v2\/product_tag?post=729946"}],"curies":[{"name":"wp","href":"https:\/\/api.w.org\/{rel}","templated":true}]}}