{"id":729938,"date":"2025-08-27T21:05:29","date_gmt":"2025-08-27T18:05:29","guid":{"rendered":"https:\/\/roveyayinevi.com.tr\/index.php\/urun\/icerinin-haritasi-ciltli\/"},"modified":"2026-04-16T02:37:36","modified_gmt":"2026-04-15T23:37:36","slug":"icerinin-haritasi-ciltli","status":"publish","type":"product","link":"https:\/\/roveyayinevi.com.tr\/index.php\/urun\/icerinin-haritasi-ciltli\/","title":{"rendered":"\u0130\u00e7erinin Haritas\u0131 (Ciltli)"},"content":{"rendered":"<p>Korku edebiyat\u0131n\u0131n \u00f6nde gelen isimlerinden Stephen Graham Jones\u2019un \u00f6d\u00fcll\u00fc novellas\u0131 \u0130\u00e7erinin Haritas\u0131, Amerikan yerlilerinin hayat\u0131na dair duygusal ve deh\u015fet dolu bir hik\u00e2ye anlat\u0131yor. Aile ba\u011flar\u0131n\u0131, kimli\u011fi ve hayaletiyle musallat olmay\u0131 s\u00fcrd\u00fcren bir ge\u00e7mi\u015fi hem umut dolu hem de ac\u0131mas\u0131zca yans\u0131tan eserde hayattakiler, \u00f6l\u00fclerin y\u00fcklerini ta\u015f\u0131maya devam ediyor.   Prefabrik evinde annesi ve erkek karde\u015fiyle ya\u015fayan on be\u015f ya\u015f\u0131ndaki gen\u00e7, bir gece uykusundan uyand\u0131\u011f\u0131nda bu evin sakini olmayan bir fig\u00fcr\u00fc koridorda g\u00f6r\u00fcr. G\u00f6rd\u00fc\u011f\u00fc ki\u015fi ya y\u0131llar \u00f6nce hayat\u0131n\u0131 gizemli bir \u015fekilde kaybetmi\u015f babas\u0131d\u0131r ya da uyurgezerli\u011fi b\u00f6yle bir yan\u0131lsamaya sebep olmu\u015ftur.   \u0130\u015fin pe\u015fine d\u00fc\u015ft\u00fckten sonra ya\u015fad\u0131\u011f\u0131 evin zannetti\u011finden daha b\u00fcy\u00fck, derin ve gizemli oldu\u011funu fark eder. Ve g\u00f6r\u00fcnen o ki \u00f6l\u00fcm, en sevdiklerinizi bile de\u011fi\u015ftirir.    Bu andan itibaren ne ev eski evdir ne de hayat eskisi gibidir. Gen\u00e7, birka\u00e7 gece boyunca evinin haritas\u0131n\u0131 \u00e7\u0131karmaya, annesini ve \u00f6zellikle karde\u015fini onlar\u0131 bekleyen tehlikeden kurtarmaya haz\u0131rlan\u0131r. Ama hem ge\u00e7mi\u015fle y\u00fczle\u015fmenin hem de gelece\u011fi kurtarman\u0131n bedeli \u00e7ok b\u00fcy\u00fck olacakt\u0131r.   \u0130\u00e7erinin Haritas\u0131, ge\u00e7mi\u015finden ka\u00e7mayan, karanl\u0131k ve melankolik bir hayaletin hik\u00e2yesi.   \u201cDuygusal, rahats\u0131z edici, \u00fcrk\u00fct\u00fcc\u00fc ve g\u00f6zal\u0131c\u0131. Etkilenmemek elde de\u011fil.\u201d \u2013Paul Tremblay   \u201cStephen Graham Jones\u2019un t\u00fcyler \u00fcrperten novellas\u0131 S. E. Hinton ve Shirley Jackson\u2019\u0131n kar\u0131\u015f\u0131m\u0131 gibi.\u201d \u2013Richard Kadrey   \u201cJones, ya\u015fayan yazarlar aras\u0131nda en yeteneklilerden ve en \u00fcretkenlerden biri.\u201d \u2013Tommy Orange <\/p>\n","protected":false},"excerpt":{"rendered":"<p>Korku edebiyat\u0131n\u0131n \u00f6nde gelen isimlerinden Stephen Graham Jones\u2019un \u00f6d\u00fcll\u00fc novellas\u0131 \u0130\u00e7erinin Haritas\u0131, Amerikan yerlilerinin hayat\u0131na dair duygusal ve deh\u015fet dolu bir hik\u00e2ye anlat\u0131yor. Aile ba\u011flar\u0131n\u0131, kimli\u011fi<span class=\"excerpt-hellip\"> [\u2026]<\/span><\/p>\n","protected":false},"featured_media":0,"template":"","meta":{"_monsterinsights_skip_tracking":false,"_monsterinsights_sitenote_active":false,"_monsterinsights_sitenote_note":"","_monsterinsights_sitenote_category":0},"product_brand":[],"product_cat":[12291,17033],"product_tag":[],"class_list":{"0":"post-729938","1":"product","2":"type-product","3":"status-publish","5":"product_cat-edebiyat","6":"product_cat-korku-gerilim","7":"pa_cilt-ciltli","8":"pa_tur-kitap","9":"pa_yayinevi-ithaki-yayinlari","10":"pa_yazar-stephen-graham-jones","12":"first","13":"instock","14":"sale","15":"shipping-taxable","16":"purchasable","17":"product-type-simple"},"_links":{"self":[{"href":"https:\/\/roveyayinevi.com.tr\/index.php\/wp-json\/wp\/v2\/product\/729938","targetHints":{"allow":["GET"]}}],"collection":[{"href":"https:\/\/roveyayinevi.com.tr\/index.php\/wp-json\/wp\/v2\/product"}],"about":[{"href":"https:\/\/roveyayinevi.com.tr\/index.php\/wp-json\/wp\/v2\/types\/product"}],"wp:attachment":[{"href":"https:\/\/roveyayinevi.com.tr\/index.php\/wp-json\/wp\/v2\/media?parent=729938"}],"wp:term":[{"taxonomy":"product_brand","embeddable":true,"href":"https:\/\/roveyayinevi.com.tr\/index.php\/wp-json\/wp\/v2\/product_brand?post=729938"},{"taxonomy":"product_cat","embeddable":true,"href":"https:\/\/roveyayinevi.com.tr\/index.php\/wp-json\/wp\/v2\/product_cat?post=729938"},{"taxonomy":"product_tag","embeddable":true,"href":"https:\/\/roveyayinevi.com.tr\/index.php\/wp-json\/wp\/v2\/product_tag?post=729938"}],"curies":[{"name":"wp","href":"https:\/\/api.w.org\/{rel}","templated":true}]}}