{"id":729935,"date":"2025-08-27T21:05:26","date_gmt":"2025-08-27T18:05:26","guid":{"rendered":"https:\/\/roveyayinevi.com.tr\/index.php\/urun\/100-yuzlu-insan\/"},"modified":"2026-04-16T02:37:36","modified_gmt":"2026-04-15T23:37:36","slug":"100-yuzlu-insan","status":"publish","type":"product","link":"https:\/\/roveyayinevi.com.tr\/index.php\/urun\/100-yuzlu-insan\/","title":{"rendered":"100 Y\u00fczl\u00fc \u0130nsan"},"content":{"rendered":"<p>G\u00f6r\u00fcl\u00fcyor ki g\u00fcn\u00fcm\u00fcz\u00fcn iki b\u00fcy\u00fck sorunu var: Kendini tan\u0131mamak ve insanlar\u0131n iyi y\u00f6nlerini g\u00f6rememek\u2026Kendimizi ve insanlar\u0131 b\u00fct\u00fcn y\u00fczleri ve y\u00f6nleriyle tan\u0131yal\u0131m ki; sorular\u0131m\u0131z cevap bulsun, sorunlar\u0131m\u0131z \u00e7\u00f6z\u00fcm bulsun.\u0130nsan\u0131 tan\u0131yal\u0131m ki; neyi neden yapt\u0131\u011f\u0131, neden herkesin farkl\u0131 alg\u0131lara sahip oldu\u011funu, neden normallerin farkl\u0131 oldu\u011funu kavrayal\u0131m.Kavrayal\u0131m ki, farkl\u0131l\u0131klar kar\u015f\u0131s\u0131nda \u00f6nyarg\u0131l\u0131 olmayal\u0131m.Empati olsun, ho\u015fg\u00f6r\u00fc olsun, g\u00fczellik olsun, sevgi olsun.Olsun de\u011fil mi?Olsun in\u015faAllah.<\/p>\n","protected":false},"excerpt":{"rendered":"<p>G\u00f6r\u00fcl\u00fcyor ki g\u00fcn\u00fcm\u00fcz\u00fcn iki b\u00fcy\u00fck sorunu var: Kendini tan\u0131mamak ve insanlar\u0131n iyi y\u00f6nlerini g\u00f6rememek\u2026Kendimizi ve insanlar\u0131 b\u00fct\u00fcn y\u00fczleri ve y\u00f6nleriyle tan\u0131yal\u0131m ki; sorular\u0131m\u0131z cevap bulsun, sorunlar\u0131m\u0131z<span class=\"excerpt-hellip\"> [\u2026]<\/span><\/p>\n","protected":false},"featured_media":0,"template":"","meta":{"_monsterinsights_skip_tracking":false,"_monsterinsights_sitenote_active":false,"_monsterinsights_sitenote_note":"","_monsterinsights_sitenote_category":0},"product_brand":[],"product_cat":[12364,12376],"product_tag":[],"class_list":{"0":"post-729935","1":"product","2":"type-product","3":"status-publish","5":"product_cat-genel-konular","6":"product_cat-kisisel-gelisim","7":"pa_cilt-ciltsiz","8":"pa_tur-kitap","9":"pa_yayinevi-cinaralti-yayinlari","10":"pa_yazar-kubra-hulya-arici-sorrentino","12":"first","13":"instock","14":"sale","15":"shipping-taxable","16":"purchasable","17":"product-type-simple"},"_links":{"self":[{"href":"https:\/\/roveyayinevi.com.tr\/index.php\/wp-json\/wp\/v2\/product\/729935","targetHints":{"allow":["GET"]}}],"collection":[{"href":"https:\/\/roveyayinevi.com.tr\/index.php\/wp-json\/wp\/v2\/product"}],"about":[{"href":"https:\/\/roveyayinevi.com.tr\/index.php\/wp-json\/wp\/v2\/types\/product"}],"wp:attachment":[{"href":"https:\/\/roveyayinevi.com.tr\/index.php\/wp-json\/wp\/v2\/media?parent=729935"}],"wp:term":[{"taxonomy":"product_brand","embeddable":true,"href":"https:\/\/roveyayinevi.com.tr\/index.php\/wp-json\/wp\/v2\/product_brand?post=729935"},{"taxonomy":"product_cat","embeddable":true,"href":"https:\/\/roveyayinevi.com.tr\/index.php\/wp-json\/wp\/v2\/product_cat?post=729935"},{"taxonomy":"product_tag","embeddable":true,"href":"https:\/\/roveyayinevi.com.tr\/index.php\/wp-json\/wp\/v2\/product_tag?post=729935"}],"curies":[{"name":"wp","href":"https:\/\/api.w.org\/{rel}","templated":true}]}}