{"id":729932,"date":"2025-08-27T21:05:22","date_gmt":"2025-08-27T18:05:22","guid":{"rendered":"https:\/\/roveyayinevi.com.tr\/index.php\/urun\/kumru-yuvasi\/"},"modified":"2026-04-16T02:37:36","modified_gmt":"2026-04-15T23:37:36","slug":"kumru-yuvasi","status":"publish","type":"product","link":"https:\/\/roveyayinevi.com.tr\/index.php\/urun\/kumru-yuvasi\/","title":{"rendered":"Kumru Yuvas\u0131"},"content":{"rendered":"<p>Sokak aralar\u0131ndaki so\u011fuk \u00e7e\u015fmeler gibiydi hayat\u0131m. Faytonlar\u0131n \u00f6n\u00fcnde dili d\u0131\u015far\u0131da, d\u00f6rt nala ko\u015fan at\u0131n yelesi gibi r\u00fczg\u00e2ra sald\u0131m t\u00fcm kederimi; savrulsun diye.Kendi kendime \u00f6\u011frendi\u011fim bir \u015fey var. \u00c7aresizlikte buldu\u011fum bir yol&#8230; Beni mutsuz eden, her \u015feyden y\u00fcz\u00fcm\u00fc \u00e7eviremesem de g\u00f6nl\u00fcm\u00fc \u00e7eviriyorum. G\u00f6nl\u00fc g\u00f6rmezse, g\u00f6z\u00fc de g\u00f6rm\u00fcyor insan\u0131n. Dolay\u0131s\u0131yla nas\u0131l bir ferahl\u0131k, anlatamam.Hayat\u0131n s\u0131rt\u0131n\u0131za y\u00fckledi\u011fi k\u00fcfeyi bir ucundan tutmak gibi\u2026 Eski kona\u011fa geri d\u00f6nm\u00fc\u015f gibi&#8230; Kumru yuvas\u0131n\u0131n kenar\u0131nda kollar\u0131m\u0131 ba\u011flay\u0131p \u015fehre tepeden bakar gibi&#8230;Ahh eski konak! Sen hi\u00e7 ba\u011flama kollar\u0131n\u0131, hep a\u00e7 ve kucakla beni.Bir kumru kadar yerim olsa da onunki \u00e7al\u0131 \u00e7\u0131rp\u0131dan, benimki eski tahtalardan\u2026 Bah\u00e7edeki tarih\u00ee \u00e7e\u015fme gibi ak\u0131p ge\u00e7se de y\u0131llar, \u00f6mr\u00fcm\u00fc senden uza\u011fa atma!At arabalar\u0131n\u0131n gelip ge\u00e7ti\u011fi, atlar\u0131n nal seslerinin yank\u0131land\u0131\u011f\u0131 Osmanl\u0131 kokan sokak aralar\u0131nda kaybet beni. S\u00f6z, kimse duymaz sesimi. Bir tek Pa\u015fam Sultan bilir yerimi. O da bir tek r\u00fcyalar\u0131ma gelir, bir de dualar\u0131ma\u2026<\/p>\n","protected":false},"excerpt":{"rendered":"<p>Sokak aralar\u0131ndaki so\u011fuk \u00e7e\u015fmeler gibiydi hayat\u0131m. Faytonlar\u0131n \u00f6n\u00fcnde dili d\u0131\u015far\u0131da, d\u00f6rt nala ko\u015fan at\u0131n yelesi gibi r\u00fczg\u00e2ra sald\u0131m t\u00fcm kederimi; savrulsun diye.Kendi kendime \u00f6\u011frendi\u011fim bir \u015fey<span class=\"excerpt-hellip\"> [\u2026]<\/span><\/p>\n","protected":false},"featured_media":0,"template":"","meta":{"_monsterinsights_skip_tracking":false,"_monsterinsights_sitenote_active":false,"_monsterinsights_sitenote_note":"","_monsterinsights_sitenote_category":0},"product_brand":[],"product_cat":[12291,12711],"product_tag":[],"class_list":{"0":"post-729932","1":"product","2":"type-product","3":"status-publish","5":"product_cat-edebiyat","6":"product_cat-roman-oyku","7":"pa_cilt-ciltsiz","8":"pa_tur-kitap","9":"pa_yayinevi-cinaralti-yayinlari","10":"pa_yazar-asalet-salginoglu","12":"first","13":"instock","14":"sale","15":"shipping-taxable","16":"purchasable","17":"product-type-simple"},"_links":{"self":[{"href":"https:\/\/roveyayinevi.com.tr\/index.php\/wp-json\/wp\/v2\/product\/729932","targetHints":{"allow":["GET"]}}],"collection":[{"href":"https:\/\/roveyayinevi.com.tr\/index.php\/wp-json\/wp\/v2\/product"}],"about":[{"href":"https:\/\/roveyayinevi.com.tr\/index.php\/wp-json\/wp\/v2\/types\/product"}],"wp:attachment":[{"href":"https:\/\/roveyayinevi.com.tr\/index.php\/wp-json\/wp\/v2\/media?parent=729932"}],"wp:term":[{"taxonomy":"product_brand","embeddable":true,"href":"https:\/\/roveyayinevi.com.tr\/index.php\/wp-json\/wp\/v2\/product_brand?post=729932"},{"taxonomy":"product_cat","embeddable":true,"href":"https:\/\/roveyayinevi.com.tr\/index.php\/wp-json\/wp\/v2\/product_cat?post=729932"},{"taxonomy":"product_tag","embeddable":true,"href":"https:\/\/roveyayinevi.com.tr\/index.php\/wp-json\/wp\/v2\/product_tag?post=729932"}],"curies":[{"name":"wp","href":"https:\/\/api.w.org\/{rel}","templated":true}]}}