{"id":729931,"date":"2025-08-27T21:05:21","date_gmt":"2025-08-27T18:05:21","guid":{"rendered":"https:\/\/roveyayinevi.com.tr\/index.php\/urun\/kucuk-prens-26\/"},"modified":"2026-04-16T02:37:36","modified_gmt":"2026-04-15T23:37:36","slug":"kucuk-prens-26","status":"publish","type":"product","link":"https:\/\/roveyayinevi.com.tr\/index.php\/urun\/kucuk-prens-26\/","title":{"rendered":"K\u00fc\u00e7\u00fck Prens"},"content":{"rendered":"<p>\u201cElveda\u2026\u201d dedi tilki. \u201cVerece\u011fim s\u0131r \u00e7ok basit: \u0130nsan ancak y\u00fcre\u011fiyle bakt\u0131\u011f\u0131 zaman ger\u00e7ekleri g\u00f6rebilir. Ger\u00e7ekler g\u00f6zle g\u00f6r\u00fclmez.\u201d\u2026\u2026O zaman sen de kendini yarg\u0131lars\u0131n. En g\u00fcc\u00fc de budur zaten. \u00c7\u00fcnk\u00fc kendini yarg\u0131lamak ba\u015fkalar\u0131n\u0131 yarg\u0131lamaktan \u00e7ok daha g\u00fc\u00e7t\u00fcr. E\u011fer kendini yarg\u0131lamay\u0131 ba\u015farabilirsen ger\u00e7ek bir bilgesin demektir.\u2026\u2026.Bu gezegenle ilgili numaras\u0131n\u0131 da s\u00f6yleyecek kadar detay veriyorsam, bunun nedeni say\u0131lara bay\u0131lan b\u00fcy\u00fckler. Onlara yeni bir arkada\u015ftan s\u00f6z a\u00e7san\u0131z, sesi nas\u0131lm\u0131\u015f, hangi oyunlar\u0131 severmi\u015f, kelebek biriktirir miymi\u015f sormazlar \u201cKa\u00e7 ya\u015f\u0131nda?\u201d derler, \u201cKa\u00e7 karde\u015fi var? Ka\u00e7 kilo? Babas\u0131 ka\u00e7 para kazan\u0131yor?\u201d Ancak b\u00f6yle tan\u0131d\u0131klar\u0131n\u0131 san\u0131rlar.<\/p>\n","protected":false},"excerpt":{"rendered":"<p>\u201cElveda\u2026\u201d dedi tilki. \u201cVerece\u011fim s\u0131r \u00e7ok basit: \u0130nsan ancak y\u00fcre\u011fiyle bakt\u0131\u011f\u0131 zaman ger\u00e7ekleri g\u00f6rebilir. Ger\u00e7ekler g\u00f6zle g\u00f6r\u00fclmez.\u201d\u2026\u2026O zaman sen de kendini yarg\u0131lars\u0131n. En g\u00fcc\u00fc de budur<span class=\"excerpt-hellip\"> [\u2026]<\/span><\/p>\n","protected":false},"featured_media":0,"template":"","meta":{"_monsterinsights_skip_tracking":false,"_monsterinsights_sitenote_active":false,"_monsterinsights_sitenote_note":"","_monsterinsights_sitenote_category":0},"product_brand":[],"product_cat":[12291,12711],"product_tag":[],"class_list":{"0":"post-729931","1":"product","2":"type-product","3":"status-publish","5":"product_cat-edebiyat","6":"product_cat-roman-oyku","7":"pa_cilt-ciltsiz","8":"pa_tur-kitap","9":"pa_yayinevi-cinaralti-yayinlari","10":"pa_yazar-antoine-de-saint-expery","12":"first","13":"instock","14":"sale","15":"shipping-taxable","16":"purchasable","17":"product-type-simple"},"_links":{"self":[{"href":"https:\/\/roveyayinevi.com.tr\/index.php\/wp-json\/wp\/v2\/product\/729931","targetHints":{"allow":["GET"]}}],"collection":[{"href":"https:\/\/roveyayinevi.com.tr\/index.php\/wp-json\/wp\/v2\/product"}],"about":[{"href":"https:\/\/roveyayinevi.com.tr\/index.php\/wp-json\/wp\/v2\/types\/product"}],"wp:attachment":[{"href":"https:\/\/roveyayinevi.com.tr\/index.php\/wp-json\/wp\/v2\/media?parent=729931"}],"wp:term":[{"taxonomy":"product_brand","embeddable":true,"href":"https:\/\/roveyayinevi.com.tr\/index.php\/wp-json\/wp\/v2\/product_brand?post=729931"},{"taxonomy":"product_cat","embeddable":true,"href":"https:\/\/roveyayinevi.com.tr\/index.php\/wp-json\/wp\/v2\/product_cat?post=729931"},{"taxonomy":"product_tag","embeddable":true,"href":"https:\/\/roveyayinevi.com.tr\/index.php\/wp-json\/wp\/v2\/product_tag?post=729931"}],"curies":[{"name":"wp","href":"https:\/\/api.w.org\/{rel}","templated":true}]}}