{"id":729930,"date":"2025-08-27T21:05:20","date_gmt":"2025-08-27T18:05:20","guid":{"rendered":"https:\/\/roveyayinevi.com.tr\/index.php\/urun\/kumdan-kaleler\/"},"modified":"2026-04-16T02:37:36","modified_gmt":"2026-04-15T23:37:36","slug":"kumdan-kaleler","status":"publish","type":"product","link":"https:\/\/roveyayinevi.com.tr\/index.php\/urun\/kumdan-kaleler\/","title":{"rendered":"Kumdan Kaleler"},"content":{"rendered":"<p>Dalgalardan korkmayacaks\u0131n fakat dalgalar\u0131n \u00fczerine de gitmeyeceksin. Kaleni dalgalar\u0131n geldi\u011fi yerlerin hemen dibinde yapacaks\u0131n ki dalgalar hem sana zarar vermeyecek hem de bolca \u0131slak kumdan faydalanacaks\u0131n. Bu takti\u011fi uygularsan ba\u015far\u0131l\u0131 olursun.Hayat da b\u00f6yledir. Ba\u015far\u0131l\u0131 olmak i\u00e7in korkular\u0131n\u0131 yeneceksin. Ayn\u0131 zamanda da onlardan uzak durmayacak, korkular\u0131nla i\u00e7 i\u00e7e ya\u015fayacaks\u0131n.<\/p>\n","protected":false},"excerpt":{"rendered":"<p>Dalgalardan korkmayacaks\u0131n fakat dalgalar\u0131n \u00fczerine de gitmeyeceksin. Kaleni dalgalar\u0131n geldi\u011fi yerlerin hemen dibinde yapacaks\u0131n ki dalgalar hem sana zarar vermeyecek hem de bolca \u0131slak kumdan faydalanacaks\u0131n.<span class=\"excerpt-hellip\"> [\u2026]<\/span><\/p>\n","protected":false},"featured_media":0,"template":"","meta":{"_monsterinsights_skip_tracking":false,"_monsterinsights_sitenote_active":false,"_monsterinsights_sitenote_note":"","_monsterinsights_sitenote_category":0},"product_brand":[],"product_cat":[12291,12711],"product_tag":[],"class_list":{"0":"post-729930","1":"product","2":"type-product","3":"status-publish","5":"product_cat-edebiyat","6":"product_cat-roman-oyku","7":"pa_cilt-ciltsiz","8":"pa_tur-kitap","9":"pa_yayinevi-cinaralti-yayinlari","10":"pa_yazar-mesut-akdag","12":"first","13":"instock","14":"sale","15":"shipping-taxable","16":"purchasable","17":"product-type-simple"},"_links":{"self":[{"href":"https:\/\/roveyayinevi.com.tr\/index.php\/wp-json\/wp\/v2\/product\/729930","targetHints":{"allow":["GET"]}}],"collection":[{"href":"https:\/\/roveyayinevi.com.tr\/index.php\/wp-json\/wp\/v2\/product"}],"about":[{"href":"https:\/\/roveyayinevi.com.tr\/index.php\/wp-json\/wp\/v2\/types\/product"}],"wp:attachment":[{"href":"https:\/\/roveyayinevi.com.tr\/index.php\/wp-json\/wp\/v2\/media?parent=729930"}],"wp:term":[{"taxonomy":"product_brand","embeddable":true,"href":"https:\/\/roveyayinevi.com.tr\/index.php\/wp-json\/wp\/v2\/product_brand?post=729930"},{"taxonomy":"product_cat","embeddable":true,"href":"https:\/\/roveyayinevi.com.tr\/index.php\/wp-json\/wp\/v2\/product_cat?post=729930"},{"taxonomy":"product_tag","embeddable":true,"href":"https:\/\/roveyayinevi.com.tr\/index.php\/wp-json\/wp\/v2\/product_tag?post=729930"}],"curies":[{"name":"wp","href":"https:\/\/api.w.org\/{rel}","templated":true}]}}