{"id":729928,"date":"2025-08-27T21:05:18","date_gmt":"2025-08-27T18:05:18","guid":{"rendered":"https:\/\/roveyayinevi.com.tr\/index.php\/urun\/kardelen-mevsimi\/"},"modified":"2026-04-16T02:37:36","modified_gmt":"2026-04-15T23:37:36","slug":"kardelen-mevsimi","status":"publish","type":"product","link":"https:\/\/roveyayinevi.com.tr\/index.php\/urun\/kardelen-mevsimi\/","title":{"rendered":"Kardelen Mevsimi"},"content":{"rendered":"<p>\u201cKardelen \u00e7i\u00e7ekleri da\u011flar\u0131n zirvesinde, kar\u0131n o so\u011fuklar\u0131nda yenilgiyi kabul etmi\u015f\u00e7esine sab\u0131rla bekler. \u00d6yle bir sab\u0131r ki ayaza \u00e7alan kar so\u011fuklar\u0131na direnir. Ta ki erimeye ba\u015flad\u0131\u011f\u0131 bir anda karlar\u0131n aras\u0131ndan usulca a\u00e7ar ve boynunu e\u011fer. D\u00fc\u015f\u00fcnsene, o so\u011fuklara direnerek karlar\u0131 delip \u00e7\u0131kan bir \u00e7i\u00e7ek ars\u0131zca, \u2018\u0130\u015fte ben buraday\u0131m, ba\u015fard\u0131m.\u2019 dercesine dallar\u0131n\u0131 a\u00e7mas\u0131 gerekirken; da\u011f ba\u015flar\u0131nda veya bir kayan\u0131n dibinde yaln\u0131zl\u0131k i\u00e7inde g\u00f6r\u00fcnmeden, fark ettirmeden a\u00e7\u0131verir. \u0130\u015fte sen de bir kardelen gibi yenilginde sabr\u0131, ba\u015far\u0131nda tevazuu ya\u015f\u0131yorsun. Bunu ben hissediyorum ve seni i\u015fte bunun i\u00e7in ikinci bir evlad\u0131m olarak seviyorum kerata.\u201dElinizdeki romanda; Nilay ile Yusuf\u2019un, k\u0131sa \u00f6m\u00fcrlerine s\u0131\u011fd\u0131rd\u0131klar\u0131 ya\u015fanm\u0131\u015f bir sevdalar\u0131n\u0131 ve Yusuf\u2019un kar\u015f\u0131l\u0131k g\u00f6rmeyen sevdas\u0131n\u0131n ard\u0131ndan ya\u015fad\u0131\u011f\u0131 yaln\u0131zl\u0131\u011f\u0131 bulacaks\u0131n\u0131z.Sevdi\u011fine de\u011fil, sevdaya sevdalanan bir gencin; k\u0131\u015f\u0131n sert ayaz\u0131nda kendini koruyan ve a\u00e7mak i\u00e7in en uygun zaman\u0131 kollayan kardelen misali zaman\u0131 geldi\u011finde \u201cKardelen Mevsimi\u201dni ya\u015famas\u0131n\u0131n hik\u00e2yesi bulacaks\u0131n\u0131z.<\/p>\n","protected":false},"excerpt":{"rendered":"<p>\u201cKardelen \u00e7i\u00e7ekleri da\u011flar\u0131n zirvesinde, kar\u0131n o so\u011fuklar\u0131nda yenilgiyi kabul etmi\u015f\u00e7esine sab\u0131rla bekler. \u00d6yle bir sab\u0131r ki ayaza \u00e7alan kar so\u011fuklar\u0131na direnir. Ta ki erimeye ba\u015flad\u0131\u011f\u0131 bir<span class=\"excerpt-hellip\"> [\u2026]<\/span><\/p>\n","protected":false},"featured_media":0,"template":"","meta":{"_monsterinsights_skip_tracking":false,"_monsterinsights_sitenote_active":false,"_monsterinsights_sitenote_note":"","_monsterinsights_sitenote_category":0},"product_brand":[],"product_cat":[12291,12711],"product_tag":[],"class_list":{"0":"post-729928","1":"product","2":"type-product","3":"status-publish","5":"product_cat-edebiyat","6":"product_cat-roman-oyku","7":"pa_cilt-ciltsiz","8":"pa_tur-kitap","9":"pa_yayinevi-cinaralti-yayinlari","10":"pa_yazar-caglar-dalkiran","12":"first","13":"instock","14":"sale","15":"shipping-taxable","16":"purchasable","17":"product-type-simple"},"_links":{"self":[{"href":"https:\/\/roveyayinevi.com.tr\/index.php\/wp-json\/wp\/v2\/product\/729928","targetHints":{"allow":["GET"]}}],"collection":[{"href":"https:\/\/roveyayinevi.com.tr\/index.php\/wp-json\/wp\/v2\/product"}],"about":[{"href":"https:\/\/roveyayinevi.com.tr\/index.php\/wp-json\/wp\/v2\/types\/product"}],"wp:attachment":[{"href":"https:\/\/roveyayinevi.com.tr\/index.php\/wp-json\/wp\/v2\/media?parent=729928"}],"wp:term":[{"taxonomy":"product_brand","embeddable":true,"href":"https:\/\/roveyayinevi.com.tr\/index.php\/wp-json\/wp\/v2\/product_brand?post=729928"},{"taxonomy":"product_cat","embeddable":true,"href":"https:\/\/roveyayinevi.com.tr\/index.php\/wp-json\/wp\/v2\/product_cat?post=729928"},{"taxonomy":"product_tag","embeddable":true,"href":"https:\/\/roveyayinevi.com.tr\/index.php\/wp-json\/wp\/v2\/product_tag?post=729928"}],"curies":[{"name":"wp","href":"https:\/\/api.w.org\/{rel}","templated":true}]}}