{"id":729926,"date":"2025-08-27T21:05:16","date_gmt":"2025-08-27T18:05:16","guid":{"rendered":"https:\/\/roveyayinevi.com.tr\/index.php\/urun\/bence-sevmek-guzel\/"},"modified":"2026-04-13T02:46:43","modified_gmt":"2026-04-12T23:46:43","slug":"bence-sevmek-guzel","status":"publish","type":"product","link":"https:\/\/roveyayinevi.com.tr\/index.php\/urun\/bence-sevmek-guzel\/","title":{"rendered":"Bence Sevmek G\u00fczel"},"content":{"rendered":"<p>Arad\u0131\u011f\u0131m de\u011fil, buldu\u011fum Sen,Esaretim de\u011fil, cesaretim Sen,\u0130stanbul&#8217;dan ziyade, \u0130stanbul&#8217;u \u00f6zledi\u011fim Sen,Sen \u0130stanbul, \u0130stanbul Sen&#8230; B\u00fct\u00fcn cesaretimle korktu\u011fum Sen,Avaz\u0131m\u0131n \u00e7\u0131kt\u0131\u011f\u0131 kadar sustu\u011fum Sen,Giden Sen, d\u00f6nmemi bekleyen Sen,Sen \u0130stanbul, \u0130stanbul Sen&#8230;<\/p>\n","protected":false},"excerpt":{"rendered":"<p>Arad\u0131\u011f\u0131m de\u011fil, buldu\u011fum Sen,Esaretim de\u011fil, cesaretim Sen,\u0130stanbul&#8217;dan ziyade, \u0130stanbul&#8217;u \u00f6zledi\u011fim Sen,Sen \u0130stanbul, \u0130stanbul Sen&#8230; B\u00fct\u00fcn cesaretimle korktu\u011fum Sen,Avaz\u0131m\u0131n \u00e7\u0131kt\u0131\u011f\u0131 kadar sustu\u011fum Sen,Giden Sen, d\u00f6nmemi bekleyen Sen,Sen<span class=\"excerpt-hellip\"> [\u2026]<\/span><\/p>\n","protected":false},"featured_media":0,"template":"","meta":{"_monsterinsights_skip_tracking":false,"_monsterinsights_sitenote_active":false,"_monsterinsights_sitenote_note":"","_monsterinsights_sitenote_category":0},"product_brand":[],"product_cat":[12291,12509],"product_tag":[],"class_list":{"0":"post-729926","1":"product","2":"type-product","3":"status-publish","5":"product_cat-edebiyat","6":"product_cat-siir","7":"pa_cilt-ciltsiz","8":"pa_tur-kitap","9":"pa_yayinevi-cinaralti-yayinlari","10":"pa_yazar-muhammed-fatih-ertas","12":"first","13":"instock","14":"sale","15":"shipping-taxable","16":"purchasable","17":"product-type-simple"},"_links":{"self":[{"href":"https:\/\/roveyayinevi.com.tr\/index.php\/wp-json\/wp\/v2\/product\/729926","targetHints":{"allow":["GET"]}}],"collection":[{"href":"https:\/\/roveyayinevi.com.tr\/index.php\/wp-json\/wp\/v2\/product"}],"about":[{"href":"https:\/\/roveyayinevi.com.tr\/index.php\/wp-json\/wp\/v2\/types\/product"}],"wp:attachment":[{"href":"https:\/\/roveyayinevi.com.tr\/index.php\/wp-json\/wp\/v2\/media?parent=729926"}],"wp:term":[{"taxonomy":"product_brand","embeddable":true,"href":"https:\/\/roveyayinevi.com.tr\/index.php\/wp-json\/wp\/v2\/product_brand?post=729926"},{"taxonomy":"product_cat","embeddable":true,"href":"https:\/\/roveyayinevi.com.tr\/index.php\/wp-json\/wp\/v2\/product_cat?post=729926"},{"taxonomy":"product_tag","embeddable":true,"href":"https:\/\/roveyayinevi.com.tr\/index.php\/wp-json\/wp\/v2\/product_tag?post=729926"}],"curies":[{"name":"wp","href":"https:\/\/api.w.org\/{rel}","templated":true}]}}