{"id":729925,"date":"2025-08-27T21:05:15","date_gmt":"2025-08-27T18:05:15","guid":{"rendered":"https:\/\/roveyayinevi.com.tr\/index.php\/urun\/kavak-agaci\/"},"modified":"2026-04-16T02:37:36","modified_gmt":"2026-04-15T23:37:36","slug":"kavak-agaci","status":"publish","type":"product","link":"https:\/\/roveyayinevi.com.tr\/index.php\/urun\/kavak-agaci\/","title":{"rendered":"Kavak A\u011fac\u0131"},"content":{"rendered":"<p>\u201cS\u0131cak ge\u00e7en yaz g\u00fcnlerinden sonra, hava art\u0131k daha serin; g\u00fcn ge\u00e7tik\u00e7e daha da serin olmaya ba\u015flad\u0131. Kuzey taraf\u0131mdaki yapraklar\u0131m her ge\u00e7en g\u00fcn daha da \u00e7ok sarar\u0131yor. G\u00fcne\u015fi daha \u00e7ok g\u00f6ren g\u00fcney taraf\u0131mdaki yapraklar\u0131m h\u00e2l\u00e2 ye\u015filliklerini koruyor.\u2019\u2019Elinizdeki kitab\u0131 okuduk\u00e7a; ya\u015fam enerjisini, dostlu\u011fu, umudu, \u00f6nyarg\u0131y\u0131, koruma i\u00e7 g\u00fcd\u00fcs\u00fcn\u00fc, k\u0131skan\u00e7l\u0131\u011f\u0131, \u00f6fkeyi ve daha bir\u00e7ok duyguyu bir kavak a\u011fac\u0131 olarak ya\u015fayacaks\u0131n\u0131z.<\/p>\n","protected":false},"excerpt":{"rendered":"<p>\u201cS\u0131cak ge\u00e7en yaz g\u00fcnlerinden sonra, hava art\u0131k daha serin; g\u00fcn ge\u00e7tik\u00e7e daha da serin olmaya ba\u015flad\u0131. Kuzey taraf\u0131mdaki yapraklar\u0131m her ge\u00e7en g\u00fcn daha da \u00e7ok sarar\u0131yor.<span class=\"excerpt-hellip\"> [\u2026]<\/span><\/p>\n","protected":false},"featured_media":0,"template":"","meta":{"_monsterinsights_skip_tracking":false,"_monsterinsights_sitenote_active":false,"_monsterinsights_sitenote_note":"","_monsterinsights_sitenote_category":0},"product_brand":[],"product_cat":[12291,12711],"product_tag":[],"class_list":{"0":"post-729925","1":"product","2":"type-product","3":"status-publish","5":"product_cat-edebiyat","6":"product_cat-roman-oyku","7":"pa_cilt-ciltsiz","8":"pa_tur-kitap","9":"pa_yayinevi-cinaralti-yayinlari","10":"pa_yazar-kemal-avci","12":"first","13":"instock","14":"sale","15":"shipping-taxable","16":"purchasable","17":"product-type-simple"},"_links":{"self":[{"href":"https:\/\/roveyayinevi.com.tr\/index.php\/wp-json\/wp\/v2\/product\/729925","targetHints":{"allow":["GET"]}}],"collection":[{"href":"https:\/\/roveyayinevi.com.tr\/index.php\/wp-json\/wp\/v2\/product"}],"about":[{"href":"https:\/\/roveyayinevi.com.tr\/index.php\/wp-json\/wp\/v2\/types\/product"}],"wp:attachment":[{"href":"https:\/\/roveyayinevi.com.tr\/index.php\/wp-json\/wp\/v2\/media?parent=729925"}],"wp:term":[{"taxonomy":"product_brand","embeddable":true,"href":"https:\/\/roveyayinevi.com.tr\/index.php\/wp-json\/wp\/v2\/product_brand?post=729925"},{"taxonomy":"product_cat","embeddable":true,"href":"https:\/\/roveyayinevi.com.tr\/index.php\/wp-json\/wp\/v2\/product_cat?post=729925"},{"taxonomy":"product_tag","embeddable":true,"href":"https:\/\/roveyayinevi.com.tr\/index.php\/wp-json\/wp\/v2\/product_tag?post=729925"}],"curies":[{"name":"wp","href":"https:\/\/api.w.org\/{rel}","templated":true}]}}