{"id":729924,"date":"2025-08-27T21:05:14","date_gmt":"2025-08-27T18:05:14","guid":{"rendered":"https:\/\/roveyayinevi.com.tr\/index.php\/urun\/astronot-olacagim\/"},"modified":"2026-04-16T02:37:36","modified_gmt":"2026-04-15T23:37:36","slug":"astronot-olacagim","status":"publish","type":"product","link":"https:\/\/roveyayinevi.com.tr\/index.php\/urun\/astronot-olacagim\/","title":{"rendered":"Astronot Olaca\u011f\u0131m"},"content":{"rendered":"<p>ASTRONOT OLMAK \u0130ST\u0130YORSUN BUNUN \u0130\u00c7\u0130N GEREKEN B\u0130LG\u0130 VE BECER\u0130YE SAH\u0130P M\u0130S\u0130N? K\u0131sa ama \u00f6z bilgilerle dolu bu kitap, uzay, astronomi ve Uluslararas\u0131 Uzay \u0130stasyonu hakk\u0131nda merak etti\u011fin her \u015feyi \u00f6\u011frenmeni sa\u011flayacak. Basit g\u00f6revleri yerine getir ve bir roketle Uluslararas\u0131 Uzay \u0130stasyonu\u2019na f\u0131rlat\u0131l\u0131p inan\u0131lmaz bir uzay u\u00e7u\u015fu yaparak pratik deneyim kazan. Bu seri, \u00e7ocuklar\u0131n STEM konular\u0131na ve onlarla ba\u011flant\u0131l\u0131 muhte\u015fem mesleklere ilgi duymalar\u0131n\u0131 sa\u011flamay\u0131 ama\u00e7lamaktad\u0131r. \u00c7ocuklar bu seri ile doktorluktan astronotlu\u011fa bir\u00e7ok meslek i\u00e7in gerekli bilgi ve beceriler hakk\u0131nda fikir sahibi olacaklar. STEM e\u011fitimi, fen (science), teknoloji (technology),  m\u00fchendislik (engineering) ve matematik (mathematics)  gibi d\u00f6rt \u00f6nemli disiplinin bir araya getirilmesiyle olu\u015fturulan bir \u00f6\u011fretim modeli olarak tan\u0131mlanmaktad\u0131r. <\/p>\n","protected":false},"excerpt":{"rendered":"<p>ASTRONOT OLMAK \u0130ST\u0130YORSUN BUNUN \u0130\u00c7\u0130N GEREKEN B\u0130LG\u0130 VE BECER\u0130YE SAH\u0130P M\u0130S\u0130N? K\u0131sa ama \u00f6z bilgilerle dolu bu kitap, uzay, astronomi ve Uluslararas\u0131 Uzay \u0130stasyonu hakk\u0131nda merak<span class=\"excerpt-hellip\"> [\u2026]<\/span><\/p>\n","protected":false},"featured_media":0,"template":"","meta":{"_monsterinsights_skip_tracking":false,"_monsterinsights_sitenote_active":false,"_monsterinsights_sitenote_note":"","_monsterinsights_sitenote_category":0},"product_brand":[],"product_cat":[12275,12274],"product_tag":[],"class_list":{"0":"post-729924","1":"product","2":"type-product","3":"status-publish","5":"product_cat-6-12-yas-kitaplari","6":"product_cat-cocuk-ve-genclik-kitaplari","7":"pa_cilt-ciltsiz","8":"pa_tur-kitap","9":"pa_yayinevi-is-bankasi-kultur-yayinlari","10":"pa_yazar-catherine-ard","12":"first","13":"instock","14":"sale","15":"shipping-taxable","16":"purchasable","17":"product-type-simple"},"_links":{"self":[{"href":"https:\/\/roveyayinevi.com.tr\/index.php\/wp-json\/wp\/v2\/product\/729924","targetHints":{"allow":["GET"]}}],"collection":[{"href":"https:\/\/roveyayinevi.com.tr\/index.php\/wp-json\/wp\/v2\/product"}],"about":[{"href":"https:\/\/roveyayinevi.com.tr\/index.php\/wp-json\/wp\/v2\/types\/product"}],"wp:attachment":[{"href":"https:\/\/roveyayinevi.com.tr\/index.php\/wp-json\/wp\/v2\/media?parent=729924"}],"wp:term":[{"taxonomy":"product_brand","embeddable":true,"href":"https:\/\/roveyayinevi.com.tr\/index.php\/wp-json\/wp\/v2\/product_brand?post=729924"},{"taxonomy":"product_cat","embeddable":true,"href":"https:\/\/roveyayinevi.com.tr\/index.php\/wp-json\/wp\/v2\/product_cat?post=729924"},{"taxonomy":"product_tag","embeddable":true,"href":"https:\/\/roveyayinevi.com.tr\/index.php\/wp-json\/wp\/v2\/product_tag?post=729924"}],"curies":[{"name":"wp","href":"https:\/\/api.w.org\/{rel}","templated":true}]}}